{"id":3096,"date":"2019-04-29T00:15:53","date_gmt":"2019-04-29T03:15:53","guid":{"rendered":"https:\/\/valorhconsultoria.com.br\/?page_id=3096"},"modified":"2019-04-29T00:30:17","modified_gmt":"2019-04-29T03:30:17","slug":"consultoria-de-carreira","status":"publish","type":"page","link":"https:\/\/pt.valorhconsultoria.com\/pt\/consultoria-de-carreira\/","title":{"rendered":"Consultoria de Carreira"},"content":{"rendered":"<p>[vc_row][vc_column width=&#8221;2\/3&#8243;][vc_column_text]<b>Consultoria de Curr\u00edculo<\/b><\/p>\n<p>Com a Consultoria de Curr\u00edculo da ValorH voc\u00ea pode aumentar suas chances de contrata\u00e7\u00e3o, atrav\u00e9s de um curr\u00edculo mais competitivo<\/p>\n<p>Neste servi\u00e7o nossa equipe de Consultores especializados reorganizar\u00e1 seu curr\u00edculo, visando evidenciar suas potencialidades e experi\u00eancias mais significativas.<\/p>\n<p>Para contratar esse servi\u00e7o, solicite um or\u00e7amento por telefone\/e-mail:<\/p>\n<p>Tel. (71) 3359-0778 \/ 3565-1794<\/p>\n<p>e-mail: <a href=\"mailto:atendimento@valorhconsultoria.com.br\">atendimento@valorhconsultoria.com.br<\/a><\/p>\n<p>&nbsp;<\/p>\n<p><b>Simula\u00e7\u00e3o de Entrevista<\/b><\/p>\n<p>A Simula\u00e7\u00e3o de Entrevista \u00e9 um servi\u00e7o para profissionais preocupados com o desempenho nas entrevistas ou interessado em potencializar os resultados em processos seletivos.<\/p>\n<p>Nossos consultores possuem s\u00f3lida viv\u00eancia na condu\u00e7\u00e3o de processos seletivos, e podem apoiar profissionais que desejam melhor o desempenho nas entrevistas.<\/p>\n<p>N\u00e3o perca tempo! Contrate j\u00e1 o servi\u00e7o de Simula\u00e7\u00e3o de Entrevista e aumente suas chances de sucesso em processos seletivos.<\/p>\n<p>Para contratar esse servi\u00e7o, solicite um or\u00e7amento por telefone\/e-mail:<\/p>\n<p>Tel. (71) 3359-0778 \/ 3565-1794<\/p>\n<p>e-mail: <a href=\"mailto:atendimento@valorhconsultoria.com.br\">atendimento@valorhconsultoria.com.br<\/a><\/p>\n<p>&nbsp;<\/p>\n<p><b>Avalia\u00e7\u00e3o Comportamental (DISC)<\/b><\/p>\n<p>A Avalia\u00e7\u00e3o Comportamental (DISC) fornece informa\u00e7\u00f5es que contribuem para a identifica\u00e7\u00e3o de pontos fortes e de melhoria, dentre as compet\u00eancias comportamentais.<\/p>\n<p>A identifica\u00e7\u00e3o das compet\u00eancias comportamentais favorece o desenvolvimento de habilidades para lidar com as adversidades do ambiente corporativo, contribuindo para a alta performance dos profissionais.<\/p>\n<p>Compet\u00eancias t\u00e9cnicas, isoladamente, j\u00e1 n\u00e3o garantem um diferencial. Fa\u00e7a j\u00e1 sua Avalia\u00e7\u00e3o Comportamental e aprenda como tornar seu perfil profissional mais competitivo!<\/p>\n<p>Para contratar esse servi\u00e7o, solicite um or\u00e7amento por telefone\/e-mail:<\/p>\n<p>Tel. (71) 3359-0778 \/ 3565-1794<\/p>\n<p>e-mail: <a href=\"mailto:atendimento@valorhconsultoria.com.br\">atendimento@valorhconsultoria.com.br<\/a><\/p>\n<p>&nbsp;<\/p>\n<p><b>Orienta\u00e7\u00e3o \u00e0 Empregabilidade<\/b><\/p>\n<p>A Orienta\u00e7\u00e3o \u00e0 Empregabilidade \u00e9 um servi\u00e7o atrav\u00e9s do qual nossa equipe de Consultores coloca seus conhecimentos \u00e0 disposi\u00e7\u00e3o do profissional, por meio de orienta\u00e7\u00f5es sobre fatores que contribuir\u00e3o para uma recoloca\u00e7\u00e3o no mercado de trabalho.<\/p>\n<p>Para contratar esse servi\u00e7o, solicite um or\u00e7amento por telefone\/e-mail:<\/p>\n<p>Tel. (71) 3359-0778 \/ 3565-1794<\/p>\n<p>e-mail: <a href=\"mailto:atendimento@valorhconsultoria.com.br\">atendimento@valorhconsultoria.com.br<\/a><\/p>\n<p>&nbsp;<\/p>\n<p><strong>Recoloca\u00e7\u00e3o Profissional<\/strong><\/p>\n<p>A Recoloca\u00e7\u00e3o Profissional \u00e9 um servi\u00e7o que tem como objetivo propor solu\u00e7\u00f5es de carreira para o cliente, avaliando o que o mercado oferece, e buscando alinhar aos objetivos e trajet\u00f3ria de cada profissional.<\/p>\n<p>Nosso servi\u00e7o de Recoloca\u00e7\u00e3o Profissional contempla etapas que abrangem a reorganiza\u00e7\u00e3o de curr\u00edculo, a avalia\u00e7\u00e3o de perfil, o planejamento de carreira e a prospec\u00e7\u00e3o de novas oportunidades de maneira personalizada.<\/p>\n<p>Entre em contato para maiores informa\u00e7\u00f5es.<\/p>\n<p>Tel. (71) 3359.0778 \/ 3565.1794<\/p>\n<p><a href=\"mailto:atendimento@valorhconsultoria.com.br\">atendimento@valorhconsultoria.com.br<\/a>[\/vc_column_text][\/vc_column][vc_column width=&#8221;1\/3&#8243;][stm_sidebar sidebar=&#8221;573&#8243;][\/vc_column][\/vc_row]<\/p>","protected":false},"excerpt":{"rendered":"<p>[vc_row][vc_column width=&#8221;2\/3&#8243;][vc_column_text]Consultoria de Curr\u00edculo Com a Consultoria de Curr\u00edculo da ValorH voc\u00ea pode aumentar suas chances de contrata\u00e7\u00e3o, atrav\u00e9s de um curr\u00edculo mais competitivo Neste servi\u00e7o nossa equipe de Consultores especializados reorganizar\u00e1 seu curr\u00edculo, visando evidenciar suas potencialidades e experi\u00eancias mais significativas. Para contratar esse servi\u00e7o, solicite um or\u00e7amento por telefone\/e-mail: Tel. (71) 3359-0778 \/ [&hellip;]<\/p>","protected":false},"author":3,"featured_media":0,"parent":0,"menu_order":0,"comment_status":"closed","ping_status":"closed","template":"","meta":{"footnotes":""},"class_list":["post-3096","page","type-page","status-publish","hentry"],"acf":[],"yoast_head":"<!-- This site is optimized with the Yoast SEO plugin v27.4 - https:\/\/yoast.com\/product\/yoast-seo-wordpress\/ -->\n<title>ValorH Consultoria e Treinamento | Consultoria de Carreira<\/title>\n<meta name=\"description\" content=\"A ValorH Consultoria e Treinamentos possui capacidade operacional para atender clientes em todo o territ\u00f3rio nacional com um servi\u00e7o de qualidade.\" \/>\n<meta name=\"robots\" content=\"index, follow, max-snippet:-1, max-image-preview:large, max-video-preview:-1\" \/>\n<link rel=\"canonical\" href=\"https:\/\/pt.valorhconsultoria.com\/pt\/consultoria-de-carreira\/\" \/>\n<meta property=\"og:locale\" content=\"pt_PT\" \/>\n<meta property=\"og:type\" content=\"article\" \/>\n<meta property=\"og:title\" content=\"ValorH Consultoria e Treinamento | Consultoria de Carreira\" \/>\n<meta property=\"og:description\" content=\"A ValorH Consultoria e Treinamentos possui capacidade operacional para atender clientes em todo o territ\u00f3rio nacional com um servi\u00e7o de qualidade.\" \/>\n<meta property=\"og:url\" content=\"https:\/\/pt.valorhconsultoria.com\/pt\/consultoria-de-carreira\/\" \/>\n<meta property=\"og:site_name\" content=\"ValorH\" \/>\n<meta property=\"article:publisher\" content=\"https:\/\/www.facebook.com\/valorhconsultoria\/\" \/>\n<meta property=\"article:modified_time\" content=\"2019-04-29T03:30:17+00:00\" \/>\n<meta property=\"og:image\" content=\"https:\/\/pt.valorhconsultoria.com\/wp-content\/uploads\/2018\/09\/blank-img.jpg\" \/>\n\t<meta property=\"og:image:width\" content=\"1280\" \/>\n\t<meta property=\"og:image:height\" content=\"853\" \/>\n\t<meta property=\"og:image:type\" content=\"image\/jpeg\" \/>\n<meta name=\"twitter:card\" content=\"summary_large_image\" \/>\n<meta name=\"twitter:label1\" content=\"Tempo estimado de leitura\" \/>\n\t<meta name=\"twitter:data1\" content=\"2 minutos\" \/>\n<script type=\"application\/ld+json\" class=\"yoast-schema-graph\">{\"@context\":\"https:\\\/\\\/schema.org\",\"@graph\":[{\"@type\":\"WebPage\",\"@id\":\"https:\\\/\\\/pt.valorhconsultoria.com\\\/consultoria-de-carreira\\\/\",\"url\":\"https:\\\/\\\/pt.valorhconsultoria.com\\\/consultoria-de-carreira\\\/\",\"name\":\"ValorH Consultoria e Treinamento | Consultoria de Carreira\",\"isPartOf\":{\"@id\":\"https:\\\/\\\/pt.valorhconsultoria.com\\\/#website\"},\"datePublished\":\"2019-04-29T03:15:53+00:00\",\"dateModified\":\"2019-04-29T03:30:17+00:00\",\"description\":\"A ValorH Consultoria e Treinamentos possui capacidade operacional para atender clientes em todo o territ\u00f3rio nacional com um servi\u00e7o de qualidade.\",\"breadcrumb\":{\"@id\":\"https:\\\/\\\/pt.valorhconsultoria.com\\\/consultoria-de-carreira\\\/#breadcrumb\"},\"inLanguage\":\"pt-PT\",\"potentialAction\":[{\"@type\":\"ReadAction\",\"target\":[\"https:\\\/\\\/pt.valorhconsultoria.com\\\/consultoria-de-carreira\\\/\"]}]},{\"@type\":\"BreadcrumbList\",\"@id\":\"https:\\\/\\\/pt.valorhconsultoria.com\\\/consultoria-de-carreira\\\/#breadcrumb\",\"itemListElement\":[{\"@type\":\"ListItem\",\"position\":1,\"name\":\"In\u00edcio\",\"item\":\"https:\\\/\\\/pt.valorhconsultoria.com\\\/\"},{\"@type\":\"ListItem\",\"position\":2,\"name\":\"Consultoria de Carreira\"}]},{\"@type\":\"WebSite\",\"@id\":\"https:\\\/\\\/pt.valorhconsultoria.com\\\/#website\",\"url\":\"https:\\\/\\\/pt.valorhconsultoria.com\\\/\",\"name\":\"ValorH\",\"description\":\"Consultoria e Treinamento\",\"publisher\":{\"@id\":\"https:\\\/\\\/pt.valorhconsultoria.com\\\/#organization\"},\"potentialAction\":[{\"@type\":\"SearchAction\",\"target\":{\"@type\":\"EntryPoint\",\"urlTemplate\":\"https:\\\/\\\/pt.valorhconsultoria.com\\\/?s={search_term_string}\"},\"query-input\":{\"@type\":\"PropertyValueSpecification\",\"valueRequired\":true,\"valueName\":\"search_term_string\"}}],\"inLanguage\":\"pt-PT\"},{\"@type\":\"Organization\",\"@id\":\"https:\\\/\\\/pt.valorhconsultoria.com\\\/#organization\",\"name\":\"ValorH Consultoria e Treinamento\",\"url\":\"https:\\\/\\\/pt.valorhconsultoria.com\\\/\",\"logo\":{\"@type\":\"ImageObject\",\"inLanguage\":\"pt-PT\",\"@id\":\"https:\\\/\\\/pt.valorhconsultoria.com\\\/#\\\/schema\\\/logo\\\/image\\\/\",\"url\":\"https:\\\/\\\/pt.valorhconsultoria.com\\\/wp-content\\\/uploads\\\/2018\\\/10\\\/favicon.png\",\"contentUrl\":\"https:\\\/\\\/pt.valorhconsultoria.com\\\/wp-content\\\/uploads\\\/2018\\\/10\\\/favicon.png\",\"width\":200,\"height\":199,\"caption\":\"ValorH Consultoria e Treinamento\"},\"image\":{\"@id\":\"https:\\\/\\\/pt.valorhconsultoria.com\\\/#\\\/schema\\\/logo\\\/image\\\/\"},\"sameAs\":[\"https:\\\/\\\/www.facebook.com\\\/valorhconsultoria\\\/\",\"https:\\\/\\\/www.instagram.com\\\/valorhconsultoria\\\/\",\"https:\\\/\\\/br.linkedin.com\\\/in\\\/valorhconsultoria\"]}]}<\/script>\n<!-- \/ Yoast SEO plugin. -->","yoast_head_json":{"title":"ValorH Consultoria e Treinamento | Consultoria de Carreira","description":"A ValorH Consultoria e Treinamentos possui capacidade operacional para atender clientes em todo o territ\u00f3rio nacional com um servi\u00e7o de qualidade.","robots":{"index":"index","follow":"follow","max-snippet":"max-snippet:-1","max-image-preview":"max-image-preview:large","max-video-preview":"max-video-preview:-1"},"canonical":"https:\/\/pt.valorhconsultoria.com\/pt\/consultoria-de-carreira\/","og_locale":"pt_PT","og_type":"article","og_title":"ValorH Consultoria e Treinamento | Consultoria de Carreira","og_description":"A ValorH Consultoria e Treinamentos possui capacidade operacional para atender clientes em todo o territ\u00f3rio nacional com um servi\u00e7o de qualidade.","og_url":"https:\/\/pt.valorhconsultoria.com\/pt\/consultoria-de-carreira\/","og_site_name":"ValorH","article_publisher":"https:\/\/www.facebook.com\/valorhconsultoria\/","article_modified_time":"2019-04-29T03:30:17+00:00","og_image":[{"width":1280,"height":853,"url":"https:\/\/pt.valorhconsultoria.com\/wp-content\/uploads\/2018\/09\/blank-img.jpg","type":"image\/jpeg"}],"twitter_card":"summary_large_image","twitter_misc":{"Tempo estimado de leitura":"2 minutos"},"schema":{"@context":"https:\/\/schema.org","@graph":[{"@type":"WebPage","@id":"https:\/\/pt.valorhconsultoria.com\/consultoria-de-carreira\/","url":"https:\/\/pt.valorhconsultoria.com\/consultoria-de-carreira\/","name":"ValorH Consultoria e Treinamento | Consultoria de Carreira","isPartOf":{"@id":"https:\/\/pt.valorhconsultoria.com\/#website"},"datePublished":"2019-04-29T03:15:53+00:00","dateModified":"2019-04-29T03:30:17+00:00","description":"A ValorH Consultoria e Treinamentos possui capacidade operacional para atender clientes em todo o territ\u00f3rio nacional com um servi\u00e7o de qualidade.","breadcrumb":{"@id":"https:\/\/pt.valorhconsultoria.com\/consultoria-de-carreira\/#breadcrumb"},"inLanguage":"pt-PT","potentialAction":[{"@type":"ReadAction","target":["https:\/\/pt.valorhconsultoria.com\/consultoria-de-carreira\/"]}]},{"@type":"BreadcrumbList","@id":"https:\/\/pt.valorhconsultoria.com\/consultoria-de-carreira\/#breadcrumb","itemListElement":[{"@type":"ListItem","position":1,"name":"In\u00edcio","item":"https:\/\/pt.valorhconsultoria.com\/"},{"@type":"ListItem","position":2,"name":"Consultoria de Carreira"}]},{"@type":"WebSite","@id":"https:\/\/pt.valorhconsultoria.com\/#website","url":"https:\/\/pt.valorhconsultoria.com\/","name":"ValorH","description":"Consultoria e Treinamento","publisher":{"@id":"https:\/\/pt.valorhconsultoria.com\/#organization"},"potentialAction":[{"@type":"SearchAction","target":{"@type":"EntryPoint","urlTemplate":"https:\/\/pt.valorhconsultoria.com\/?s={search_term_string}"},"query-input":{"@type":"PropertyValueSpecification","valueRequired":true,"valueName":"search_term_string"}}],"inLanguage":"pt-PT"},{"@type":"Organization","@id":"https:\/\/pt.valorhconsultoria.com\/#organization","name":"ValorH Consultoria e Treinamento","url":"https:\/\/pt.valorhconsultoria.com\/","logo":{"@type":"ImageObject","inLanguage":"pt-PT","@id":"https:\/\/pt.valorhconsultoria.com\/#\/schema\/logo\/image\/","url":"https:\/\/pt.valorhconsultoria.com\/wp-content\/uploads\/2018\/10\/favicon.png","contentUrl":"https:\/\/pt.valorhconsultoria.com\/wp-content\/uploads\/2018\/10\/favicon.png","width":200,"height":199,"caption":"ValorH Consultoria e Treinamento"},"image":{"@id":"https:\/\/pt.valorhconsultoria.com\/#\/schema\/logo\/image\/"},"sameAs":["https:\/\/www.facebook.com\/valorhconsultoria\/","https:\/\/www.instagram.com\/valorhconsultoria\/","https:\/\/br.linkedin.com\/in\/valorhconsultoria"]}]}},"_links":{"self":[{"href":"https:\/\/pt.valorhconsultoria.com\/pt\/wp-json\/wp\/v2\/pages\/3096","targetHints":{"allow":["GET"]}}],"collection":[{"href":"https:\/\/pt.valorhconsultoria.com\/pt\/wp-json\/wp\/v2\/pages"}],"about":[{"href":"https:\/\/pt.valorhconsultoria.com\/pt\/wp-json\/wp\/v2\/types\/page"}],"author":[{"embeddable":true,"href":"https:\/\/pt.valorhconsultoria.com\/pt\/wp-json\/wp\/v2\/users\/3"}],"replies":[{"embeddable":true,"href":"https:\/\/pt.valorhconsultoria.com\/pt\/wp-json\/wp\/v2\/comments?post=3096"}],"version-history":[{"count":5,"href":"https:\/\/pt.valorhconsultoria.com\/pt\/wp-json\/wp\/v2\/pages\/3096\/revisions"}],"predecessor-version":[{"id":24437,"href":"https:\/\/pt.valorhconsultoria.com\/pt\/wp-json\/wp\/v2\/pages\/3096\/revisions\/24437"}],"wp:attachment":[{"href":"https:\/\/pt.valorhconsultoria.com\/pt\/wp-json\/wp\/v2\/media?parent=3096"}],"curies":[{"name":"wp","href":"https:\/\/api.w.org\/{rel}","templated":true}]}}