{"id":24329,"date":"2024-01-15T18:51:36","date_gmt":"2024-01-15T21:51:36","guid":{"rendered":"https:\/\/valorhconsultoria.com.br\/?page_id=24329"},"modified":"2024-01-15T18:52:16","modified_gmt":"2024-01-15T21:52:16","slug":"projetos","status":"publish","type":"page","link":"https:\/\/pt.valorhconsultoria.com\/pt\/projetos\/","title":{"rendered":"Projetos"},"content":{"rendered":"<h2 class=\"wp-block-heading\">SOBRE<\/h2>\n\n\n\n<p>Atrav\u00e9s de uma equipe multidisciplinar formada por mestres e doutores, a ValorH desenvolve projetos e pesquisas socioecon\u00f4micas e ambientais com o objetivo de apoiar nossos clientes, quer sejam eles p\u00fablicos ou da iniciativa privada, nos desafios impostos por uma sociedade em constante transforma\u00e7\u00e3o. As principais \u00e1reas de atua\u00e7\u00e3o da ValorH s\u00e3o:<\/p>\n\n\n\n<ul class=\"wp-block-list\">\n<li>Diagn\u00f3sticos Socioecon\u00f4micos de Munic\u00edpios;<\/li>\n\n\n\n<li>Projetos de desenvolvimento comunit\u00e1rio;<\/li>\n\n\n\n<li>Planos de Desenvolvimento Tur\u00edstico;<\/li>\n\n\n\n<li>Invent\u00e1rios Tur\u00edsticos;<\/li>\n\n\n\n<li>Estrat\u00e9gias de Adapta\u00e7\u00e3o \u00e0 Mudan\u00e7a do Clima;<\/li>\n\n\n\n<li>Estudos de Capacidade de Carga Tur\u00edstica;<\/li>\n\n\n\n<li>Estudos para cria\u00e7\u00e3o de Unidades de Conserva\u00e7\u00e3o.<\/li>\n<\/ul>\n\n\n\n<hr class=\"wp-block-separator has-alpha-channel-opacity\"\/>\n\n\n\n<h2 class=\"wp-block-heading\">CONSULTORES ASSOCIADOS<\/h2>\n\n\n\n<p>Carolina de Andrade Spinola &#8211; S\u00f3cia da ValorH, Doutora em Geografia, Professora Universit\u00e1ria, Pesquisadora e Consultora, com mais de 20 anos de experi\u00eancia nas \u00e1reas de Turismo, Economia e Administra\u00e7\u00e3o. Coordenadora e Professora Titular do Programa de P\u00f3s-Gradua\u00e7\u00e3o em Desenvolvimento Regional e Urbano da UNIFACS. L\u00edder do Grupo de Pesquisas em Turismo e Meio Ambiente e membro do Grupo de Estudos da Economia Regional e Urbana.<\/p>\n\n\n\n<p>Tem como temas de maior interesse: planejamento tur\u00edstico e competitividade de produtos e destinos, ecoturismo, mudan\u00e7a do clima, desenvolvimento local e empreendedorismo regional.<br>Cl\u00e1udio Luiz Ariani Fontes \u2013 Mestre em Administra\u00e7\u00e3o (PPGA\/UNIFACS), Doutorando em Desenvolvimento Regional e Urbano (PPDRU\/UNIFACS). Possui MBA em Gest\u00e3o Empresarial e em Marketing de Vendas e Varejo pela Universidade Ruy Barbosa UNIRUY. Consultor da ValorH nas \u00e1reas de Marketing e Turismo, desenvolvendo projetos de estrutura\u00e7\u00e3o de equipes de vendas, programas de treinamento comercial, desenvolvimento de equipes, estrutura\u00e7\u00e3o de roteiros e destinos tur\u00edsticos.<\/p>\n\n\n\n<p>esenvolve pesquisa de doutorado sobre o Turismo Regenerativo como um paradigma emergente de viagens, com \u00eanfase nos impactos que este novo enfoque pode ter no meio ambiente e no desenvolvimento das comunidades locais. Especialista no uso das ferramentas da Adobe Creative Suite, como Photoshop, Illustrator e InDesign, assim como no Corel Draw, para o desenvolvimento de identidade visual, marcas, mascotes, design de embalagens e materiais promocionais.<\/p>\n\n\n\n<p>Laumar Neves de Souza \u2013 Doutor em Ci\u00eancias Sociais (UFBA, 2007), bacharel e mestre em Economia (UFBA). Professor titular do Programa de P\u00f3s-Gradua\u00e7\u00e3o em Desenvolvimento Regional e Urbano (PPDRU) da Universidade Salvador (UNIFACS). Integra o Grupo de Estudos em Economia Regional e Urbana (GERUB) e o Grupo de Pesquisa em Turismo (GPTURIS). Tamb\u00e9m j\u00e1 foi membro dos N\u00facleos Docentes Estruturados dos referidos cursos de Gradua\u00e7\u00e3o e fez parte do Comit\u00ea de \u00c9tica em Pesquisa (CEP). \u00c9 editor adjunto da Revista de Desenvolvimento Econ\u00f4mico. Trabalhou, por quase uma d\u00e9cada, na Superintend\u00eancia de Estudos Econ\u00f4micos e Sociais da Bahia (SEI), coordenando, por alguns anos, a \u00e1rea de pesquisas sociais. Tem experi\u00eancia no manejo e an\u00e1lise de indicadores econ\u00f4micos e sociais. J\u00e1 desenvolveu trabalho t\u00e9cnico para o Departamento Intersindical de Estat\u00edstica e Estudos Socioecon\u00f4micos (DIEESE). Suas principais tem\u00e1ticas de interesse dizem respeito as quest\u00f5es relativas ao desenvolvimento regional, notadamente aquelas que guardam intima correla\u00e7\u00e3o com o mundo do trabalho.<\/p>\n\n\n\n<p>Noelio Dantasle Spinola &#8211; P\u00f3s-Doutor em Sociologia da Cultura pela Faculdade de Ci\u00eancias Sociais e Humanas &#8211; FCSH da Universidade Nova de Lisboa (2018) .Doutor em An\u00e1lise Geogr\u00e1fica Regional \u2013 Universidade de Barcelona (2001). P\u00f3s graduado em Marketing pela Universidade de Salvador &#8211; UNIFACS (1995).Bacharel em Economia pela Universidade Federal da Bahia &#8211; UFBa. (1965). Coordena o Grupo de Estudos da Economia Regional e Urbana (GERURB) &#8211; certificado no CNPQ &#8211; trabalhando com as linhas de pesquisa relativas ao desenvolvimento regional e urbano; a economia cultural e desenvolvimento local; e aos servi\u00e7os e desenvolvimento regional, .Tem experi\u00eancia nas \u00e1reas de economia e administra\u00e7\u00e3o, com \u00eanfase em economia regional, atuando principalmente nos seguintes campos: economia regional; desenvolvimento regional, economia baiana, economia cultural ;desenvolvimento industrial e estudos organizacionais.<\/p>","protected":false},"excerpt":{"rendered":"<p>SOBRE Atrav\u00e9s de uma equipe multidisciplinar formada por mestres e doutores, a ValorH desenvolve projetos e pesquisas socioecon\u00f4micas e ambientais com o objetivo de apoiar nossos clientes, quer sejam eles p\u00fablicos ou da iniciativa privada, nos desafios impostos por uma sociedade em constante transforma\u00e7\u00e3o. As principais \u00e1reas de atua\u00e7\u00e3o da ValorH s\u00e3o: CONSULTORES ASSOCIADOS Carolina [&hellip;]<\/p>","protected":false},"author":3,"featured_media":0,"parent":0,"menu_order":0,"comment_status":"closed","ping_status":"closed","template":"","meta":{"footnotes":""},"class_list":["post-24329","page","type-page","status-publish","hentry"],"acf":[],"yoast_head":"<!-- This site is optimized with the Yoast SEO plugin v27.4 - https:\/\/yoast.com\/product\/yoast-seo-wordpress\/ -->\n<title>ValorH Consultoria e Treinamento | Projetos<\/title>\n<meta name=\"description\" content=\"A ValorH Consultoria e Treinamentos possui capacidade operacional para atender clientes em todo o territ\u00f3rio nacional com um servi\u00e7o de qualidade.\" \/>\n<meta name=\"robots\" content=\"index, follow, max-snippet:-1, max-image-preview:large, max-video-preview:-1\" \/>\n<link rel=\"canonical\" href=\"https:\/\/pt.valorhconsultoria.com\/pt\/projetos\/\" \/>\n<meta property=\"og:locale\" content=\"pt_PT\" \/>\n<meta property=\"og:type\" content=\"article\" \/>\n<meta property=\"og:title\" content=\"ValorH Consultoria e Treinamento | Projetos\" \/>\n<meta property=\"og:description\" content=\"A ValorH Consultoria e Treinamentos possui capacidade operacional para atender clientes em todo o territ\u00f3rio nacional com um servi\u00e7o de qualidade.\" \/>\n<meta property=\"og:url\" content=\"https:\/\/pt.valorhconsultoria.com\/pt\/projetos\/\" \/>\n<meta property=\"og:site_name\" content=\"ValorH\" \/>\n<meta property=\"article:publisher\" content=\"https:\/\/www.facebook.com\/valorhconsultoria\/\" \/>\n<meta property=\"article:modified_time\" content=\"2024-01-15T21:52:16+00:00\" \/>\n<meta property=\"og:image\" content=\"https:\/\/pt.valorhconsultoria.com\/wp-content\/uploads\/2018\/09\/blank-img.jpg\" \/>\n\t<meta property=\"og:image:width\" content=\"1280\" \/>\n\t<meta property=\"og:image:height\" content=\"853\" \/>\n\t<meta property=\"og:image:type\" content=\"image\/jpeg\" \/>\n<meta name=\"twitter:card\" content=\"summary_large_image\" \/>\n<meta name=\"twitter:label1\" content=\"Tempo estimado de leitura\" \/>\n\t<meta name=\"twitter:data1\" content=\"4 minutos\" \/>\n<script type=\"application\/ld+json\" class=\"yoast-schema-graph\">{\"@context\":\"https:\\\/\\\/schema.org\",\"@graph\":[{\"@type\":\"WebPage\",\"@id\":\"https:\\\/\\\/pt.valorhconsultoria.com\\\/projetos\\\/\",\"url\":\"https:\\\/\\\/pt.valorhconsultoria.com\\\/projetos\\\/\",\"name\":\"ValorH Consultoria e Treinamento | Projetos\",\"isPartOf\":{\"@id\":\"https:\\\/\\\/pt.valorhconsultoria.com\\\/#website\"},\"datePublished\":\"2024-01-15T21:51:36+00:00\",\"dateModified\":\"2024-01-15T21:52:16+00:00\",\"description\":\"A ValorH Consultoria e Treinamentos possui capacidade operacional para atender clientes em todo o territ\u00f3rio nacional com um servi\u00e7o de qualidade.\",\"breadcrumb\":{\"@id\":\"https:\\\/\\\/pt.valorhconsultoria.com\\\/projetos\\\/#breadcrumb\"},\"inLanguage\":\"pt-PT\",\"potentialAction\":[{\"@type\":\"ReadAction\",\"target\":[\"https:\\\/\\\/pt.valorhconsultoria.com\\\/projetos\\\/\"]}]},{\"@type\":\"BreadcrumbList\",\"@id\":\"https:\\\/\\\/pt.valorhconsultoria.com\\\/projetos\\\/#breadcrumb\",\"itemListElement\":[{\"@type\":\"ListItem\",\"position\":1,\"name\":\"In\u00edcio\",\"item\":\"https:\\\/\\\/pt.valorhconsultoria.com\\\/\"},{\"@type\":\"ListItem\",\"position\":2,\"name\":\"Projetos\"}]},{\"@type\":\"WebSite\",\"@id\":\"https:\\\/\\\/pt.valorhconsultoria.com\\\/#website\",\"url\":\"https:\\\/\\\/pt.valorhconsultoria.com\\\/\",\"name\":\"ValorH\",\"description\":\"Consultoria e Treinamento\",\"publisher\":{\"@id\":\"https:\\\/\\\/pt.valorhconsultoria.com\\\/#organization\"},\"potentialAction\":[{\"@type\":\"SearchAction\",\"target\":{\"@type\":\"EntryPoint\",\"urlTemplate\":\"https:\\\/\\\/pt.valorhconsultoria.com\\\/?s={search_term_string}\"},\"query-input\":{\"@type\":\"PropertyValueSpecification\",\"valueRequired\":true,\"valueName\":\"search_term_string\"}}],\"inLanguage\":\"pt-PT\"},{\"@type\":\"Organization\",\"@id\":\"https:\\\/\\\/pt.valorhconsultoria.com\\\/#organization\",\"name\":\"ValorH Consultoria e Treinamento\",\"url\":\"https:\\\/\\\/pt.valorhconsultoria.com\\\/\",\"logo\":{\"@type\":\"ImageObject\",\"inLanguage\":\"pt-PT\",\"@id\":\"https:\\\/\\\/pt.valorhconsultoria.com\\\/#\\\/schema\\\/logo\\\/image\\\/\",\"url\":\"https:\\\/\\\/pt.valorhconsultoria.com\\\/wp-content\\\/uploads\\\/2018\\\/10\\\/favicon.png\",\"contentUrl\":\"https:\\\/\\\/pt.valorhconsultoria.com\\\/wp-content\\\/uploads\\\/2018\\\/10\\\/favicon.png\",\"width\":200,\"height\":199,\"caption\":\"ValorH Consultoria e Treinamento\"},\"image\":{\"@id\":\"https:\\\/\\\/pt.valorhconsultoria.com\\\/#\\\/schema\\\/logo\\\/image\\\/\"},\"sameAs\":[\"https:\\\/\\\/www.facebook.com\\\/valorhconsultoria\\\/\",\"https:\\\/\\\/www.instagram.com\\\/valorhconsultoria\\\/\",\"https:\\\/\\\/br.linkedin.com\\\/in\\\/valorhconsultoria\"]}]}<\/script>\n<!-- \/ Yoast SEO plugin. -->","yoast_head_json":{"title":"ValorH Consultoria e Treinamento | Projetos","description":"A ValorH Consultoria e Treinamentos possui capacidade operacional para atender clientes em todo o territ\u00f3rio nacional com um servi\u00e7o de qualidade.","robots":{"index":"index","follow":"follow","max-snippet":"max-snippet:-1","max-image-preview":"max-image-preview:large","max-video-preview":"max-video-preview:-1"},"canonical":"https:\/\/pt.valorhconsultoria.com\/pt\/projetos\/","og_locale":"pt_PT","og_type":"article","og_title":"ValorH Consultoria e Treinamento | Projetos","og_description":"A ValorH Consultoria e Treinamentos possui capacidade operacional para atender clientes em todo o territ\u00f3rio nacional com um servi\u00e7o de qualidade.","og_url":"https:\/\/pt.valorhconsultoria.com\/pt\/projetos\/","og_site_name":"ValorH","article_publisher":"https:\/\/www.facebook.com\/valorhconsultoria\/","article_modified_time":"2024-01-15T21:52:16+00:00","og_image":[{"width":1280,"height":853,"url":"https:\/\/pt.valorhconsultoria.com\/wp-content\/uploads\/2018\/09\/blank-img.jpg","type":"image\/jpeg"}],"twitter_card":"summary_large_image","twitter_misc":{"Tempo estimado de leitura":"4 minutos"},"schema":{"@context":"https:\/\/schema.org","@graph":[{"@type":"WebPage","@id":"https:\/\/pt.valorhconsultoria.com\/projetos\/","url":"https:\/\/pt.valorhconsultoria.com\/projetos\/","name":"ValorH Consultoria e Treinamento | Projetos","isPartOf":{"@id":"https:\/\/pt.valorhconsultoria.com\/#website"},"datePublished":"2024-01-15T21:51:36+00:00","dateModified":"2024-01-15T21:52:16+00:00","description":"A ValorH Consultoria e Treinamentos possui capacidade operacional para atender clientes em todo o territ\u00f3rio nacional com um servi\u00e7o de qualidade.","breadcrumb":{"@id":"https:\/\/pt.valorhconsultoria.com\/projetos\/#breadcrumb"},"inLanguage":"pt-PT","potentialAction":[{"@type":"ReadAction","target":["https:\/\/pt.valorhconsultoria.com\/projetos\/"]}]},{"@type":"BreadcrumbList","@id":"https:\/\/pt.valorhconsultoria.com\/projetos\/#breadcrumb","itemListElement":[{"@type":"ListItem","position":1,"name":"In\u00edcio","item":"https:\/\/pt.valorhconsultoria.com\/"},{"@type":"ListItem","position":2,"name":"Projetos"}]},{"@type":"WebSite","@id":"https:\/\/pt.valorhconsultoria.com\/#website","url":"https:\/\/pt.valorhconsultoria.com\/","name":"ValorH","description":"Consultoria e Treinamento","publisher":{"@id":"https:\/\/pt.valorhconsultoria.com\/#organization"},"potentialAction":[{"@type":"SearchAction","target":{"@type":"EntryPoint","urlTemplate":"https:\/\/pt.valorhconsultoria.com\/?s={search_term_string}"},"query-input":{"@type":"PropertyValueSpecification","valueRequired":true,"valueName":"search_term_string"}}],"inLanguage":"pt-PT"},{"@type":"Organization","@id":"https:\/\/pt.valorhconsultoria.com\/#organization","name":"ValorH Consultoria e Treinamento","url":"https:\/\/pt.valorhconsultoria.com\/","logo":{"@type":"ImageObject","inLanguage":"pt-PT","@id":"https:\/\/pt.valorhconsultoria.com\/#\/schema\/logo\/image\/","url":"https:\/\/pt.valorhconsultoria.com\/wp-content\/uploads\/2018\/10\/favicon.png","contentUrl":"https:\/\/pt.valorhconsultoria.com\/wp-content\/uploads\/2018\/10\/favicon.png","width":200,"height":199,"caption":"ValorH Consultoria e Treinamento"},"image":{"@id":"https:\/\/pt.valorhconsultoria.com\/#\/schema\/logo\/image\/"},"sameAs":["https:\/\/www.facebook.com\/valorhconsultoria\/","https:\/\/www.instagram.com\/valorhconsultoria\/","https:\/\/br.linkedin.com\/in\/valorhconsultoria"]}]}},"_links":{"self":[{"href":"https:\/\/pt.valorhconsultoria.com\/pt\/wp-json\/wp\/v2\/pages\/24329","targetHints":{"allow":["GET"]}}],"collection":[{"href":"https:\/\/pt.valorhconsultoria.com\/pt\/wp-json\/wp\/v2\/pages"}],"about":[{"href":"https:\/\/pt.valorhconsultoria.com\/pt\/wp-json\/wp\/v2\/types\/page"}],"author":[{"embeddable":true,"href":"https:\/\/pt.valorhconsultoria.com\/pt\/wp-json\/wp\/v2\/users\/3"}],"replies":[{"embeddable":true,"href":"https:\/\/pt.valorhconsultoria.com\/pt\/wp-json\/wp\/v2\/comments?post=24329"}],"version-history":[{"count":3,"href":"https:\/\/pt.valorhconsultoria.com\/pt\/wp-json\/wp\/v2\/pages\/24329\/revisions"}],"predecessor-version":[{"id":24332,"href":"https:\/\/pt.valorhconsultoria.com\/pt\/wp-json\/wp\/v2\/pages\/24329\/revisions\/24332"}],"wp:attachment":[{"href":"https:\/\/pt.valorhconsultoria.com\/pt\/wp-json\/wp\/v2\/media?parent=24329"}],"curies":[{"name":"wp","href":"https:\/\/api.w.org\/{rel}","templated":true}]}}