{"id":1966,"date":"2018-10-06T22:58:29","date_gmt":"2018-10-07T01:58:29","guid":{"rendered":"http:\/\/valorhconsultoria.com.br\/\/?page_id=1966"},"modified":"2025-01-23T11:17:16","modified_gmt":"2025-01-23T14:17:16","slug":"gestao-de-pessoas","status":"publish","type":"page","link":"https:\/\/pt.valorhconsultoria.com\/pt\/gestao-de-pessoas\/","title":{"rendered":"Gest\u00e3o de Pessoas"},"content":{"rendered":"<h2>Consultoria em RH<\/h2>\n<p style=\"text-align: left;\">Atuamos na \u00e1rea de Consultoria em RH, desenvolvendo diversos servi\u00e7os, dentre eles:<\/p>\n<ul style=\"text-align: left;\">\n<li>Executive Search;<\/li>\n<li>Outplacement;<\/li>\n<li>Plano de Sucess\u00e3o;<\/li>\n<li>Avalia\u00e7\u00e3o de Desempenho;<\/li>\n<li>Pesquisa de Clima;<\/li>\n<li>Sa\u00fade Mental;<\/li>\n<li>Qualidade de Vida;<\/li>\n<li>Team Bulding;<\/li>\n<\/ul>\n<p style=\"text-align: left;\">Consonantes com os princ\u00edpios que norteiam nossa atua\u00e7\u00e3o, os servi\u00e7os de consultoria oferecidos pela ValorH s\u00e3o feitos em um sistema de parceria, que visa a transfer\u00eancia de conhecimentos e pr\u00e1ticas para os clientes, capacitando-os a operar autonomamente os processos, ap\u00f3s o t\u00e9rmino do contrato mantido com a empresa.<\/p>\n<p style=\"text-align: left;\">No servi\u00e7o de Consultoria Empresarial realizamos um diagn\u00f3stico organizacional amplo que identifica as necessidades da empresa e tem sua continuidade na implementa\u00e7\u00e3o das a\u00e7\u00f5es indicadas e na prepara\u00e7\u00e3o de um sistema de acompanhamento, avalia\u00e7\u00e3o e controle. Essas etapas visam o alcance e manuten\u00e7\u00e3o dos indicadores de desempenho estabelecidos entre Consultoria e Cliente, mesmo ap\u00f3s o fim da parceria.<\/p>\n<p style=\"text-align: left;\">A ValorH possui consultores especializados nas \u00e1reas de marketing, finan\u00e7as, opera\u00e7\u00f5es e gest\u00e3o de pessoas e atua nos diversos setores da economia, tendo desenvolvido, ao longo do tempo, expertise nos segmentos de varejo.<\/p>\n<p style=\"text-align: left;\">A ValoRH atua nas \u00e1reas de Programas de Qualidade, Melhoria de Processos e Layout, Comportamento do Consumidor, An\u00e1lise de Viabilidade\u00a0 Econ\u00f4mico-Financeira, Comunica\u00e7\u00e3o Organizacional e Gest\u00e3o de Estoques.<\/p>\n<h2>Treinamentos T\u00e9cnicos e Comportamentais<\/h2>\n<p style=\"text-align: left;\">Possu\u00edmos uma equipe de consultores (especialistas, mestres e doutores) que atuam em diversos\u00a0segmentos.<\/p>\n<p style=\"text-align: left;\">Nossos treinamentos s\u00e3o oferecidos na modalidade \u201cin company\u201d, podendo ser customizados conforme\u00a0demanda do Cliente e em turmas abertas, no centro de treinamento da ValorH.<\/p>\n<p style=\"text-align: left;\">Trabalhamos tamb\u00e9m com Programas de Desenvolvimento de Lideran\u00e7a que s\u00e3o elaborados de acordo\u00a0com o objetivo da empresa.<\/p>\n<ul>\n<li style=\"text-align: left;\">Treinamento de Lideran\u00e7a (Operacional e Estrat\u00e9gico)<\/li>\n<li style=\"text-align: left;\">Qualidade no Atendimento<\/li>\n<li style=\"text-align: left;\">Comunica\u00e7\u00e3o<\/li>\n<li style=\"text-align: left;\">T\u00e9cnicas de Vendas<\/li>\n<li style=\"text-align: left;\">Negocia\u00e7\u00e3o<\/li>\n<li style=\"text-align: left;\">Marketing Pessoal \u2013 Etiqueta no mundo corporativo<\/li>\n<li style=\"text-align: left;\">Empreendedorismo<\/li>\n<li style=\"text-align: left;\">Reda\u00e7\u00e3o Empresarial<\/li>\n<li style=\"text-align: left;\">T\u00e9cnicas de Recrutamento e Sele\u00e7\u00e3o<\/li>\n<li style=\"text-align: left;\">Treinamentos T\u00e9cnicos de Seguran\u00e7a do Trabalho (NR\u2019s)<\/li>\n<li style=\"text-align: left;\">Licita\u00e7\u00f5es e Contratos para micro e pequenas empresas<\/li>\n<li style=\"text-align: left;\">Contabilidade para n\u00e3o contadores<\/li>\n<li style=\"text-align: left;\">Elabora\u00e7\u00e3o de contratos comerciais para n\u00e3o advogados<\/li>\n<li style=\"text-align: left;\">Legisla\u00e7\u00e3o Trabalhista<\/li>\n<li style=\"text-align: left;\">Preposto para Justi\u00e7a do Trabalho<\/li>\n<li style=\"text-align: left;\">Sele\u00e7\u00e3o por Compet\u00eancias<\/li>\n<li style=\"text-align: left;\">Forma\u00e7\u00e3o de Facilitadores de Treinamento<\/li>\n<li style=\"text-align: left;\">Matem\u00e1tica Financeira<\/li>\n<li style=\"text-align: left;\">Gest\u00e3o de Custos<\/li>\n<li style=\"text-align: left;\">HP 12 C<\/li>\n<li style=\"text-align: left;\">Administra\u00e7\u00e3o do tempo<\/li>\n<li style=\"text-align: left;\">Marketing para o Varejo<\/li>\n<\/ul>\n<h2>Auditoria em Departamento Pessoal<\/h2>\n<p style=\"text-align: left;\">Na Melhoria Continua, atrav\u00e9s da auditoria de processos, voc\u00ea consegue identificar pontos de aperfei\u00e7oamento em um segmento. Com o<br \/>\nsetor de Departamento Pessoal n\u00e3o \u00e9 diferente. Mesmo que as empresas\u00a0possuam profissionais com elevada capacidade t\u00e9cnica acompanhando seus processos de DP, sempre existem pontos de melhoria.<\/p>\n<p style=\"text-align: left;\">A auditoria n\u00e3o deve existir apenas quando h\u00e1 suspeita de fraude ou falta de aten\u00e7\u00e3o \u00e0 legisla\u00e7\u00e3o, mas como uma ferramenta de apoio para o<br \/>\naperfei\u00e7oamento de todos os processos internos.<\/p>\n<p style=\"text-align: left;\">Auditar as rotinas do seu DP ajuda a garantir que todas as exig\u00eancias legais sejam atendidas e permite avaliar se o processo atual \u00e9 o mais<br \/>\nadequado para sua empresa.<\/p>\n<h2>Recrutamento e Sele\u00e7\u00e3o<\/h2>\n<p style=\"text-align: left;\">Alinhada \u00e0s tend\u00eancias do mercado e ao perfil de qualifica\u00e7\u00e3o de\u00a0nossa equipe t\u00e9cnica, a ValorH disponibiliza o que h\u00e1 de mais\u00a0moderno na \u00e1rea de Recrutamento &amp; Sele\u00e7\u00e3o visando\u00a0identificar os melhores talentos para os seus clientes.<\/p>\n<p style=\"text-align: left;\">O trabalho \u00e9 desenvolvido nas seguintes etapas:<\/p>\n<ul>\n<li style=\"text-align: left;\">Defini\u00e7\u00e3o do perfil do candidato;<\/li>\n<li style=\"text-align: left;\">An\u00e1lise de curr\u00edculo;<\/li>\n<li style=\"text-align: left;\">Entrevista individual ou em grupo;<\/li>\n<li style=\"text-align: left;\">Entrevista para avalia\u00e7\u00e3o de profici\u00eancia em ingl\u00eas\/espanhol;<\/li>\n<li style=\"text-align: left;\">Din\u00e2mica de grupo (se necess\u00e1rio);<\/li>\n<li style=\"text-align: left;\">Testes de conhecimentos \/ pr\u00e1tica (se necess\u00e1rio);<\/li>\n<li style=\"text-align: left;\">Entrevista t\u00e9cnica com assessoria do consultor respons\u00e1vel;<\/li>\n<li style=\"text-align: left;\">Avalia\u00e7\u00e3o psicol\u00f3gica ou comportamental do candidato finalista;<\/li>\n<li style=\"text-align: left;\">Encaminhamento de laudo\/relat\u00f3rio;<\/li>\n<li style=\"text-align: left;\">Refer\u00eancia profissional (se necess\u00e1rio).<\/li>\n<\/ul>\n<h2>Intermedia\u00e7\u00e3o de Est\u00e1gio<\/h2>\n<p style=\"text-align: left;\">Disponibilizamos nosso know-how para assessorar a sua empresa no processo de Est\u00e1gio, atrav\u00e9s de:<\/p>\n<ul style=\"text-align: left;\">\n<li>Capacita\u00e7\u00e3o<\/li>\n<li>Acompanhamento do Est\u00e1gio<\/li>\n<li>Supervis\u00e3o Administrativa de Est\u00e1gio<\/li>\n<\/ul>\n<p style=\"text-align: left;\">Como na sele\u00e7\u00e3o dos seus profissionais, a sele\u00e7\u00e3o dos\u00a0seus estagi\u00e1rios tamb\u00e9m deve ser um processo\u00a0rigoroso e com garantia de qualidade.<\/p>\n<h2>Estrutura de Carreira e Remunera\u00e7\u00e3o<\/h2>\n<p style=\"text-align: left;\">A ECR (Estrutura de Carreira e Remunera\u00e7\u00e3o) tem como\u00a0objetivo dar suporte a organiza\u00e7\u00e3o no processo de Gest\u00e3o de\u00a0Pessoas; definindo e informando as atribui\u00e7\u00f5es,\u00a0deveres, responsabilidades e remunera\u00e7\u00f5es de\u00a0cada cargo e estabelecendo, de forma clara e objetiva, os\u00a0crit\u00e9rios e formas de avalia\u00e7\u00e3o para movimenta\u00e7\u00f5es\u00a0horizontais e\/ou verticais do capital intelectual da empresa.<\/p>\n<h2>Avalia\u00e7\u00e3o Psicossocial<\/h2>\n<p style=\"text-align: left;\">A Avalia\u00e7\u00e3o Psicossocial tem como prop\u00f3sito identificar aspectos que possam comprometer a seguran\u00e7a dos\u00a0trabalhadores no desempenho de suas atividades profissionais, principalmente na sua atua\u00e7\u00e3o em espa\u00e7o confinado e\u00a0nas atividades que envolvem trabalho em altura, conforme exig\u00eancias contidas nas NR\u2019s 33 e 35 do Minist\u00e9rio do Trabalho\u00a0e Emprego (MTE).<\/p>\n<p style=\"text-align: left;\">Al\u00e9m da exig\u00eancia para as NR\u2019s citadas, o MTE tamb\u00e9m recomenda esta avalia\u00e7\u00e3o para profissionais que atuam em atividades\u00a0relacionadas ao armazenamento, manuseio e transporte de l\u00edquidos, conforme NR 20, bem como para profissionais que atuam\u00a0diretamente na preven\u00e7\u00e3o e combate \u00e0 inc\u00eandio, conforme prev\u00ea a NR 23.<\/p>\n<p style=\"text-align: left;\">Dispondo de uma equipe de psic\u00f3logos habilitados para a realiza\u00e7\u00e3o deste servi\u00e7o a ValorH Consultoria reitera seu compromisso\u00a0com clientes\/parceiros no cumprimento das normas que assegurem a sa\u00fade e a seguran\u00e7a dos colaboradores, bem como na\u00a0promo\u00e7\u00e3o da qualidade de vida dentro das Organiza\u00e7\u00f5es.<\/p>","protected":false},"excerpt":{"rendered":"<p>Consultoria em RH Atuamos na \u00e1rea de Consultoria em RH, desenvolvendo diversos servi\u00e7os, dentre eles: Executive Search; Outplacement; Plano de Sucess\u00e3o; Avalia\u00e7\u00e3o de Desempenho; Pesquisa de Clima; Sa\u00fade Mental; Qualidade de Vida; Team Bulding; Consonantes com os princ\u00edpios que norteiam nossa atua\u00e7\u00e3o, os servi\u00e7os de consultoria oferecidos pela ValorH s\u00e3o feitos em um sistema de [&hellip;]<\/p>","protected":false},"author":3,"featured_media":0,"parent":0,"menu_order":0,"comment_status":"closed","ping_status":"closed","template":"page-gestao-pessoas.php","meta":{"footnotes":""},"class_list":["post-1966","page","type-page","status-publish","hentry"],"acf":[],"yoast_head":"<!-- This site is optimized with the Yoast SEO plugin v25.9 - https:\/\/yoast.com\/wordpress\/plugins\/seo\/ -->\n<title>ValorH Consultoria e Treinamento | Gest\u00e3o de Pessoas<\/title>\n<meta name=\"description\" content=\"BPO: terceiriza\u00e7\u00e3o de servi\u00e7os \u00e9 a melhor solu\u00e7\u00e3o para as empresas que buscam a transforma\u00e7\u00e3o mais r\u00e1pida de seus neg\u00f3cios\" \/>\n<meta name=\"robots\" content=\"index, follow, max-snippet:-1, max-image-preview:large, max-video-preview:-1\" \/>\n<link rel=\"canonical\" href=\"https:\/\/pt.valorhconsultoria.com\/pt\/gestao-de-pessoas\/\" \/>\n<meta property=\"og:locale\" content=\"pt_PT\" \/>\n<meta property=\"og:type\" content=\"article\" \/>\n<meta property=\"og:title\" content=\"ValorH Consultoria e Treinamento | Gest\u00e3o de Pessoas\" \/>\n<meta property=\"og:description\" content=\"BPO: terceiriza\u00e7\u00e3o de servi\u00e7os \u00e9 a melhor solu\u00e7\u00e3o para as empresas que buscam a transforma\u00e7\u00e3o mais r\u00e1pida de seus neg\u00f3cios\" \/>\n<meta property=\"og:url\" content=\"https:\/\/pt.valorhconsultoria.com\/pt\/gestao-de-pessoas\/\" \/>\n<meta property=\"og:site_name\" content=\"ValorH\" \/>\n<meta property=\"article:publisher\" content=\"https:\/\/www.facebook.com\/valorhconsultoria\/\" \/>\n<meta property=\"article:modified_time\" content=\"2025-01-23T14:17:16+00:00\" \/>\n<meta property=\"og:image\" content=\"https:\/\/pt.valorhconsultoria.com\/wp-content\/uploads\/2018\/09\/blank-img.jpg\" \/>\n\t<meta property=\"og:image:width\" content=\"1280\" \/>\n\t<meta property=\"og:image:height\" content=\"853\" \/>\n\t<meta property=\"og:image:type\" content=\"image\/jpeg\" \/>\n<meta name=\"twitter:card\" content=\"summary_large_image\" \/>\n<meta name=\"twitter:label1\" content=\"Tempo estimado de leitura\" \/>\n\t<meta name=\"twitter:data1\" content=\"5 minutos\" \/>\n<script type=\"application\/ld+json\" class=\"yoast-schema-graph\">{\"@context\":\"https:\/\/schema.org\",\"@graph\":[{\"@type\":\"WebPage\",\"@id\":\"https:\/\/pt.valorhconsultoria.com\/gestao-de-pessoas\/\",\"url\":\"https:\/\/pt.valorhconsultoria.com\/gestao-de-pessoas\/\",\"name\":\"ValorH Consultoria e Treinamento | Gest\u00e3o de Pessoas\",\"isPartOf\":{\"@id\":\"https:\/\/pt.valorhconsultoria.com\/#website\"},\"datePublished\":\"2018-10-07T01:58:29+00:00\",\"dateModified\":\"2025-01-23T14:17:16+00:00\",\"description\":\"BPO: terceiriza\u00e7\u00e3o de servi\u00e7os \u00e9 a melhor solu\u00e7\u00e3o para as empresas que buscam a transforma\u00e7\u00e3o mais r\u00e1pida de seus neg\u00f3cios\",\"breadcrumb\":{\"@id\":\"https:\/\/pt.valorhconsultoria.com\/gestao-de-pessoas\/#breadcrumb\"},\"inLanguage\":\"pt-PT\",\"potentialAction\":[{\"@type\":\"ReadAction\",\"target\":[\"https:\/\/pt.valorhconsultoria.com\/gestao-de-pessoas\/\"]}]},{\"@type\":\"BreadcrumbList\",\"@id\":\"https:\/\/pt.valorhconsultoria.com\/gestao-de-pessoas\/#breadcrumb\",\"itemListElement\":[{\"@type\":\"ListItem\",\"position\":1,\"name\":\"In\u00edcio\",\"item\":\"https:\/\/pt.valorhconsultoria.com\/\"},{\"@type\":\"ListItem\",\"position\":2,\"name\":\"Gest\u00e3o de Pessoas\"}]},{\"@type\":\"WebSite\",\"@id\":\"https:\/\/pt.valorhconsultoria.com\/#website\",\"url\":\"https:\/\/pt.valorhconsultoria.com\/\",\"name\":\"ValorH\",\"description\":\"Consultoria e Treinamento\",\"publisher\":{\"@id\":\"https:\/\/pt.valorhconsultoria.com\/#organization\"},\"potentialAction\":[{\"@type\":\"SearchAction\",\"target\":{\"@type\":\"EntryPoint\",\"urlTemplate\":\"https:\/\/pt.valorhconsultoria.com\/?s={search_term_string}\"},\"query-input\":{\"@type\":\"PropertyValueSpecification\",\"valueRequired\":true,\"valueName\":\"search_term_string\"}}],\"inLanguage\":\"pt-PT\"},{\"@type\":\"Organization\",\"@id\":\"https:\/\/pt.valorhconsultoria.com\/#organization\",\"name\":\"ValorH Consultoria e Treinamento\",\"url\":\"https:\/\/pt.valorhconsultoria.com\/\",\"logo\":{\"@type\":\"ImageObject\",\"inLanguage\":\"pt-PT\",\"@id\":\"https:\/\/pt.valorhconsultoria.com\/#\/schema\/logo\/image\/\",\"url\":\"https:\/\/pt.valorhconsultoria.com\/wp-content\/uploads\/2018\/10\/favicon.png\",\"contentUrl\":\"https:\/\/pt.valorhconsultoria.com\/wp-content\/uploads\/2018\/10\/favicon.png\",\"width\":200,\"height\":199,\"caption\":\"ValorH Consultoria e Treinamento\"},\"image\":{\"@id\":\"https:\/\/pt.valorhconsultoria.com\/#\/schema\/logo\/image\/\"},\"sameAs\":[\"https:\/\/www.facebook.com\/valorhconsultoria\/\",\"https:\/\/www.instagram.com\/valorhconsultoria\/\",\"https:\/\/br.linkedin.com\/in\/valorhconsultoria\"]}]}<\/script>\n<!-- \/ Yoast SEO plugin. -->","yoast_head_json":{"title":"ValorH Consultoria e Treinamento | Gest\u00e3o de Pessoas","description":"BPO: terceiriza\u00e7\u00e3o de servi\u00e7os \u00e9 a melhor solu\u00e7\u00e3o para as empresas que buscam a transforma\u00e7\u00e3o mais r\u00e1pida de seus neg\u00f3cios","robots":{"index":"index","follow":"follow","max-snippet":"max-snippet:-1","max-image-preview":"max-image-preview:large","max-video-preview":"max-video-preview:-1"},"canonical":"https:\/\/pt.valorhconsultoria.com\/pt\/gestao-de-pessoas\/","og_locale":"pt_PT","og_type":"article","og_title":"ValorH Consultoria e Treinamento | Gest\u00e3o de Pessoas","og_description":"BPO: terceiriza\u00e7\u00e3o de servi\u00e7os \u00e9 a melhor solu\u00e7\u00e3o para as empresas que buscam a transforma\u00e7\u00e3o mais r\u00e1pida de seus neg\u00f3cios","og_url":"https:\/\/pt.valorhconsultoria.com\/pt\/gestao-de-pessoas\/","og_site_name":"ValorH","article_publisher":"https:\/\/www.facebook.com\/valorhconsultoria\/","article_modified_time":"2025-01-23T14:17:16+00:00","og_image":[{"width":1280,"height":853,"url":"https:\/\/pt.valorhconsultoria.com\/wp-content\/uploads\/2018\/09\/blank-img.jpg","type":"image\/jpeg"}],"twitter_card":"summary_large_image","twitter_misc":{"Tempo estimado de leitura":"5 minutos"},"schema":{"@context":"https:\/\/schema.org","@graph":[{"@type":"WebPage","@id":"https:\/\/pt.valorhconsultoria.com\/gestao-de-pessoas\/","url":"https:\/\/pt.valorhconsultoria.com\/gestao-de-pessoas\/","name":"ValorH Consultoria e Treinamento | Gest\u00e3o de Pessoas","isPartOf":{"@id":"https:\/\/pt.valorhconsultoria.com\/#website"},"datePublished":"2018-10-07T01:58:29+00:00","dateModified":"2025-01-23T14:17:16+00:00","description":"BPO: terceiriza\u00e7\u00e3o de servi\u00e7os \u00e9 a melhor solu\u00e7\u00e3o para as empresas que buscam a transforma\u00e7\u00e3o mais r\u00e1pida de seus neg\u00f3cios","breadcrumb":{"@id":"https:\/\/pt.valorhconsultoria.com\/gestao-de-pessoas\/#breadcrumb"},"inLanguage":"pt-PT","potentialAction":[{"@type":"ReadAction","target":["https:\/\/pt.valorhconsultoria.com\/gestao-de-pessoas\/"]}]},{"@type":"BreadcrumbList","@id":"https:\/\/pt.valorhconsultoria.com\/gestao-de-pessoas\/#breadcrumb","itemListElement":[{"@type":"ListItem","position":1,"name":"In\u00edcio","item":"https:\/\/pt.valorhconsultoria.com\/"},{"@type":"ListItem","position":2,"name":"Gest\u00e3o de Pessoas"}]},{"@type":"WebSite","@id":"https:\/\/pt.valorhconsultoria.com\/#website","url":"https:\/\/pt.valorhconsultoria.com\/","name":"ValorH","description":"Consultoria e Treinamento","publisher":{"@id":"https:\/\/pt.valorhconsultoria.com\/#organization"},"potentialAction":[{"@type":"SearchAction","target":{"@type":"EntryPoint","urlTemplate":"https:\/\/pt.valorhconsultoria.com\/?s={search_term_string}"},"query-input":{"@type":"PropertyValueSpecification","valueRequired":true,"valueName":"search_term_string"}}],"inLanguage":"pt-PT"},{"@type":"Organization","@id":"https:\/\/pt.valorhconsultoria.com\/#organization","name":"ValorH Consultoria e Treinamento","url":"https:\/\/pt.valorhconsultoria.com\/","logo":{"@type":"ImageObject","inLanguage":"pt-PT","@id":"https:\/\/pt.valorhconsultoria.com\/#\/schema\/logo\/image\/","url":"https:\/\/pt.valorhconsultoria.com\/wp-content\/uploads\/2018\/10\/favicon.png","contentUrl":"https:\/\/pt.valorhconsultoria.com\/wp-content\/uploads\/2018\/10\/favicon.png","width":200,"height":199,"caption":"ValorH Consultoria e Treinamento"},"image":{"@id":"https:\/\/pt.valorhconsultoria.com\/#\/schema\/logo\/image\/"},"sameAs":["https:\/\/www.facebook.com\/valorhconsultoria\/","https:\/\/www.instagram.com\/valorhconsultoria\/","https:\/\/br.linkedin.com\/in\/valorhconsultoria"]}]}},"_links":{"self":[{"href":"https:\/\/pt.valorhconsultoria.com\/pt\/wp-json\/wp\/v2\/pages\/1966","targetHints":{"allow":["GET"]}}],"collection":[{"href":"https:\/\/pt.valorhconsultoria.com\/pt\/wp-json\/wp\/v2\/pages"}],"about":[{"href":"https:\/\/pt.valorhconsultoria.com\/pt\/wp-json\/wp\/v2\/types\/page"}],"author":[{"embeddable":true,"href":"https:\/\/pt.valorhconsultoria.com\/pt\/wp-json\/wp\/v2\/users\/3"}],"replies":[{"embeddable":true,"href":"https:\/\/pt.valorhconsultoria.com\/pt\/wp-json\/wp\/v2\/comments?post=1966"}],"version-history":[{"count":4,"href":"https:\/\/pt.valorhconsultoria.com\/pt\/wp-json\/wp\/v2\/pages\/1966\/revisions"}],"predecessor-version":[{"id":24562,"href":"https:\/\/pt.valorhconsultoria.com\/pt\/wp-json\/wp\/v2\/pages\/1966\/revisions\/24562"}],"wp:attachment":[{"href":"https:\/\/pt.valorhconsultoria.com\/pt\/wp-json\/wp\/v2\/media?parent=1966"}],"curies":[{"name":"wp","href":"https:\/\/api.w.org\/{rel}","templated":true}]}}