{"id":1142,"date":"2017-02-08T07:01:55","date_gmt":"2017-02-08T07:01:55","guid":{"rendered":"http:\/\/consulting.stylemixthemes.com\/demo\/?page_id=1142"},"modified":"2020-05-09T13:16:30","modified_gmt":"2020-05-09T16:16:30","slug":"a-empresa","status":"publish","type":"page","link":"https:\/\/pt.valorhconsultoria.com\/pt\/a-empresa\/","title":{"rendered":"ValorH Consultoria e Treinamento"},"content":{"rendered":"<p>[vc_row full_width=&#8221;stretch_row&#8221; css=&#8221;.vc_custom_1485516797007{margin-top: -75px !important;margin-bottom: 55px !important;padding-top: 81px !important;padding-bottom: 78px !important;background-color: #f2f2f2 !important;}&#8221;][vc_column][vc_column_text css=&#8221;.vc_custom_1555864813833{margin-bottom: 25px !important;}&#8221;]A ValorH Consultoria e Treinamento desde 2011, oferece ao mercado um\u00a0 modelo diferenciado de relacionamento com os clientes, que aposta no investimento em parcerias de longo prazo e na constru\u00e7\u00e3o conjunta de solu\u00e7\u00f5es customizadas que atendam \u00e0 realidade particular de cada empresa.[\/vc_column_text][vc_column_text]<\/p>\n<p style=\"font-weight: 400;\">Por entender que n\u00e3o existem solu\u00e7\u00f5es prontas e que o sucesso de qualquer empreendimento depende da combina\u00e7\u00e3o equilibrada\u00a0entre o conhecimento t\u00e9cnico espec\u00edfico e as habilidades gerenciais necess\u00e1rias, oferecemos ao mercado os servi\u00e7os de\u00a0<strong>consultoria empresarial, treinamento e consultoria em gest\u00e3o de pessoas.<\/strong><\/p>\n<p style=\"font-weight: 400;\">A Valorh \u00e9\u00a0 conduzida por uma experiente equipe interdisciplinar, formada por administradores, psic\u00f3logos, advogados e engenheiros, com vasta experi\u00eancia em consultoria e instrutoria, professores de gradua\u00e7\u00e3o e p\u00f3s-gradua\u00e7\u00e3o em renomadas institui\u00e7\u00f5es de ensino superior.<\/p>\n<p><span style=\"display: block; line-height: 22px;\">\u00a0<\/span>[\/vc_column_text][vc_column_text]<\/p>\n<blockquote style=\"background-color: #ffffff;\"><p>A ValorH possui capacidade operacional para atender clientes em todo o territ\u00f3rio nacional atrav\u00e9s de atua\u00e7\u00e3o direta e\/ou de seus parceiros.<\/p>\n<p>Oferecemos solu\u00e7\u00f5es e resultados atrav\u00e9s das pessoas.<\/p><\/blockquote>\n<p>[\/vc_column_text][\/vc_column][\/vc_row][vc_row][vc_column][vc_custom_heading text=&#8221;Valores&#8221; font_container=&#8221;tag:h3|text_align:left&#8221; google_fonts=&#8221;font_family:Montserrat%3Aregular%2C700|font_style:700%20bold%20regular%3A700%3Anormal&#8221; css=&#8221;.vc_custom_1536895944994{margin-bottom: 39px !important;}&#8221;][\/vc_column][\/vc_row][vc_row css=&#8221;.vc_custom_1485526502077{margin-bottom: 30px !important;}&#8221;][vc_column offset=&#8221;vc_col-lg-4 vc_col-md-4&#8243;][stm_icon_box icon=&#8221;fa fa-search&#8221; style=&#8221;icon_left&#8221; icon_size=&#8221;16&#8243; icon_color=&#8221;base&#8221; icon_bg_color=&#8221;third_bg&#8221; icon_width=&#8221;70&#8243; title=&#8221;Transpar\u00eancia&#8221; css=&#8221;.vc_custom_1536894734986{margin-bottom: 28px !important;}&#8221;][\/stm_icon_box][stm_icon_box icon=&#8221;stm-zurich-stamp&#8221; style=&#8221;icon_left&#8221; icon_size=&#8221;22&#8243; icon_color=&#8221;base&#8221; icon_bg_color=&#8221;third_bg&#8221; icon_width=&#8221;70&#8243; title=&#8221;Qualidade&#8221; css=&#8221;.vc_custom_1536895261165{margin-bottom: 28px !important;}&#8221;][\/stm_icon_box][\/vc_column][vc_column offset=&#8221;vc_col-lg-4 vc_col-md-4&#8243;][stm_icon_box icon=&#8221;fa fa-balance-scale&#8221; style=&#8221;icon_left&#8221; icon_size=&#8221;20&#8243; icon_color=&#8221;base&#8221; icon_bg_color=&#8221;third_bg&#8221; icon_width=&#8221;70&#8243; title=&#8221;\u00c9tica&#8221; css=&#8221;.vc_custom_1536894904322{margin-bottom: 28px !important;}&#8221;][\/stm_icon_box][stm_icon_box icon=&#8221;stm-idea&#8221; style=&#8221;icon_left&#8221; icon_size=&#8221;28&#8243; icon_color=&#8221;base&#8221; icon_bg_color=&#8221;third_bg&#8221; icon_width=&#8221;70&#8243; title=&#8221;Inova\u00e7\u00e3o&#8221; css=&#8221;.vc_custom_1536895080568{margin-bottom: 28px !important;}&#8221;][\/stm_icon_box][\/vc_column][vc_column offset=&#8221;vc_col-lg-4 vc_col-md-4&#8243;][stm_icon_box icon=&#8221;stm-ppl_outline&#8221; style=&#8221;icon_left&#8221; icon_size=&#8221;20&#8243; icon_color=&#8221;base&#8221; icon_bg_color=&#8221;third_bg&#8221; icon_width=&#8221;70&#8243; title=&#8221;Trabalho em equipe&#8221; css=&#8221;.vc_custom_1536895288470{margin-bottom: 28px !important;}&#8221;][\/stm_icon_box][stm_icon_box icon=&#8221;stm-human_13&#8243; style=&#8221;icon_left&#8221; icon_size=&#8221;18&#8243; icon_color=&#8221;base&#8221; icon_bg_color=&#8221;third_bg&#8221; icon_width=&#8221;70&#8243; title=&#8221;Motiva\u00e7\u00e3o&#8221;][\/stm_icon_box][\/vc_column][\/vc_row][vc_row full_width=&#8221;stretch_row&#8221; equal_height=&#8221;yes&#8221; css=&#8221;.vc_custom_1485526792127{background-color: #f2f2f2 !important;}&#8221; el_class=&#8221;about-bg-right&#8221;][vc_column][vc_custom_heading text=&#8221;Miss\u00e3o&#8221; font_container=&#8221;tag:h3|text_align:left&#8221; google_fonts=&#8221;font_family:Montserrat%3Aregular%2C700|font_style:700%20bold%20regular%3A700%3Anormal&#8221; css=&#8221;.vc_custom_1536895460093{margin-top: 50px !important;margin-bottom: 25px !important;}&#8221;][vc_column_text css=&#8221;.vc_custom_1536895482306{margin-bottom: 22px !important;}&#8221;]<span style=\"display: block; line-height: 22px;\">Entregar valor aos nossos clientes, atrav\u00e9s da constru\u00e7\u00e3o de uma parceria s\u00f3lida, atuando sobre estrat\u00e9gia, pessoas e processos.<br \/>\n<\/span>[\/vc_column_text][\/vc_column][vc_column][vc_custom_heading text=&#8221;Vis\u00e3o&#8221; font_container=&#8221;tag:h3|text_align:left&#8221; google_fonts=&#8221;font_family:Montserrat%3Aregular%2C700|font_style:700%20bold%20regular%3A700%3Anormal&#8221; css=&#8221;.vc_custom_1537031738611{margin-top: 50px !important;margin-bottom: 25px !important;}&#8221;][vc_column_text]Ser refer\u00eancia na \u00e1rea de consultoria, privilegiando a inova\u00e7\u00e3o e a criatividade, reconhecida pela qualidade de nossos servi\u00e7os e pelo desenvolvimento de nossos clientes e equipe.[\/vc_column_text][\/vc_column][\/vc_row][vc_row full_width=&#8221;stretch_row&#8221; css=&#8221;.vc_custom_1485599202663{padding-top: 44px !important;padding-bottom: 44px !important;background-color: #f2f2f2 !important;}&#8221;][vc_column][stm_image_carousel grayscale=&#8221;yes&#8221; img_size=&#8221;180&#215;96&#8243; items_mobile=&#8221;2&#8243; images=&#8221;115,114,113,112,111,110&#8243; custom_links=&#8221;\/company-overview\/our-partners\/,\/company-overview\/our-partners\/,\/company-overview\/our-partners\/,\/company-overview\/our-partners\/,\/company-overview\/our-partners\/&#8221;][\/vc_column][\/vc_row][vc_row full_width=&#8221;stretch_row&#8221; el_class=&#8221;third_bg_color&#8221; css=&#8221;.vc_custom_1537031692124{margin-bottom: 0px !important;}&#8221;][vc_column][vc_cta h2=&#8221;INTERESSADO EM NOSSOS SERVI\u00c7OS? REALIZE UM OR\u00c7AMENTO CONOSCO&#8221; h2_font_container=&#8221;font_size:20px|color:%23ffffff|line_height:24px&#8221; h2_use_theme_fonts=&#8221;yes&#8221; shape=&#8221;square&#8221; style=&#8221;outline&#8221; add_button=&#8221;right&#8221; btn_title=&#8221;Clique Aqui&#8221; btn_style=&#8221;flat&#8221; btn_color=&#8221;white&#8221; btn_align=&#8221;right&#8221; btn_i_align=&#8221;right&#8221; btn_i_icon_fontawesome=&#8221;fa fa-chevron-right&#8221; use_custom_fonts_h2=&#8221;true&#8221; btn_button_block=&#8221;true&#8221; btn_add_icon=&#8221;true&#8221; el_class=&#8221;third_bg_color&#8221; h2_el_class=&#8221;uppercase&#8221; btn_link=&#8221;url:http%3A%2F%2Fvalorhconsultoria.com.br%2Fnovo%2Forcamento%2F|||&#8221;][\/vc_cta][\/vc_column][\/vc_row]<\/p>","protected":false},"excerpt":{"rendered":"<p>[vc_row full_width=&#8221;stretch_row&#8221; css=&#8221;.vc_custom_1485516797007{margin-top: -75px !important;margin-bottom: 55px !important;padding-top: 81px !important;padding-bottom: 78px !important;background-color: #f2f2f2 !important;}&#8221;][vc_column][vc_column_text css=&#8221;.vc_custom_1555864813833{margin-bottom: 25px !important;}&#8221;]A ValorH Consultoria e Treinamento desde 2011, oferece ao mercado um\u00a0 modelo diferenciado de relacionamento com os clientes, que aposta no investimento em parcerias de longo prazo e na constru\u00e7\u00e3o conjunta de solu\u00e7\u00f5es customizadas que atendam \u00e0 realidade particular de [&hellip;]<\/p>","protected":false},"author":3,"featured_media":0,"parent":0,"menu_order":0,"comment_status":"closed","ping_status":"closed","template":"page-empresa.php","meta":{"footnotes":""},"class_list":["post-1142","page","type-page","status-publish","hentry"],"acf":[],"yoast_head":"<!-- This site is optimized with the Yoast SEO plugin v25.9 - https:\/\/yoast.com\/wordpress\/plugins\/seo\/ -->\n<title>ValorH Consultoria e Treinamento | Sobre ValorH<\/title>\n<meta name=\"description\" content=\"A ValorH possui capacidade operacional para atender clientes em todo o territ\u00f3rio nacional atrav\u00e9s de atua\u00e7\u00e3o direta e\/ou de seus parceiros\" \/>\n<meta name=\"robots\" content=\"index, follow, max-snippet:-1, max-image-preview:large, max-video-preview:-1\" \/>\n<link rel=\"canonical\" href=\"https:\/\/pt.valorhconsultoria.com\/pt\/a-empresa\/\" \/>\n<meta property=\"og:locale\" content=\"pt_PT\" \/>\n<meta property=\"og:type\" content=\"article\" \/>\n<meta property=\"og:title\" content=\"ValorH Consultoria e Treinamento | Sobre ValorH\" \/>\n<meta property=\"og:description\" content=\"A ValorH possui capacidade operacional para atender clientes em todo o territ\u00f3rio nacional atrav\u00e9s de atua\u00e7\u00e3o direta e\/ou de seus parceiros\" \/>\n<meta property=\"og:url\" content=\"https:\/\/pt.valorhconsultoria.com\/pt\/a-empresa\/\" \/>\n<meta property=\"og:site_name\" content=\"ValorH\" \/>\n<meta property=\"article:publisher\" content=\"https:\/\/www.facebook.com\/valorhconsultoria\/\" \/>\n<meta property=\"article:modified_time\" content=\"2020-05-09T16:16:30+00:00\" \/>\n<meta property=\"og:image\" content=\"https:\/\/pt.valorhconsultoria.com\/wp-content\/uploads\/2018\/09\/blank-img.jpg\" \/>\n\t<meta property=\"og:image:width\" content=\"1280\" \/>\n\t<meta property=\"og:image:height\" content=\"853\" \/>\n\t<meta property=\"og:image:type\" content=\"image\/jpeg\" \/>\n<meta name=\"twitter:card\" content=\"summary_large_image\" \/>\n<meta name=\"twitter:label1\" content=\"Tempo estimado de leitura\" \/>\n\t<meta name=\"twitter:data1\" content=\"4 minutos\" \/>\n<script type=\"application\/ld+json\" class=\"yoast-schema-graph\">{\"@context\":\"https:\/\/schema.org\",\"@graph\":[{\"@type\":\"WebPage\",\"@id\":\"https:\/\/pt.valorhconsultoria.com\/pt\/a-empresa\/\",\"url\":\"https:\/\/pt.valorhconsultoria.com\/pt\/a-empresa\/\",\"name\":\"ValorH Consultoria e Treinamento | Sobre ValorH\",\"isPartOf\":{\"@id\":\"https:\/\/pt.valorhconsultoria.com\/#website\"},\"datePublished\":\"2017-02-08T07:01:55+00:00\",\"dateModified\":\"2020-05-09T16:16:30+00:00\",\"description\":\"A ValorH possui capacidade operacional para atender clientes em todo o territ\u00f3rio nacional atrav\u00e9s de atua\u00e7\u00e3o direta e\/ou de seus parceiros\",\"breadcrumb\":{\"@id\":\"https:\/\/pt.valorhconsultoria.com\/pt\/a-empresa\/#breadcrumb\"},\"inLanguage\":\"pt-PT\",\"potentialAction\":[{\"@type\":\"ReadAction\",\"target\":[\"https:\/\/pt.valorhconsultoria.com\/pt\/a-empresa\/\"]}]},{\"@type\":\"BreadcrumbList\",\"@id\":\"https:\/\/pt.valorhconsultoria.com\/pt\/a-empresa\/#breadcrumb\",\"itemListElement\":[{\"@type\":\"ListItem\",\"position\":1,\"name\":\"In\u00edcio\",\"item\":\"https:\/\/pt.valorhconsultoria.com\/\"},{\"@type\":\"ListItem\",\"position\":2,\"name\":\"ValorH Consultoria e Treinamento\"}]},{\"@type\":\"WebSite\",\"@id\":\"https:\/\/pt.valorhconsultoria.com\/#website\",\"url\":\"https:\/\/pt.valorhconsultoria.com\/\",\"name\":\"ValorH\",\"description\":\"Consultoria e Treinamento\",\"publisher\":{\"@id\":\"https:\/\/pt.valorhconsultoria.com\/#organization\"},\"potentialAction\":[{\"@type\":\"SearchAction\",\"target\":{\"@type\":\"EntryPoint\",\"urlTemplate\":\"https:\/\/pt.valorhconsultoria.com\/?s={search_term_string}\"},\"query-input\":{\"@type\":\"PropertyValueSpecification\",\"valueRequired\":true,\"valueName\":\"search_term_string\"}}],\"inLanguage\":\"pt-PT\"},{\"@type\":\"Organization\",\"@id\":\"https:\/\/pt.valorhconsultoria.com\/#organization\",\"name\":\"ValorH Consultoria e Treinamento\",\"url\":\"https:\/\/pt.valorhconsultoria.com\/\",\"logo\":{\"@type\":\"ImageObject\",\"inLanguage\":\"pt-PT\",\"@id\":\"https:\/\/pt.valorhconsultoria.com\/#\/schema\/logo\/image\/\",\"url\":\"https:\/\/pt.valorhconsultoria.com\/wp-content\/uploads\/2018\/10\/favicon.png\",\"contentUrl\":\"https:\/\/pt.valorhconsultoria.com\/wp-content\/uploads\/2018\/10\/favicon.png\",\"width\":200,\"height\":199,\"caption\":\"ValorH Consultoria e Treinamento\"},\"image\":{\"@id\":\"https:\/\/pt.valorhconsultoria.com\/#\/schema\/logo\/image\/\"},\"sameAs\":[\"https:\/\/www.facebook.com\/valorhconsultoria\/\",\"https:\/\/www.instagram.com\/valorhconsultoria\/\",\"https:\/\/br.linkedin.com\/in\/valorhconsultoria\"]}]}<\/script>\n<!-- \/ Yoast SEO plugin. -->","yoast_head_json":{"title":"ValorH Consultoria e Treinamento | Sobre ValorH","description":"A ValorH possui capacidade operacional para atender clientes em todo o territ\u00f3rio nacional atrav\u00e9s de atua\u00e7\u00e3o direta e\/ou de seus parceiros","robots":{"index":"index","follow":"follow","max-snippet":"max-snippet:-1","max-image-preview":"max-image-preview:large","max-video-preview":"max-video-preview:-1"},"canonical":"https:\/\/pt.valorhconsultoria.com\/pt\/a-empresa\/","og_locale":"pt_PT","og_type":"article","og_title":"ValorH Consultoria e Treinamento | Sobre ValorH","og_description":"A ValorH possui capacidade operacional para atender clientes em todo o territ\u00f3rio nacional atrav\u00e9s de atua\u00e7\u00e3o direta e\/ou de seus parceiros","og_url":"https:\/\/pt.valorhconsultoria.com\/pt\/a-empresa\/","og_site_name":"ValorH","article_publisher":"https:\/\/www.facebook.com\/valorhconsultoria\/","article_modified_time":"2020-05-09T16:16:30+00:00","og_image":[{"width":1280,"height":853,"url":"https:\/\/pt.valorhconsultoria.com\/wp-content\/uploads\/2018\/09\/blank-img.jpg","type":"image\/jpeg"}],"twitter_card":"summary_large_image","twitter_misc":{"Tempo estimado de leitura":"4 minutos"},"schema":{"@context":"https:\/\/schema.org","@graph":[{"@type":"WebPage","@id":"https:\/\/pt.valorhconsultoria.com\/pt\/a-empresa\/","url":"https:\/\/pt.valorhconsultoria.com\/pt\/a-empresa\/","name":"ValorH Consultoria e Treinamento | Sobre ValorH","isPartOf":{"@id":"https:\/\/pt.valorhconsultoria.com\/#website"},"datePublished":"2017-02-08T07:01:55+00:00","dateModified":"2020-05-09T16:16:30+00:00","description":"A ValorH possui capacidade operacional para atender clientes em todo o territ\u00f3rio nacional atrav\u00e9s de atua\u00e7\u00e3o direta e\/ou de seus parceiros","breadcrumb":{"@id":"https:\/\/pt.valorhconsultoria.com\/pt\/a-empresa\/#breadcrumb"},"inLanguage":"pt-PT","potentialAction":[{"@type":"ReadAction","target":["https:\/\/pt.valorhconsultoria.com\/pt\/a-empresa\/"]}]},{"@type":"BreadcrumbList","@id":"https:\/\/pt.valorhconsultoria.com\/pt\/a-empresa\/#breadcrumb","itemListElement":[{"@type":"ListItem","position":1,"name":"In\u00edcio","item":"https:\/\/pt.valorhconsultoria.com\/"},{"@type":"ListItem","position":2,"name":"ValorH Consultoria e Treinamento"}]},{"@type":"WebSite","@id":"https:\/\/pt.valorhconsultoria.com\/#website","url":"https:\/\/pt.valorhconsultoria.com\/","name":"ValorH","description":"Consultoria e Treinamento","publisher":{"@id":"https:\/\/pt.valorhconsultoria.com\/#organization"},"potentialAction":[{"@type":"SearchAction","target":{"@type":"EntryPoint","urlTemplate":"https:\/\/pt.valorhconsultoria.com\/?s={search_term_string}"},"query-input":{"@type":"PropertyValueSpecification","valueRequired":true,"valueName":"search_term_string"}}],"inLanguage":"pt-PT"},{"@type":"Organization","@id":"https:\/\/pt.valorhconsultoria.com\/#organization","name":"ValorH Consultoria e Treinamento","url":"https:\/\/pt.valorhconsultoria.com\/","logo":{"@type":"ImageObject","inLanguage":"pt-PT","@id":"https:\/\/pt.valorhconsultoria.com\/#\/schema\/logo\/image\/","url":"https:\/\/pt.valorhconsultoria.com\/wp-content\/uploads\/2018\/10\/favicon.png","contentUrl":"https:\/\/pt.valorhconsultoria.com\/wp-content\/uploads\/2018\/10\/favicon.png","width":200,"height":199,"caption":"ValorH Consultoria e Treinamento"},"image":{"@id":"https:\/\/pt.valorhconsultoria.com\/#\/schema\/logo\/image\/"},"sameAs":["https:\/\/www.facebook.com\/valorhconsultoria\/","https:\/\/www.instagram.com\/valorhconsultoria\/","https:\/\/br.linkedin.com\/in\/valorhconsultoria"]}]}},"_links":{"self":[{"href":"https:\/\/pt.valorhconsultoria.com\/pt\/wp-json\/wp\/v2\/pages\/1142","targetHints":{"allow":["GET"]}}],"collection":[{"href":"https:\/\/pt.valorhconsultoria.com\/pt\/wp-json\/wp\/v2\/pages"}],"about":[{"href":"https:\/\/pt.valorhconsultoria.com\/pt\/wp-json\/wp\/v2\/types\/page"}],"author":[{"embeddable":true,"href":"https:\/\/pt.valorhconsultoria.com\/pt\/wp-json\/wp\/v2\/users\/3"}],"replies":[{"embeddable":true,"href":"https:\/\/pt.valorhconsultoria.com\/pt\/wp-json\/wp\/v2\/comments?post=1142"}],"version-history":[{"count":2,"href":"https:\/\/pt.valorhconsultoria.com\/pt\/wp-json\/wp\/v2\/pages\/1142\/revisions"}],"predecessor-version":[{"id":23148,"href":"https:\/\/pt.valorhconsultoria.com\/pt\/wp-json\/wp\/v2\/pages\/1142\/revisions\/23148"}],"wp:attachment":[{"href":"https:\/\/pt.valorhconsultoria.com\/pt\/wp-json\/wp\/v2\/media?parent=1142"}],"curies":[{"name":"wp","href":"https:\/\/api.w.org\/{rel}","templated":true}]}}