{"id":3096,"date":"2019-04-29T00:15:53","date_gmt":"2019-04-29T03:15:53","guid":{"rendered":"https:\/\/valorhconsultoria.com.br\/?page_id=3096"},"modified":"2019-04-29T00:30:17","modified_gmt":"2019-04-29T03:30:17","slug":"consultoria-de-carreira","status":"publish","type":"page","link":"https:\/\/pt.valorhconsultoria.com\/es\/consultoria-de-carreira\/","title":{"rendered":"Consultor\u00eda de carrera"},"content":{"rendered":"<p>[vc_row][vc_column width=&#8221;2\/3&#8243;][vc_column_text]<b>Consultor\u00eda de curr\u00edculum<\/b><\/p>\n<p>Con la Consultor\u00eda de Curr\u00edculum de ValorH, usted puede aumentar sus posibilidades de ser contratado a trav\u00e9s de un curr\u00edculum m\u00e1s competitivo.<\/p>\n<p>En este servicio, nuestro equipo de consultores especializados reorganizar\u00e1 tu curr\u00edculum, buscando resaltar tu potencial y experiencias m\u00e1s significativas.<\/p>\n<p>Para contratar este servicio solicite presupuesto por tel\u00e9fono\/email:<\/p>\n<p>Tel\u00e9fono (71) 3359-0778 \/ 3565-1794<\/p>\n<p>correo electr\u00f3nico: <a href=\"mailto:atendimento@valorhconsultoria.com.br\">atendimento@valorhconsultoria.com.br<\/a><\/p>\n<p>&nbsp;<\/p>\n<p><b>Simulaci\u00f3n de entrevista<\/b><\/p>\n<p>Simulaci\u00f3n de Entrevistas es un servicio para profesionales preocupados por su desempe\u00f1o en entrevistas o interesados en mejorar sus resultados en procesos de selecci\u00f3n.<\/p>\n<p>Nuestros consultores cuentan con una s\u00f3lida experiencia en la conducci\u00f3n de procesos de selecci\u00f3n y pueden apoyar a los profesionales que quieran mejorar su desempe\u00f1o en las entrevistas.<\/p>\n<p>\u00a1No pierdas tiempo! Contrata ahora nuestro servicio de simulacros de entrevista y aumenta tus posibilidades de \u00e9xito en los procesos de selecci\u00f3n.<\/p>\n<p>Para contratar este servicio solicite presupuesto por tel\u00e9fono\/email:<\/p>\n<p>Tel\u00e9fono (71) 3359-0778 \/ 3565-1794<\/p>\n<p>correo electr\u00f3nico: <a href=\"mailto:atendimento@valorhconsultoria.com.br\">atendimento@valorhconsultoria.com.br<\/a><\/p>\n<p>&nbsp;<\/p>\n<p><b>Evaluaci\u00f3n del comportamiento (DISC)<\/b><\/p>\n<p>La Evaluaci\u00f3n Conductual (DISC) proporciona informaci\u00f3n que contribuye a la identificaci\u00f3n de fortalezas y \u00e1reas de mejora entre las habilidades conductuales.<\/p>\n<p>La identificaci\u00f3n de habilidades comportamentales favorece el desarrollo de habilidades para enfrentar las adversidades del entorno empresarial, contribuyendo al alto desempe\u00f1o de los profesionales.<\/p>\n<p>Las habilidades t\u00e9cnicas, por s\u00ed solas, ya no garantizan un diferencial. \u00a1Realiza ahora tu Evaluaci\u00f3n de Comportamiento y aprende c\u00f3mo hacer tu perfil profesional m\u00e1s competitivo!<\/p>\n<p>Para contratar este servicio solicite presupuesto por tel\u00e9fono\/email:<\/p>\n<p>Tel\u00e9fono (71) 3359-0778 \/ 3565-1794<\/p>\n<p>correo electr\u00f3nico: <a href=\"mailto:atendimento@valorhconsultoria.com.br\">atendimento@valorhconsultoria.com.br<\/a><\/p>\n<p>&nbsp;<\/p>\n<p><b>Orientaci\u00f3n sobre empleabilidad<\/b><\/p>\n<p>La Orientaci\u00f3n para la Empleabilidad es un servicio a trav\u00e9s del cual nuestro equipo de Consultores pone a disposici\u00f3n de los profesionales su conocimiento, a trav\u00e9s de orientaci\u00f3n sobre los factores que contribuir\u00e1n a su reincorporaci\u00f3n al mercado laboral.<\/p>\n<p>Para contratar este servicio solicite presupuesto por tel\u00e9fono\/email:<\/p>\n<p>Tel\u00e9fono (71) 3359-0778 \/ 3565-1794<\/p>\n<p>correo electr\u00f3nico: <a href=\"mailto:atendimento@valorhconsultoria.com.br\">atendimento@valorhconsultoria.com.br<\/a><\/p>\n<p>&nbsp;<\/p>\n<p><strong>Reubicaci\u00f3n Profesional<\/strong><\/p>\n<p>Reubicaci\u00f3n Profesional es un servicio que tiene como objetivo proponer soluciones de carrera para el cliente, evaluando lo que ofrece el mercado y buscando alinearse con los objetivos y trayectoria de cada profesional.<\/p>\n<p>Nuestro servicio de Reubicaci\u00f3n Profesional incluye pasos que abarcan la reorganizaci\u00f3n del curr\u00edculum, evaluaci\u00f3n del perfil, planificaci\u00f3n de carrera y prospecci\u00f3n de nuevas oportunidades de forma personalizada.<\/p>\n<p>Cont\u00e1ctanos para m\u00e1s informaci\u00f3n.<\/p>\n<p>Tel\u00e9fono (71) 3359.0778 \/ 3565.1794<\/p>\n<p><a href=\"mailto:atendimento@valorhconsultoria.com.br\">atendimento@valorhconsultoria.com.br<\/a>[\/vc_column_text][\/vc_column][vc_column width=&#8221;1\/3&#8243;][stm_sidebar sidebar=&#8221;573&#8243;][\/vc_column][\/vc_row]<\/p>","protected":false},"excerpt":{"rendered":"<p>[vc_row][vc_column width=&#8221;2\/3&#8243;][vc_column_text]Consultoria de Curr\u00edculo Com a Consultoria de Curr\u00edculo da ValorH voc\u00ea pode aumentar suas chances de contrata\u00e7\u00e3o, atrav\u00e9s de um curr\u00edculo mais competitivo Neste servi\u00e7o nossa equipe de Consultores especializados reorganizar\u00e1 seu curr\u00edculo, visando evidenciar suas potencialidades e experi\u00eancias mais significativas. Para contratar esse servi\u00e7o, solicite um or\u00e7amento por telefone\/e-mail: Tel. (71) 3359-0778 \/ [&hellip;]<\/p>","protected":false},"author":3,"featured_media":0,"parent":0,"menu_order":0,"comment_status":"closed","ping_status":"closed","template":"","meta":{"footnotes":""},"class_list":["post-3096","page","type-page","status-publish","hentry"],"acf":[],"yoast_head":"<!-- This site is optimized with the Yoast SEO plugin v27.4 - https:\/\/yoast.com\/product\/yoast-seo-wordpress\/ -->\n<title>ValorH Consultoria e Treinamento | Consultoria de Carreira<\/title>\n<meta name=\"description\" content=\"A ValorH Consultoria e Treinamentos possui capacidade operacional para atender clientes em todo o territ\u00f3rio nacional com um servi\u00e7o de qualidade.\" \/>\n<meta name=\"robots\" content=\"index, follow, max-snippet:-1, max-image-preview:large, max-video-preview:-1\" \/>\n<link rel=\"canonical\" href=\"https:\/\/pt.valorhconsultoria.com\/es\/consultoria-de-carreira\/\" \/>\n<meta property=\"og:locale\" content=\"es_ES\" \/>\n<meta property=\"og:type\" content=\"article\" \/>\n<meta property=\"og:title\" content=\"ValorH Consultoria e Treinamento | Consultoria de Carreira\" \/>\n<meta property=\"og:description\" content=\"A ValorH Consultoria e Treinamentos possui capacidade operacional para atender clientes em todo o territ\u00f3rio nacional com um servi\u00e7o de qualidade.\" \/>\n<meta property=\"og:url\" content=\"https:\/\/pt.valorhconsultoria.com\/es\/consultoria-de-carreira\/\" \/>\n<meta property=\"og:site_name\" content=\"ValorH\" \/>\n<meta property=\"article:publisher\" content=\"https:\/\/www.facebook.com\/valorhconsultoria\/\" \/>\n<meta property=\"article:modified_time\" content=\"2019-04-29T03:30:17+00:00\" \/>\n<meta property=\"og:image\" content=\"https:\/\/pt.valorhconsultoria.com\/wp-content\/uploads\/2018\/09\/blank-img.jpg\" \/>\n\t<meta property=\"og:image:width\" content=\"1280\" \/>\n\t<meta property=\"og:image:height\" content=\"853\" \/>\n\t<meta property=\"og:image:type\" content=\"image\/jpeg\" \/>\n<meta name=\"twitter:card\" content=\"summary_large_image\" \/>\n<meta name=\"twitter:label1\" content=\"Tiempo de lectura\" \/>\n\t<meta name=\"twitter:data1\" content=\"2 minutos\" \/>\n<script type=\"application\/ld+json\" class=\"yoast-schema-graph\">{\"@context\":\"https:\\\/\\\/schema.org\",\"@graph\":[{\"@type\":\"WebPage\",\"@id\":\"https:\\\/\\\/pt.valorhconsultoria.com\\\/consultoria-de-carreira\\\/\",\"url\":\"https:\\\/\\\/pt.valorhconsultoria.com\\\/consultoria-de-carreira\\\/\",\"name\":\"ValorH Consultoria e Treinamento | Consultoria de Carreira\",\"isPartOf\":{\"@id\":\"https:\\\/\\\/pt.valorhconsultoria.com\\\/#website\"},\"datePublished\":\"2019-04-29T03:15:53+00:00\",\"dateModified\":\"2019-04-29T03:30:17+00:00\",\"description\":\"A ValorH Consultoria e Treinamentos possui capacidade operacional para atender clientes em todo o territ\u00f3rio nacional com um servi\u00e7o de qualidade.\",\"breadcrumb\":{\"@id\":\"https:\\\/\\\/pt.valorhconsultoria.com\\\/consultoria-de-carreira\\\/#breadcrumb\"},\"inLanguage\":\"es\",\"potentialAction\":[{\"@type\":\"ReadAction\",\"target\":[\"https:\\\/\\\/pt.valorhconsultoria.com\\\/consultoria-de-carreira\\\/\"]}]},{\"@type\":\"BreadcrumbList\",\"@id\":\"https:\\\/\\\/pt.valorhconsultoria.com\\\/consultoria-de-carreira\\\/#breadcrumb\",\"itemListElement\":[{\"@type\":\"ListItem\",\"position\":1,\"name\":\"In\u00edcio\",\"item\":\"https:\\\/\\\/pt.valorhconsultoria.com\\\/\"},{\"@type\":\"ListItem\",\"position\":2,\"name\":\"Consultoria de Carreira\"}]},{\"@type\":\"WebSite\",\"@id\":\"https:\\\/\\\/pt.valorhconsultoria.com\\\/#website\",\"url\":\"https:\\\/\\\/pt.valorhconsultoria.com\\\/\",\"name\":\"ValorH\",\"description\":\"Consultoria e Treinamento\",\"publisher\":{\"@id\":\"https:\\\/\\\/pt.valorhconsultoria.com\\\/#organization\"},\"potentialAction\":[{\"@type\":\"SearchAction\",\"target\":{\"@type\":\"EntryPoint\",\"urlTemplate\":\"https:\\\/\\\/pt.valorhconsultoria.com\\\/?s={search_term_string}\"},\"query-input\":{\"@type\":\"PropertyValueSpecification\",\"valueRequired\":true,\"valueName\":\"search_term_string\"}}],\"inLanguage\":\"es\"},{\"@type\":\"Organization\",\"@id\":\"https:\\\/\\\/pt.valorhconsultoria.com\\\/#organization\",\"name\":\"ValorH Consultoria e Treinamento\",\"url\":\"https:\\\/\\\/pt.valorhconsultoria.com\\\/\",\"logo\":{\"@type\":\"ImageObject\",\"inLanguage\":\"es\",\"@id\":\"https:\\\/\\\/pt.valorhconsultoria.com\\\/#\\\/schema\\\/logo\\\/image\\\/\",\"url\":\"https:\\\/\\\/pt.valorhconsultoria.com\\\/wp-content\\\/uploads\\\/2018\\\/10\\\/favicon.png\",\"contentUrl\":\"https:\\\/\\\/pt.valorhconsultoria.com\\\/wp-content\\\/uploads\\\/2018\\\/10\\\/favicon.png\",\"width\":200,\"height\":199,\"caption\":\"ValorH Consultoria e Treinamento\"},\"image\":{\"@id\":\"https:\\\/\\\/pt.valorhconsultoria.com\\\/#\\\/schema\\\/logo\\\/image\\\/\"},\"sameAs\":[\"https:\\\/\\\/www.facebook.com\\\/valorhconsultoria\\\/\",\"https:\\\/\\\/www.instagram.com\\\/valorhconsultoria\\\/\",\"https:\\\/\\\/br.linkedin.com\\\/in\\\/valorhconsultoria\"]}]}<\/script>\n<!-- \/ Yoast SEO plugin. -->","yoast_head_json":{"title":"ValorH Consultoria e Treinamento | Consultoria de Carreira","description":"ValorH Consultoria e Treinamentos tiene la capacidad operativa para atender a clientes en todo el pa\u00eds con un servicio de calidad.","robots":{"index":"index","follow":"follow","max-snippet":"max-snippet:-1","max-image-preview":"max-image-preview:large","max-video-preview":"max-video-preview:-1"},"canonical":"https:\/\/pt.valorhconsultoria.com\/es\/consultoria-de-carreira\/","og_locale":"es_ES","og_type":"article","og_title":"ValorH Consultoria e Treinamento | Consultoria de Carreira","og_description":"A ValorH Consultoria e Treinamentos possui capacidade operacional para atender clientes em todo o territ\u00f3rio nacional com um servi\u00e7o de qualidade.","og_url":"https:\/\/pt.valorhconsultoria.com\/es\/consultoria-de-carreira\/","og_site_name":"ValorH","article_publisher":"https:\/\/www.facebook.com\/valorhconsultoria\/","article_modified_time":"2019-04-29T03:30:17+00:00","og_image":[{"width":1280,"height":853,"url":"https:\/\/pt.valorhconsultoria.com\/wp-content\/uploads\/2018\/09\/blank-img.jpg","type":"image\/jpeg"}],"twitter_card":"summary_large_image","twitter_misc":{"Tiempo de lectura":"2 minutos"},"schema":{"@context":"https:\/\/schema.org","@graph":[{"@type":"WebPage","@id":"https:\/\/pt.valorhconsultoria.com\/consultoria-de-carreira\/","url":"https:\/\/pt.valorhconsultoria.com\/consultoria-de-carreira\/","name":"ValorH Consultoria e Treinamento | Consultoria de Carreira","isPartOf":{"@id":"https:\/\/pt.valorhconsultoria.com\/#website"},"datePublished":"2019-04-29T03:15:53+00:00","dateModified":"2019-04-29T03:30:17+00:00","description":"ValorH Consultoria e Treinamentos tiene la capacidad operativa para atender a clientes en todo el pa\u00eds con un servicio de calidad.","breadcrumb":{"@id":"https:\/\/pt.valorhconsultoria.com\/consultoria-de-carreira\/#breadcrumb"},"inLanguage":"es","potentialAction":[{"@type":"ReadAction","target":["https:\/\/pt.valorhconsultoria.com\/consultoria-de-carreira\/"]}]},{"@type":"BreadcrumbList","@id":"https:\/\/pt.valorhconsultoria.com\/consultoria-de-carreira\/#breadcrumb","itemListElement":[{"@type":"ListItem","position":1,"name":"In\u00edcio","item":"https:\/\/pt.valorhconsultoria.com\/"},{"@type":"ListItem","position":2,"name":"Consultoria de Carreira"}]},{"@type":"WebSite","@id":"https:\/\/pt.valorhconsultoria.com\/#website","url":"https:\/\/pt.valorhconsultoria.com\/","name":"ValorH","description":"Consultor\u00eda y Capacitaci\u00f3n","publisher":{"@id":"https:\/\/pt.valorhconsultoria.com\/#organization"},"potentialAction":[{"@type":"SearchAction","target":{"@type":"EntryPoint","urlTemplate":"https:\/\/pt.valorhconsultoria.com\/?s={search_term_string}"},"query-input":{"@type":"PropertyValueSpecification","valueRequired":true,"valueName":"search_term_string"}}],"inLanguage":"es"},{"@type":"Organization","@id":"https:\/\/pt.valorhconsultoria.com\/#organization","name":"ValorH Consultor\u00eda y Formaci\u00f3n","url":"https:\/\/pt.valorhconsultoria.com\/","logo":{"@type":"ImageObject","inLanguage":"es","@id":"https:\/\/pt.valorhconsultoria.com\/#\/schema\/logo\/image\/","url":"https:\/\/pt.valorhconsultoria.com\/wp-content\/uploads\/2018\/10\/favicon.png","contentUrl":"https:\/\/pt.valorhconsultoria.com\/wp-content\/uploads\/2018\/10\/favicon.png","width":200,"height":199,"caption":"ValorH Consultoria e Treinamento"},"image":{"@id":"https:\/\/pt.valorhconsultoria.com\/#\/schema\/logo\/image\/"},"sameAs":["https:\/\/www.facebook.com\/valorhconsultoria\/","https:\/\/www.instagram.com\/valorhconsultoria\/","https:\/\/br.linkedin.com\/in\/valorhconsultoria"]}]}},"_links":{"self":[{"href":"https:\/\/pt.valorhconsultoria.com\/es\/wp-json\/wp\/v2\/pages\/3096","targetHints":{"allow":["GET"]}}],"collection":[{"href":"https:\/\/pt.valorhconsultoria.com\/es\/wp-json\/wp\/v2\/pages"}],"about":[{"href":"https:\/\/pt.valorhconsultoria.com\/es\/wp-json\/wp\/v2\/types\/page"}],"author":[{"embeddable":true,"href":"https:\/\/pt.valorhconsultoria.com\/es\/wp-json\/wp\/v2\/users\/3"}],"replies":[{"embeddable":true,"href":"https:\/\/pt.valorhconsultoria.com\/es\/wp-json\/wp\/v2\/comments?post=3096"}],"version-history":[{"count":5,"href":"https:\/\/pt.valorhconsultoria.com\/es\/wp-json\/wp\/v2\/pages\/3096\/revisions"}],"predecessor-version":[{"id":24437,"href":"https:\/\/pt.valorhconsultoria.com\/es\/wp-json\/wp\/v2\/pages\/3096\/revisions\/24437"}],"wp:attachment":[{"href":"https:\/\/pt.valorhconsultoria.com\/es\/wp-json\/wp\/v2\/media?parent=3096"}],"curies":[{"name":"gracias","href":"https:\/\/api.w.org\/{rel}","templated":true}]}}