{"id":2610,"date":"2018-11-20T13:52:43","date_gmt":"2018-11-20T15:52:43","guid":{"rendered":"http:\/\/valorhconsultoria.com.br\/\/?page_id=2610"},"modified":"2025-01-23T11:22:13","modified_gmt":"2025-01-23T14:22:13","slug":"gestao-de-negocios","status":"publish","type":"page","link":"https:\/\/pt.valorhconsultoria.com\/es\/gestao-de-negocios\/","title":{"rendered":"Gesti\u00f3n Empresarial"},"content":{"rendered":"<h2>Consultor\u00eda Empresarial<\/h2>\n<p>Consonantes com os princ\u00edpios que norteiam nossa atua\u00e7\u00e3o, os servi\u00e7os de consultoria oferecidos pela ValorH\u00a0 s\u00e3o feitos em um sistema de parceria, que visa a transfer\u00eancia de conhecimentos e pr\u00e1ticas para os clientes, capacitando-os a operar autonomamente os processos, ap\u00f3s o t\u00e9rmino do contrato mantido com a empresa.<\/p>\n<p>No servi\u00e7o de Consultoria Empresarial realizamos um diagn\u00f3stico organizacional amplo que\u00a0identifica as necessidades da empresa e tem sua continuidade na implementa\u00e7\u00e3o das a\u00e7\u00f5es indicadas e na prepara\u00e7\u00e3o de um sistema de acompanhamento, avalia\u00e7\u00e3o e controle. Essas etapas visam o alcance e manuten\u00e7\u00e3o dos indicadores de desempenho estabelecidos entre Consultoria e Cliente, mesmo ap\u00f3s o fim da parceria.<\/p>\n<p>A ValorH possui consultores especializados nas \u00e1reas de marketing, finan\u00e7as, opera\u00e7\u00f5es e gest\u00e3o de pessoas e atua nos diversos setores da economia, tendo desenvolvido, ao longo do tempo, expertise \u00a0nos segmentos de varejo.<\/p>\n<p>A ValorH atua nas \u00e1reas de Programas de Qualidade, Melhoria de Processos e Layout, Comportamento do Consumidor, An\u00e1lise de Viabilidade Econ\u00f4mico-Financeira, Comunica\u00e7\u00e3o Organizacional e Gest\u00e3o de Estoques.<\/p>\n<h2>Consultor\u00eda financiera<\/h2>\n<p><b>A CONSULTORIA FINANCEIRA TEM COMO OBJETIVO<\/b><\/p>\n<ul>\n<li>Melhorar a estrutura e gest\u00e3o financeira do neg\u00f3cio, para melhorar a tomada de decis\u00e3o;<\/li>\n<li>Desenvolver na empresa a cultura de uma Gest\u00e3o Financeira eficiente e eficaz, simplificada para melhoria do neg\u00f3cio;<\/li>\n<li>Diagnosticar, condensar os dados, analisar e definir as informa\u00e7\u00f5es geradas com indicadores de cunho econ\u00f4mico\u2013financeiro.<\/li>\n<\/ul>\n<p><b>ALGUNS SERVI\u00c7OS QUE DISPONIBILIZAMOS PARA NOSSOS CLIENTES<\/b><\/p>\n<ul>\n<li>Elabora\u00e7\u00e3o de projeto de viabilidade econ\u00f4mica-financeira para capta\u00e7\u00e3o de recursos em linhas de financiamento do BNDES, junto a Bancos de Fomento, para implanta\u00e7\u00e3o e amplia\u00e7\u00e3o de empresas;<\/li>\n<li>Avalia\u00e7\u00e3o e estrutura\u00e7\u00e3o de gest\u00e3o de custos empresariais;<\/li>\n<li>An\u00e1lise financeira empresarial com estudo de viabilidade financeira;<\/li>\n<li>Diagn\u00f3stico financeiro;<\/li>\n<li>Estudo do capital de giro;<\/li>\n<li>Estudo de liquidez e solv\u00eancia empresarial;<\/li>\n<li>Estrutura\u00e7\u00e3o e melhoria dos controles financeiros;<\/li>\n<li>An\u00e1lise de Fluxo de Caixa e demais informa\u00e7\u00f5es financeiras;<\/li>\n<li>Forma\u00e7\u00e3o de pre\u00e7o dos produtos e servi\u00e7os;<\/li>\n<li>Planificaci\u00f3n financiera;<\/li>\n<li>An\u00e1lise e planejamento para pagamento de d\u00edvidas;<\/li>\n<li>Entre outros servi\u00e7os mais espec\u00edficos que podem variar de empresa para empresa.<\/li>\n<\/ul>","protected":false},"excerpt":{"rendered":"<p>Consultoria Empresarial Consonantes com os princ\u00edpios que norteiam nossa atua\u00e7\u00e3o, os servi\u00e7os de consultoria oferecidos pela ValorH\u00a0 s\u00e3o feitos em um sistema de parceria, que visa a transfer\u00eancia de conhecimentos e pr\u00e1ticas para os clientes, capacitando-os a operar autonomamente os processos, ap\u00f3s o t\u00e9rmino do contrato mantido com a empresa. No servi\u00e7o de Consultoria Empresarial [&hellip;]<\/p>","protected":false},"author":3,"featured_media":0,"parent":0,"menu_order":0,"comment_status":"closed","ping_status":"closed","template":"page-gestao-negocios.php","meta":{"footnotes":""},"class_list":["post-2610","page","type-page","status-publish","hentry"],"acf":[],"yoast_head":"<!-- This site is optimized with the Yoast SEO plugin v25.9 - https:\/\/yoast.com\/wordpress\/plugins\/seo\/ -->\n<title>ValorH Consultoria e Treinamento | Gest\u00e3o de Neg\u00f3cios<\/title>\n<meta name=\"description\" content=\"A ValorH Consultoria e Treinamentos \u00e9 uma empresa especializada em gest\u00e3o de de pessoas e processos, oferecendo solu\u00e7\u00f5es inovadoras em Salvador\" \/>\n<meta name=\"robots\" content=\"index, follow, max-snippet:-1, max-image-preview:large, max-video-preview:-1\" \/>\n<link rel=\"canonical\" href=\"https:\/\/pt.valorhconsultoria.com\/es\/gestao-de-negocios\/\" \/>\n<meta property=\"og:locale\" content=\"es_ES\" \/>\n<meta property=\"og:type\" content=\"article\" \/>\n<meta property=\"og:title\" content=\"ValorH Consultoria e Treinamento | Gest\u00e3o de Neg\u00f3cios\" \/>\n<meta property=\"og:description\" content=\"A ValorH Consultoria e Treinamentos \u00e9 uma empresa especializada em gest\u00e3o de de pessoas e processos, oferecendo solu\u00e7\u00f5es inovadoras em Salvador\" \/>\n<meta property=\"og:url\" content=\"https:\/\/pt.valorhconsultoria.com\/es\/gestao-de-negocios\/\" \/>\n<meta property=\"og:site_name\" content=\"ValorH\" \/>\n<meta property=\"article:publisher\" content=\"https:\/\/www.facebook.com\/valorhconsultoria\/\" \/>\n<meta property=\"article:modified_time\" content=\"2025-01-23T14:22:13+00:00\" \/>\n<meta property=\"og:image\" content=\"https:\/\/pt.valorhconsultoria.com\/wp-content\/uploads\/2018\/09\/blank-img.jpg\" \/>\n\t<meta property=\"og:image:width\" content=\"1280\" \/>\n\t<meta property=\"og:image:height\" content=\"853\" \/>\n\t<meta property=\"og:image:type\" content=\"image\/jpeg\" \/>\n<meta name=\"twitter:card\" content=\"summary_large_image\" \/>\n<meta name=\"twitter:label1\" content=\"Tiempo de lectura\" \/>\n\t<meta name=\"twitter:data1\" content=\"2 minutos\" \/>\n<script type=\"application\/ld+json\" class=\"yoast-schema-graph\">{\"@context\":\"https:\/\/schema.org\",\"@graph\":[{\"@type\":\"WebPage\",\"@id\":\"https:\/\/pt.valorhconsultoria.com\/gestao-de-negocios\/\",\"url\":\"https:\/\/pt.valorhconsultoria.com\/gestao-de-negocios\/\",\"name\":\"ValorH Consultoria e Treinamento | Gest\u00e3o de Neg\u00f3cios\",\"isPartOf\":{\"@id\":\"https:\/\/pt.valorhconsultoria.com\/#website\"},\"datePublished\":\"2018-11-20T15:52:43+00:00\",\"dateModified\":\"2025-01-23T14:22:13+00:00\",\"description\":\"A ValorH Consultoria e Treinamentos \u00e9 uma empresa especializada em gest\u00e3o de de pessoas e processos, oferecendo solu\u00e7\u00f5es inovadoras em Salvador\",\"breadcrumb\":{\"@id\":\"https:\/\/pt.valorhconsultoria.com\/gestao-de-negocios\/#breadcrumb\"},\"inLanguage\":\"es\",\"potentialAction\":[{\"@type\":\"ReadAction\",\"target\":[\"https:\/\/pt.valorhconsultoria.com\/gestao-de-negocios\/\"]}]},{\"@type\":\"BreadcrumbList\",\"@id\":\"https:\/\/pt.valorhconsultoria.com\/gestao-de-negocios\/#breadcrumb\",\"itemListElement\":[{\"@type\":\"ListItem\",\"position\":1,\"name\":\"In\u00edcio\",\"item\":\"https:\/\/pt.valorhconsultoria.com\/\"},{\"@type\":\"ListItem\",\"position\":2,\"name\":\"Gest\u00e3o de Neg\u00f3cios\"}]},{\"@type\":\"WebSite\",\"@id\":\"https:\/\/pt.valorhconsultoria.com\/#website\",\"url\":\"https:\/\/pt.valorhconsultoria.com\/\",\"name\":\"ValorH\",\"description\":\"Consultoria e Treinamento\",\"publisher\":{\"@id\":\"https:\/\/pt.valorhconsultoria.com\/#organization\"},\"potentialAction\":[{\"@type\":\"SearchAction\",\"target\":{\"@type\":\"EntryPoint\",\"urlTemplate\":\"https:\/\/pt.valorhconsultoria.com\/?s={search_term_string}\"},\"query-input\":{\"@type\":\"PropertyValueSpecification\",\"valueRequired\":true,\"valueName\":\"search_term_string\"}}],\"inLanguage\":\"es\"},{\"@type\":\"Organization\",\"@id\":\"https:\/\/pt.valorhconsultoria.com\/#organization\",\"name\":\"ValorH Consultoria e Treinamento\",\"url\":\"https:\/\/pt.valorhconsultoria.com\/\",\"logo\":{\"@type\":\"ImageObject\",\"inLanguage\":\"es\",\"@id\":\"https:\/\/pt.valorhconsultoria.com\/#\/schema\/logo\/image\/\",\"url\":\"https:\/\/pt.valorhconsultoria.com\/wp-content\/uploads\/2018\/10\/favicon.png\",\"contentUrl\":\"https:\/\/pt.valorhconsultoria.com\/wp-content\/uploads\/2018\/10\/favicon.png\",\"width\":200,\"height\":199,\"caption\":\"ValorH Consultoria e Treinamento\"},\"image\":{\"@id\":\"https:\/\/pt.valorhconsultoria.com\/#\/schema\/logo\/image\/\"},\"sameAs\":[\"https:\/\/www.facebook.com\/valorhconsultoria\/\",\"https:\/\/www.instagram.com\/valorhconsultoria\/\",\"https:\/\/br.linkedin.com\/in\/valorhconsultoria\"]}]}<\/script>\n<!-- \/ Yoast SEO plugin. -->","yoast_head_json":{"title":"ValorH Consultoria e Treinamento | Gest\u00e3o de Neg\u00f3cios","description":"A ValorH Consultoria e Treinamentos \u00e9 uma empresa especializada em gest\u00e3o de de pessoas e processos, oferecendo solu\u00e7\u00f5es inovadoras em Salvador","robots":{"index":"index","follow":"follow","max-snippet":"max-snippet:-1","max-image-preview":"max-image-preview:large","max-video-preview":"max-video-preview:-1"},"canonical":"https:\/\/pt.valorhconsultoria.com\/es\/gestao-de-negocios\/","og_locale":"es_ES","og_type":"article","og_title":"ValorH Consultoria e Treinamento | Gest\u00e3o de Neg\u00f3cios","og_description":"A ValorH Consultoria e Treinamentos \u00e9 uma empresa especializada em gest\u00e3o de de pessoas e processos, oferecendo solu\u00e7\u00f5es inovadoras em Salvador","og_url":"https:\/\/pt.valorhconsultoria.com\/es\/gestao-de-negocios\/","og_site_name":"ValorH","article_publisher":"https:\/\/www.facebook.com\/valorhconsultoria\/","article_modified_time":"2025-01-23T14:22:13+00:00","og_image":[{"width":1280,"height":853,"url":"https:\/\/pt.valorhconsultoria.com\/wp-content\/uploads\/2018\/09\/blank-img.jpg","type":"image\/jpeg"}],"twitter_card":"summary_large_image","twitter_misc":{"Tiempo de lectura":"2 minutos"},"schema":{"@context":"https:\/\/schema.org","@graph":[{"@type":"WebPage","@id":"https:\/\/pt.valorhconsultoria.com\/gestao-de-negocios\/","url":"https:\/\/pt.valorhconsultoria.com\/gestao-de-negocios\/","name":"ValorH Consultoria e Treinamento | Gest\u00e3o de Neg\u00f3cios","isPartOf":{"@id":"https:\/\/pt.valorhconsultoria.com\/#website"},"datePublished":"2018-11-20T15:52:43+00:00","dateModified":"2025-01-23T14:22:13+00:00","description":"A ValorH Consultoria e Treinamentos \u00e9 uma empresa especializada em gest\u00e3o de de pessoas e processos, oferecendo solu\u00e7\u00f5es inovadoras em Salvador","breadcrumb":{"@id":"https:\/\/pt.valorhconsultoria.com\/gestao-de-negocios\/#breadcrumb"},"inLanguage":"es","potentialAction":[{"@type":"ReadAction","target":["https:\/\/pt.valorhconsultoria.com\/gestao-de-negocios\/"]}]},{"@type":"BreadcrumbList","@id":"https:\/\/pt.valorhconsultoria.com\/gestao-de-negocios\/#breadcrumb","itemListElement":[{"@type":"ListItem","position":1,"name":"In\u00edcio","item":"https:\/\/pt.valorhconsultoria.com\/"},{"@type":"ListItem","position":2,"name":"Gest\u00e3o de Neg\u00f3cios"}]},{"@type":"WebSite","@id":"https:\/\/pt.valorhconsultoria.com\/#website","url":"https:\/\/pt.valorhconsultoria.com\/","name":"ValorH","description":"Consultor\u00eda y Capacitaci\u00f3n","publisher":{"@id":"https:\/\/pt.valorhconsultoria.com\/#organization"},"potentialAction":[{"@type":"SearchAction","target":{"@type":"EntryPoint","urlTemplate":"https:\/\/pt.valorhconsultoria.com\/?s={search_term_string}"},"query-input":{"@type":"PropertyValueSpecification","valueRequired":true,"valueName":"search_term_string"}}],"inLanguage":"es"},{"@type":"Organization","@id":"https:\/\/pt.valorhconsultoria.com\/#organization","name":"ValorH Consultor\u00eda y Formaci\u00f3n","url":"https:\/\/pt.valorhconsultoria.com\/","logo":{"@type":"ImageObject","inLanguage":"es","@id":"https:\/\/pt.valorhconsultoria.com\/#\/schema\/logo\/image\/","url":"https:\/\/pt.valorhconsultoria.com\/wp-content\/uploads\/2018\/10\/favicon.png","contentUrl":"https:\/\/pt.valorhconsultoria.com\/wp-content\/uploads\/2018\/10\/favicon.png","width":200,"height":199,"caption":"ValorH Consultoria e Treinamento"},"image":{"@id":"https:\/\/pt.valorhconsultoria.com\/#\/schema\/logo\/image\/"},"sameAs":["https:\/\/www.facebook.com\/valorhconsultoria\/","https:\/\/www.instagram.com\/valorhconsultoria\/","https:\/\/br.linkedin.com\/in\/valorhconsultoria"]}]}},"_links":{"self":[{"href":"https:\/\/pt.valorhconsultoria.com\/es\/wp-json\/wp\/v2\/pages\/2610","targetHints":{"allow":["GET"]}}],"collection":[{"href":"https:\/\/pt.valorhconsultoria.com\/es\/wp-json\/wp\/v2\/pages"}],"about":[{"href":"https:\/\/pt.valorhconsultoria.com\/es\/wp-json\/wp\/v2\/types\/page"}],"author":[{"embeddable":true,"href":"https:\/\/pt.valorhconsultoria.com\/es\/wp-json\/wp\/v2\/users\/3"}],"replies":[{"embeddable":true,"href":"https:\/\/pt.valorhconsultoria.com\/es\/wp-json\/wp\/v2\/comments?post=2610"}],"version-history":[{"count":1,"href":"https:\/\/pt.valorhconsultoria.com\/es\/wp-json\/wp\/v2\/pages\/2610\/revisions"}],"predecessor-version":[{"id":23129,"href":"https:\/\/pt.valorhconsultoria.com\/es\/wp-json\/wp\/v2\/pages\/2610\/revisions\/23129"}],"wp:attachment":[{"href":"https:\/\/pt.valorhconsultoria.com\/es\/wp-json\/wp\/v2\/media?parent=2610"}],"curies":[{"name":"gracias","href":"https:\/\/api.w.org\/{rel}","templated":true}]}}