{"id":24565,"date":"2025-03-10T21:17:51","date_gmt":"2025-03-11T00:17:51","guid":{"rendered":"https:\/\/pt.valorhconsultoria.com\/?page_id=24565"},"modified":"2025-03-10T21:17:54","modified_gmt":"2025-03-11T00:17:54","slug":"politica-de-privacidade","status":"publish","type":"page","link":"https:\/\/pt.valorhconsultoria.com\/es\/politica-de-privacidade\/","title":{"rendered":"pol\u00edtica de privacidad"},"content":{"rendered":"<p><strong>Quienes somos<\/strong><\/p>\n\n\n\n<p><strong>Detalles del servicio<\/strong><\/p>\n\n\n\n<p>En el <strong>Consultor\u00eda ValorH<\/strong>Damos gran importancia a la confidencialidad y protecci\u00f3n de los datos personales de los usuarios de nuestro sitio web. Toda la informaci\u00f3n personal recopilada se utiliza para proporcionar una experiencia m\u00e1s productiva y relevante al navegar por nuestro sitio web, as\u00ed como para posibilitar el contacto comercial cuando lo solicite el usuario.<\/p>\n\n\n\n<p>Toda la informaci\u00f3n personal de los clientes o visitantes del sitio web de <strong>ValorH<\/strong> <strong>Consultor\u00eda<\/strong> son tratados de conformidad con el Reglamento General de Protecci\u00f3n de Datos (<strong>RGPD<\/strong> \u2013 Reglamento (UE) 2016\/679 del Parlamento Europeo y del Consejo, de 27 de abril de 2016) y dem\u00e1s normativa aplicable.<\/p>\n\n\n\n<p>Los datos personales recopilados pueden incluir nombre, correo electr\u00f3nico, n\u00famero de tel\u00e9fono, direcci\u00f3n y otra informaci\u00f3n relevante a los servicios prestados.<\/p>\n\n\n\n<p><strong>Cookies y tecnolog\u00edas de almacenamiento<\/strong><\/p>\n\n\n\n<p>Utilizamos cookies para almacenar preferencias y mejorar su experiencia en nuestro sitio web. Puede ajustar la configuraci\u00f3n de su navegador para desactivar las cookies, sin embargo, esto puede afectar la forma en que interact\u00faa con el sitio web. <strong>Consultor\u00eda ValorH<\/strong>.<\/p>\n\n\n\n<p><strong>M\u00e9todo de procesamiento de datos<\/strong><\/p>\n\n\n\n<p>EL <strong>Consultor\u00eda ValorH<\/strong> adopta estrictas medidas de seguridad para evitar el acceso no autorizado, la divulgaci\u00f3n o la alteraci\u00f3n indebida de los datos. El tratamiento de datos se realiza a trav\u00e9s de sistemas inform\u00e1ticos y sigue protocolos organizativos espec\u00edficos, garantizando su protecci\u00f3n y privacidad.<\/p>\n\n\n\n<p>Los datos se procesan en la sede de <strong>Consultor\u00eda ValorH<\/strong> y en lugares donde se operan servicios necesarios para el funcionamiento del sitio web.<\/p>\n\n\n\n<p><strong>Qu\u00e9 datos personales se recopilan y c\u00f3mo se procesan<\/strong><\/p>\n\n\n\n<p>Cuando un usuario se registra en nuestro sitio web, los datos proporcionados se almacenan de forma segura. Adem\u00e1s, cuando los visitantes rellenan formularios de contacto o env\u00edan mensajes a los correos electr\u00f3nicos facilitados en el sitio web, los datos enviados se almacenan \u00fanicamente con la finalidad de responder y gestionar la comunicaci\u00f3n.<\/p>\n\n\n\n<p>Si env\u00eda mensajes a trav\u00e9s de los formularios de contacto o a las direcciones de correo electr\u00f3nico indicadas en el sitio web, los datos enviados se utilizar\u00e1n exclusivamente para responder a su solicitud.<\/p>\n\n\n\n<p><strong>Per\u00edodo de retenci\u00f3n de datos<\/strong><\/p>\n\n\n\n<p>Los datos recogidos se conservan durante el tiempo necesario para cumplir la finalidad para la que fueron recogidos o para cumplir con las obligaciones legales. Si el usuario solicita la eliminaci\u00f3n de sus datos, estos ser\u00e1n eliminados, excepto cuando su almacenamiento sea necesario para fines administrativos, legales o de seguridad.<\/p>\n\n\n\n<p><strong>Uso de los datos recopilados<\/strong><\/p>\n\n\n\n<p>Los datos recogidos se utilizan exclusivamente para la prestaci\u00f3n de los servicios ofrecidos por <strong>Consultor\u00eda ValorH<\/strong>, incluyendo la respuesta a solicitudes de informaci\u00f3n, la optimizaci\u00f3n de la experiencia del usuario y el an\u00e1lisis estad\u00edstico.<\/p>\n\n\n\n<p><strong>Derechos de los usuarios sobre los datos<\/strong><\/p>\n\n\n\n<p>Los usuarios tienen derecho a solicitar informaci\u00f3n sobre sus datos personales almacenados, corregir o actualizar sus datos, as\u00ed como solicitar la eliminaci\u00f3n o anonimizaci\u00f3n de dichos datos, siempre de acuerdo con la legislaci\u00f3n vigente.<\/p>\n\n\n\n<p>Si tiene una cuenta en nuestro sitio web o ha completado un formulario de contacto, puede solicitar un archivo con los datos personales almacenados sobre usted, as\u00ed como solicitar la eliminaci\u00f3n de estos datos.<\/p>\n\n\n\n<p>Si desea ejercer sus derechos de acceso, rectificaci\u00f3n o supresi\u00f3n de datos, puede dirigirse a nosotros a trav\u00e9s de los medios indicados al final de esta pol\u00edtica.<\/p>\n\n\n\n<p><strong>Enlaces a sitios web de terceros<\/strong><\/p>\n\n\n\n<p>El sitio web de <strong>Consultor\u00eda ValorH<\/strong> puede contener enlaces a sitios web externos que consideremos relevantes. Sin embargo, nuestra pol\u00edtica de privacidad no se aplica a sitios web de terceros. Le recomendamos que consulte las pol\u00edticas de privacidad de estos sitios antes de proporcionar cualquier informaci\u00f3n personal.<\/p>\n\n\n\n<p><strong>Cambios a esta Pol\u00edtica de Privacidad<\/strong><\/p>\n\n\n\n<p>El uso del sitio web de <strong>Consultor\u00eda ValorH<\/strong> implica la aceptaci\u00f3n de esta Pol\u00edtica de Privacidad. Nos reservamos el derecho de actualizar este documento cuando sea necesario sin previo aviso. Por ello, te recomendamos que consultes peri\u00f3dicamente esta p\u00e1gina para estar siempre informado sobre c\u00f3mo tratamos tus datos.<\/p>\n\n\n\n<p>Si no est\u00e1 de acuerdo con alguno de los cambios realizados a la Pol\u00edtica de Privacidad, deber\u00e1 dejar de utilizar este servicio y podr\u00e1 solicitar la eliminaci\u00f3n de sus datos personales.<\/p>\n\n\n\n<p><strong>Informaci\u00f3n legal<\/strong><\/p>\n\n\n\n<p>Esta declaraci\u00f3n de privacidad se ha preparado de conformidad con las <strong>Reglamento General de Protecci\u00f3n de Datos \u2013 RGPD<\/strong> (Reglamento (UE) 2016\/679) y dem\u00e1s directivas europeas aplicables.<\/p>\n\n\n\n<p>Si tiene alguna pregunta o desea m\u00e1s informaci\u00f3n sobre nuestra pol\u00edtica de privacidad, puede contactarnos utilizando los siguientes medios:<\/p>\n\n\n\n<ul class=\"wp-block-list\">\n<li><strong>DIRECCI\u00d3N:<\/strong> Con sede en Brasil<\/li>\n\n\n\n<li>\u00a0R. das Rosas \u2013 Pituba, 179, Salvador \u2013 BA, C\u00f3digo Postal 41810-070<\/li>\n<\/ul>\n\n\n\n<p><br><strong>Correo electr\u00f3nico de contacto:<\/strong><\/p>\n\n\n\n<p>atendimento@valorhconsultoria.com.br<\/p>\n\n\n\n<p>+351 963078470<\/p>","protected":false},"excerpt":{"rendered":"<p>Quem Somos Detalhes do Servi\u00e7o Na ValorH Consultoria, damos grande import\u00e2ncia \u00e0 confidencialidade e prote\u00e7\u00e3o dos dados pessoais dos utilizadores do nosso site. Todas as informa\u00e7\u00f5es pessoais recolhidas s\u00e3o utilizadas para proporcionar uma experi\u00eancia mais produtiva e relevante ao navegar no nosso site, bem como para possibilitar o contacto comercial quando solicitado pelo utilizador. Todas [&hellip;]<\/p>","protected":false},"author":3,"featured_media":0,"parent":0,"menu_order":0,"comment_status":"closed","ping_status":"closed","template":"","meta":{"footnotes":""},"class_list":["post-24565","page","type-page","status-publish","hentry"],"acf":[],"yoast_head":"<!-- This site is optimized with the Yoast SEO plugin v25.9 - https:\/\/yoast.com\/wordpress\/plugins\/seo\/ -->\n<title>ValorH Consultoria e Treinamento | Pol\u00edtica de Privacidade<\/title>\n<meta name=\"description\" content=\"A ValorH Consultoria e Treinamentos possui capacidade operacional para atender clientes em todo o territ\u00f3rio nacional com um servi\u00e7o de qualidade.\" \/>\n<meta name=\"robots\" content=\"index, follow, max-snippet:-1, max-image-preview:large, max-video-preview:-1\" \/>\n<link rel=\"canonical\" href=\"https:\/\/pt.valorhconsultoria.com\/es\/politica-de-privacidade\/\" \/>\n<meta property=\"og:locale\" content=\"es_ES\" \/>\n<meta property=\"og:type\" content=\"article\" \/>\n<meta property=\"og:title\" content=\"ValorH Consultoria e Treinamento | Pol\u00edtica de Privacidade\" \/>\n<meta property=\"og:description\" content=\"A ValorH Consultoria e Treinamentos possui capacidade operacional para atender clientes em todo o territ\u00f3rio nacional com um servi\u00e7o de qualidade.\" \/>\n<meta property=\"og:url\" content=\"https:\/\/pt.valorhconsultoria.com\/es\/politica-de-privacidade\/\" \/>\n<meta property=\"og:site_name\" content=\"ValorH\" \/>\n<meta property=\"article:publisher\" content=\"https:\/\/www.facebook.com\/valorhconsultoria\/\" \/>\n<meta property=\"article:modified_time\" content=\"2025-03-11T00:17:54+00:00\" \/>\n<meta property=\"og:image\" content=\"https:\/\/pt.valorhconsultoria.com\/wp-content\/uploads\/2018\/09\/blank-img.jpg\" \/>\n\t<meta property=\"og:image:width\" content=\"1280\" \/>\n\t<meta property=\"og:image:height\" content=\"853\" \/>\n\t<meta property=\"og:image:type\" content=\"image\/jpeg\" \/>\n<meta name=\"twitter:card\" content=\"summary_large_image\" \/>\n<meta name=\"twitter:label1\" content=\"Tiempo de lectura\" \/>\n\t<meta name=\"twitter:data1\" content=\"4 minutos\" \/>\n<script type=\"application\/ld+json\" class=\"yoast-schema-graph\">{\"@context\":\"https:\/\/schema.org\",\"@graph\":[{\"@type\":\"WebPage\",\"@id\":\"https:\/\/pt.valorhconsultoria.com\/politica-de-privacidade\/\",\"url\":\"https:\/\/pt.valorhconsultoria.com\/politica-de-privacidade\/\",\"name\":\"ValorH Consultoria e Treinamento | Pol\u00edtica de Privacidade\",\"isPartOf\":{\"@id\":\"https:\/\/pt.valorhconsultoria.com\/#website\"},\"datePublished\":\"2025-03-11T00:17:51+00:00\",\"dateModified\":\"2025-03-11T00:17:54+00:00\",\"description\":\"A ValorH Consultoria e Treinamentos possui capacidade operacional para atender clientes em todo o territ\u00f3rio nacional com um servi\u00e7o de qualidade.\",\"breadcrumb\":{\"@id\":\"https:\/\/pt.valorhconsultoria.com\/politica-de-privacidade\/#breadcrumb\"},\"inLanguage\":\"es\",\"potentialAction\":[{\"@type\":\"ReadAction\",\"target\":[\"https:\/\/pt.valorhconsultoria.com\/politica-de-privacidade\/\"]}]},{\"@type\":\"BreadcrumbList\",\"@id\":\"https:\/\/pt.valorhconsultoria.com\/politica-de-privacidade\/#breadcrumb\",\"itemListElement\":[{\"@type\":\"ListItem\",\"position\":1,\"name\":\"In\u00edcio\",\"item\":\"https:\/\/pt.valorhconsultoria.com\/\"},{\"@type\":\"ListItem\",\"position\":2,\"name\":\"Pol\u00edtica de Privacidade\"}]},{\"@type\":\"WebSite\",\"@id\":\"https:\/\/pt.valorhconsultoria.com\/#website\",\"url\":\"https:\/\/pt.valorhconsultoria.com\/\",\"name\":\"ValorH\",\"description\":\"Consultoria e Treinamento\",\"publisher\":{\"@id\":\"https:\/\/pt.valorhconsultoria.com\/#organization\"},\"potentialAction\":[{\"@type\":\"SearchAction\",\"target\":{\"@type\":\"EntryPoint\",\"urlTemplate\":\"https:\/\/pt.valorhconsultoria.com\/?s={search_term_string}\"},\"query-input\":{\"@type\":\"PropertyValueSpecification\",\"valueRequired\":true,\"valueName\":\"search_term_string\"}}],\"inLanguage\":\"es\"},{\"@type\":\"Organization\",\"@id\":\"https:\/\/pt.valorhconsultoria.com\/#organization\",\"name\":\"ValorH Consultoria e Treinamento\",\"url\":\"https:\/\/pt.valorhconsultoria.com\/\",\"logo\":{\"@type\":\"ImageObject\",\"inLanguage\":\"es\",\"@id\":\"https:\/\/pt.valorhconsultoria.com\/#\/schema\/logo\/image\/\",\"url\":\"https:\/\/pt.valorhconsultoria.com\/wp-content\/uploads\/2018\/10\/favicon.png\",\"contentUrl\":\"https:\/\/pt.valorhconsultoria.com\/wp-content\/uploads\/2018\/10\/favicon.png\",\"width\":200,\"height\":199,\"caption\":\"ValorH Consultoria e Treinamento\"},\"image\":{\"@id\":\"https:\/\/pt.valorhconsultoria.com\/#\/schema\/logo\/image\/\"},\"sameAs\":[\"https:\/\/www.facebook.com\/valorhconsultoria\/\",\"https:\/\/www.instagram.com\/valorhconsultoria\/\",\"https:\/\/br.linkedin.com\/in\/valorhconsultoria\"]}]}<\/script>\n<!-- \/ Yoast SEO plugin. -->","yoast_head_json":{"title":"ValorH Consultoria e Treinamento | Pol\u00edtica de Privacidade","description":"ValorH Consultoria e Treinamentos tiene la capacidad operativa para atender a clientes en todo el pa\u00eds con un servicio de calidad.","robots":{"index":"index","follow":"follow","max-snippet":"max-snippet:-1","max-image-preview":"max-image-preview:large","max-video-preview":"max-video-preview:-1"},"canonical":"https:\/\/pt.valorhconsultoria.com\/es\/politica-de-privacidade\/","og_locale":"es_ES","og_type":"article","og_title":"ValorH Consultoria e Treinamento | Pol\u00edtica de Privacidade","og_description":"A ValorH Consultoria e Treinamentos possui capacidade operacional para atender clientes em todo o territ\u00f3rio nacional com um servi\u00e7o de qualidade.","og_url":"https:\/\/pt.valorhconsultoria.com\/es\/politica-de-privacidade\/","og_site_name":"ValorH","article_publisher":"https:\/\/www.facebook.com\/valorhconsultoria\/","article_modified_time":"2025-03-11T00:17:54+00:00","og_image":[{"width":1280,"height":853,"url":"https:\/\/pt.valorhconsultoria.com\/wp-content\/uploads\/2018\/09\/blank-img.jpg","type":"image\/jpeg"}],"twitter_card":"summary_large_image","twitter_misc":{"Tiempo de lectura":"4 minutos"},"schema":{"@context":"https:\/\/schema.org","@graph":[{"@type":"WebPage","@id":"https:\/\/pt.valorhconsultoria.com\/politica-de-privacidade\/","url":"https:\/\/pt.valorhconsultoria.com\/politica-de-privacidade\/","name":"ValorH Consultoria e Treinamento | Pol\u00edtica de Privacidade","isPartOf":{"@id":"https:\/\/pt.valorhconsultoria.com\/#website"},"datePublished":"2025-03-11T00:17:51+00:00","dateModified":"2025-03-11T00:17:54+00:00","description":"ValorH Consultoria e Treinamentos tiene la capacidad operativa para atender a clientes en todo el pa\u00eds con un servicio de calidad.","breadcrumb":{"@id":"https:\/\/pt.valorhconsultoria.com\/politica-de-privacidade\/#breadcrumb"},"inLanguage":"es","potentialAction":[{"@type":"ReadAction","target":["https:\/\/pt.valorhconsultoria.com\/politica-de-privacidade\/"]}]},{"@type":"BreadcrumbList","@id":"https:\/\/pt.valorhconsultoria.com\/politica-de-privacidade\/#breadcrumb","itemListElement":[{"@type":"ListItem","position":1,"name":"In\u00edcio","item":"https:\/\/pt.valorhconsultoria.com\/"},{"@type":"ListItem","position":2,"name":"Pol\u00edtica de Privacidade"}]},{"@type":"WebSite","@id":"https:\/\/pt.valorhconsultoria.com\/#website","url":"https:\/\/pt.valorhconsultoria.com\/","name":"ValorH","description":"Consultor\u00eda y Capacitaci\u00f3n","publisher":{"@id":"https:\/\/pt.valorhconsultoria.com\/#organization"},"potentialAction":[{"@type":"SearchAction","target":{"@type":"EntryPoint","urlTemplate":"https:\/\/pt.valorhconsultoria.com\/?s={search_term_string}"},"query-input":{"@type":"PropertyValueSpecification","valueRequired":true,"valueName":"search_term_string"}}],"inLanguage":"es"},{"@type":"Organization","@id":"https:\/\/pt.valorhconsultoria.com\/#organization","name":"ValorH Consultor\u00eda y Formaci\u00f3n","url":"https:\/\/pt.valorhconsultoria.com\/","logo":{"@type":"ImageObject","inLanguage":"es","@id":"https:\/\/pt.valorhconsultoria.com\/#\/schema\/logo\/image\/","url":"https:\/\/pt.valorhconsultoria.com\/wp-content\/uploads\/2018\/10\/favicon.png","contentUrl":"https:\/\/pt.valorhconsultoria.com\/wp-content\/uploads\/2018\/10\/favicon.png","width":200,"height":199,"caption":"ValorH Consultoria e Treinamento"},"image":{"@id":"https:\/\/pt.valorhconsultoria.com\/#\/schema\/logo\/image\/"},"sameAs":["https:\/\/www.facebook.com\/valorhconsultoria\/","https:\/\/www.instagram.com\/valorhconsultoria\/","https:\/\/br.linkedin.com\/in\/valorhconsultoria"]}]}},"_links":{"self":[{"href":"https:\/\/pt.valorhconsultoria.com\/es\/wp-json\/wp\/v2\/pages\/24565","targetHints":{"allow":["GET"]}}],"collection":[{"href":"https:\/\/pt.valorhconsultoria.com\/es\/wp-json\/wp\/v2\/pages"}],"about":[{"href":"https:\/\/pt.valorhconsultoria.com\/es\/wp-json\/wp\/v2\/types\/page"}],"author":[{"embeddable":true,"href":"https:\/\/pt.valorhconsultoria.com\/es\/wp-json\/wp\/v2\/users\/3"}],"replies":[{"embeddable":true,"href":"https:\/\/pt.valorhconsultoria.com\/es\/wp-json\/wp\/v2\/comments?post=24565"}],"version-history":[{"count":1,"href":"https:\/\/pt.valorhconsultoria.com\/es\/wp-json\/wp\/v2\/pages\/24565\/revisions"}],"predecessor-version":[{"id":24566,"href":"https:\/\/pt.valorhconsultoria.com\/es\/wp-json\/wp\/v2\/pages\/24565\/revisions\/24566"}],"wp:attachment":[{"href":"https:\/\/pt.valorhconsultoria.com\/es\/wp-json\/wp\/v2\/media?parent=24565"}],"curies":[{"name":"gracias","href":"https:\/\/api.w.org\/{rel}","templated":true}]}}