{"id":24329,"date":"2024-01-15T18:51:36","date_gmt":"2024-01-15T21:51:36","guid":{"rendered":"https:\/\/valorhconsultoria.com.br\/?page_id=24329"},"modified":"2024-01-15T18:52:16","modified_gmt":"2024-01-15T21:52:16","slug":"projetos","status":"publish","type":"page","link":"https:\/\/pt.valorhconsultoria.com\/es\/projetos\/","title":{"rendered":"Proyectos"},"content":{"rendered":"<h2 class=\"wp-block-heading\">EN<\/h2>\n\n\n\n<p>A trav\u00e9s de un equipo multidisciplinar compuesto por profesionales con maestr\u00eda y doctorado, ValorH desarrolla proyectos e investigaciones socioecon\u00f3micas y ambientales para apoyar a sus clientes, tanto p\u00fablicos como privados, ante los retos que plantea una sociedad en constante cambio. Las principales \u00e1reas de actividad de ValorH son:<\/p>\n\n\n\n<ul class=\"wp-block-list\">\n<li>Diagn\u00f3stico Socioecon\u00f3mico de Municipios;<\/li>\n\n\n\n<li>Proyectos de desarrollo comunitario;<\/li>\n\n\n\n<li>Planes de Desarrollo Tur\u00edstico;<\/li>\n\n\n\n<li>Inventarios Tur\u00edsticos;<\/li>\n\n\n\n<li>Estrategias de adaptaci\u00f3n al cambio clim\u00e1tico;<\/li>\n\n\n\n<li>Estudios de Capacidad de Carga Tur\u00edstica;<\/li>\n\n\n\n<li>Estudios para la creaci\u00f3n de Unidades de Conservaci\u00f3n.<\/li>\n<\/ul>\n\n\n\n<hr class=\"wp-block-separator has-alpha-channel-opacity\"\/>\n\n\n\n<h2 class=\"wp-block-heading\">Consultores asociados<\/h2>\n\n\n\n<p>Carolina de Andrade Spinola \u2013 Socia de ValorH, Doctora en Geograf\u00eda, Profesora Universitaria, Investigadora y Consultora, con m\u00e1s de 20 a\u00f1os de experiencia en Turismo, Econom\u00eda y Administraci\u00f3n. Es Coordinadora y Profesora Titular del Programa de Posgrado en Desarrollo Regional y Urbano de la UNIFACS. Lidera el Grupo de Investigaci\u00f3n en Turismo y Medio Ambiente y es miembro del Grupo de Estudio de Econom\u00eda Regional y Urbana.<\/p>\n\n\n\n<p>Sus principales temas de inter\u00e9s son: planificaci\u00f3n tur\u00edstica y competitividad de productos y destinos, ecoturismo, cambio clim\u00e1tico, desarrollo local y emprendimiento regional.<br>Cl\u00e1udio Luiz Ariani Fontes \u2013 M\u00e1ster en Administraci\u00f3n de Empresas (PPGA\/UNIFACS), Doctorando en Desarrollo Regional y Urbano (PPDRU\/UNIFACS). Cuenta con un MBA en Direcci\u00f3n de Empresas y Marketing de Ventas y Retail por la Universidad Ruy Barbosa (UNIRUY). Es consultor en ValorH en las \u00e1reas de Marketing y Turismo, desarrollando proyectos para la estructuraci\u00f3n de equipos de ventas, programas de capacitaci\u00f3n comercial, desarrollo de equipos y la estructuraci\u00f3n de itinerarios y destinos tur\u00edsticos.<\/p>\n\n\n\n<p>Contin\u00faa su investigaci\u00f3n doctoral sobre el Turismo Regenerativo como paradigma emergente de viajes, con \u00e9nfasis en el impacto que este nuevo enfoque puede tener en el medio ambiente y el desarrollo de las comunidades locales. Se especializa en el uso de herramientas de Adobe Creative Suite, como Photoshop, Illustrator e InDesign, as\u00ed como Corel Draw, para desarrollar identidades visuales, marcas, mascotas, dise\u00f1os de empaque y materiales promocionales.<\/p>\n\n\n\n<p>Laumar Neves de Souza \u2013 Doctor en Ciencias Sociales (UFBA, 2007), licenciatura y maestr\u00eda en Econom\u00eda (UFBA). Es profesor titular en el Programa de Posgrado en Desarrollo Regional y Urbano (PPDRU) en la Universidad del Salvador (UNIFACS). Es miembro del Grupo de Estudio de Econom\u00eda Regional y Urbana (GERUB) y del Grupo de Investigaci\u00f3n en Turismo (GPTURIS). Tambi\u00e9n ha sido miembro de los Grupos de Ense\u00f1anza Estructurada de estos programas de pregrado y sirvi\u00f3 en el Comit\u00e9 de \u00c9tica en Investigaci\u00f3n (CEP). Es editor adjunto de la Revista de Desarrollo Econ\u00f3mico. Trabaj\u00f3 durante casi una d\u00e9cada en la Superintendencia de Estudios Econ\u00f3micos y Sociales de Bah\u00eda (SEI), coordinando el \u00e1rea de investigaci\u00f3n social durante algunos a\u00f1os. Tiene experiencia en la gesti\u00f3n y an\u00e1lisis de indicadores econ\u00f3micos y sociales. Ha desarrollado trabajo t\u00e9cnico para el Departamento Intersindical de Estad\u00edstica y Estudios Socioecon\u00f3micos (DIEESE). Sus principales \u00e1reas de inter\u00e9s se refieren a temas relacionados con el desarrollo regional, particularmente aquellos estrechamente relacionados con el mundo del trabajo.<\/p>\n\n\n\n<p>Noelio Dantasle Spinola \u2013 Postdoctorado en Sociolog\u00eda de la Cultura por la Facultad de Ciencias Sociales y Humanas de la Universidade Nova de Lisboa \u2013 FCSH (2018). Doctor en An\u00e1lisis Geogr\u00e1fico Regional por la Universidad de Barcelona (2001). Posgrado en Marketing por la Universidad del Salvador \u2013 UNIFACS (1995). Licenciado en Econom\u00eda por la Universidad Federal de Bah\u00eda \u2013 UFBa. (1965). Coordina el Grupo de Estudio de Econom\u00eda Regional y Urbana (GERURB), certificado por el CNPQ, y trabaja en las l\u00edneas de investigaci\u00f3n relacionadas con el desarrollo regional y urbano; econom\u00eda cultural y desarrollo local; y servicios y desarrollo regional. Tiene experiencia en econom\u00eda y administraci\u00f3n, con \u00e9nfasis en econom\u00eda regional, trabajando principalmente en los siguientes campos: econom\u00eda regional; desarrollo regional, econom\u00eda bahiana, econom\u00eda cultural; desarrollo industrial y estudios organizacionales.<\/p>","protected":false},"excerpt":{"rendered":"<p>SOBRE Atrav\u00e9s de uma equipe multidisciplinar formada por mestres e doutores, a ValorH desenvolve projetos e pesquisas socioecon\u00f4micas e ambientais com o objetivo de apoiar nossos clientes, quer sejam eles p\u00fablicos ou da iniciativa privada, nos desafios impostos por uma sociedade em constante transforma\u00e7\u00e3o. As principais \u00e1reas de atua\u00e7\u00e3o da ValorH s\u00e3o: CONSULTORES ASSOCIADOS Carolina [&hellip;]<\/p>","protected":false},"author":3,"featured_media":0,"parent":0,"menu_order":0,"comment_status":"closed","ping_status":"closed","template":"","meta":{"footnotes":""},"class_list":["post-24329","page","type-page","status-publish","hentry"],"acf":[],"yoast_head":"<!-- This site is optimized with the Yoast SEO plugin v27.4 - https:\/\/yoast.com\/product\/yoast-seo-wordpress\/ -->\n<title>ValorH Consultoria e Treinamento | Projetos<\/title>\n<meta name=\"description\" content=\"A ValorH Consultoria e Treinamentos possui capacidade operacional para atender clientes em todo o territ\u00f3rio nacional com um servi\u00e7o de qualidade.\" \/>\n<meta name=\"robots\" content=\"index, follow, max-snippet:-1, max-image-preview:large, max-video-preview:-1\" \/>\n<link rel=\"canonical\" href=\"https:\/\/pt.valorhconsultoria.com\/es\/projetos\/\" \/>\n<meta property=\"og:locale\" content=\"es_ES\" \/>\n<meta property=\"og:type\" content=\"article\" \/>\n<meta property=\"og:title\" content=\"ValorH Consultoria e Treinamento | Projetos\" \/>\n<meta property=\"og:description\" content=\"A ValorH Consultoria e Treinamentos possui capacidade operacional para atender clientes em todo o territ\u00f3rio nacional com um servi\u00e7o de qualidade.\" \/>\n<meta property=\"og:url\" content=\"https:\/\/pt.valorhconsultoria.com\/es\/projetos\/\" \/>\n<meta property=\"og:site_name\" content=\"ValorH\" \/>\n<meta property=\"article:publisher\" content=\"https:\/\/www.facebook.com\/valorhconsultoria\/\" \/>\n<meta property=\"article:modified_time\" content=\"2024-01-15T21:52:16+00:00\" \/>\n<meta property=\"og:image\" content=\"https:\/\/pt.valorhconsultoria.com\/wp-content\/uploads\/2018\/09\/blank-img.jpg\" \/>\n\t<meta property=\"og:image:width\" content=\"1280\" \/>\n\t<meta property=\"og:image:height\" content=\"853\" \/>\n\t<meta property=\"og:image:type\" content=\"image\/jpeg\" \/>\n<meta name=\"twitter:card\" content=\"summary_large_image\" \/>\n<meta name=\"twitter:label1\" content=\"Tiempo de lectura\" \/>\n\t<meta name=\"twitter:data1\" content=\"4 minutos\" \/>\n<script type=\"application\/ld+json\" class=\"yoast-schema-graph\">{\"@context\":\"https:\\\/\\\/schema.org\",\"@graph\":[{\"@type\":\"WebPage\",\"@id\":\"https:\\\/\\\/pt.valorhconsultoria.com\\\/projetos\\\/\",\"url\":\"https:\\\/\\\/pt.valorhconsultoria.com\\\/projetos\\\/\",\"name\":\"ValorH Consultoria e Treinamento | Projetos\",\"isPartOf\":{\"@id\":\"https:\\\/\\\/pt.valorhconsultoria.com\\\/#website\"},\"datePublished\":\"2024-01-15T21:51:36+00:00\",\"dateModified\":\"2024-01-15T21:52:16+00:00\",\"description\":\"A ValorH Consultoria e Treinamentos possui capacidade operacional para atender clientes em todo o territ\u00f3rio nacional com um servi\u00e7o de qualidade.\",\"breadcrumb\":{\"@id\":\"https:\\\/\\\/pt.valorhconsultoria.com\\\/projetos\\\/#breadcrumb\"},\"inLanguage\":\"es\",\"potentialAction\":[{\"@type\":\"ReadAction\",\"target\":[\"https:\\\/\\\/pt.valorhconsultoria.com\\\/projetos\\\/\"]}]},{\"@type\":\"BreadcrumbList\",\"@id\":\"https:\\\/\\\/pt.valorhconsultoria.com\\\/projetos\\\/#breadcrumb\",\"itemListElement\":[{\"@type\":\"ListItem\",\"position\":1,\"name\":\"In\u00edcio\",\"item\":\"https:\\\/\\\/pt.valorhconsultoria.com\\\/\"},{\"@type\":\"ListItem\",\"position\":2,\"name\":\"Projetos\"}]},{\"@type\":\"WebSite\",\"@id\":\"https:\\\/\\\/pt.valorhconsultoria.com\\\/#website\",\"url\":\"https:\\\/\\\/pt.valorhconsultoria.com\\\/\",\"name\":\"ValorH\",\"description\":\"Consultoria e Treinamento\",\"publisher\":{\"@id\":\"https:\\\/\\\/pt.valorhconsultoria.com\\\/#organization\"},\"potentialAction\":[{\"@type\":\"SearchAction\",\"target\":{\"@type\":\"EntryPoint\",\"urlTemplate\":\"https:\\\/\\\/pt.valorhconsultoria.com\\\/?s={search_term_string}\"},\"query-input\":{\"@type\":\"PropertyValueSpecification\",\"valueRequired\":true,\"valueName\":\"search_term_string\"}}],\"inLanguage\":\"es\"},{\"@type\":\"Organization\",\"@id\":\"https:\\\/\\\/pt.valorhconsultoria.com\\\/#organization\",\"name\":\"ValorH Consultoria e Treinamento\",\"url\":\"https:\\\/\\\/pt.valorhconsultoria.com\\\/\",\"logo\":{\"@type\":\"ImageObject\",\"inLanguage\":\"es\",\"@id\":\"https:\\\/\\\/pt.valorhconsultoria.com\\\/#\\\/schema\\\/logo\\\/image\\\/\",\"url\":\"https:\\\/\\\/pt.valorhconsultoria.com\\\/wp-content\\\/uploads\\\/2018\\\/10\\\/favicon.png\",\"contentUrl\":\"https:\\\/\\\/pt.valorhconsultoria.com\\\/wp-content\\\/uploads\\\/2018\\\/10\\\/favicon.png\",\"width\":200,\"height\":199,\"caption\":\"ValorH Consultoria e Treinamento\"},\"image\":{\"@id\":\"https:\\\/\\\/pt.valorhconsultoria.com\\\/#\\\/schema\\\/logo\\\/image\\\/\"},\"sameAs\":[\"https:\\\/\\\/www.facebook.com\\\/valorhconsultoria\\\/\",\"https:\\\/\\\/www.instagram.com\\\/valorhconsultoria\\\/\",\"https:\\\/\\\/br.linkedin.com\\\/in\\\/valorhconsultoria\"]}]}<\/script>\n<!-- \/ Yoast SEO plugin. -->","yoast_head_json":{"title":"ValorH Consultoria e Treinamento | Projetos","description":"ValorH Consultoria e Treinamentos tiene la capacidad operativa para atender a clientes en todo el pa\u00eds con un servicio de calidad.","robots":{"index":"index","follow":"follow","max-snippet":"max-snippet:-1","max-image-preview":"max-image-preview:large","max-video-preview":"max-video-preview:-1"},"canonical":"https:\/\/pt.valorhconsultoria.com\/es\/projetos\/","og_locale":"es_ES","og_type":"article","og_title":"ValorH Consultoria e Treinamento | Projetos","og_description":"A ValorH Consultoria e Treinamentos possui capacidade operacional para atender clientes em todo o territ\u00f3rio nacional com um servi\u00e7o de qualidade.","og_url":"https:\/\/pt.valorhconsultoria.com\/es\/projetos\/","og_site_name":"ValorH","article_publisher":"https:\/\/www.facebook.com\/valorhconsultoria\/","article_modified_time":"2024-01-15T21:52:16+00:00","og_image":[{"width":1280,"height":853,"url":"https:\/\/pt.valorhconsultoria.com\/wp-content\/uploads\/2018\/09\/blank-img.jpg","type":"image\/jpeg"}],"twitter_card":"summary_large_image","twitter_misc":{"Tiempo de lectura":"4 minutos"},"schema":{"@context":"https:\/\/schema.org","@graph":[{"@type":"WebPage","@id":"https:\/\/pt.valorhconsultoria.com\/projetos\/","url":"https:\/\/pt.valorhconsultoria.com\/projetos\/","name":"ValorH Consultoria e Treinamento | Projetos","isPartOf":{"@id":"https:\/\/pt.valorhconsultoria.com\/#website"},"datePublished":"2024-01-15T21:51:36+00:00","dateModified":"2024-01-15T21:52:16+00:00","description":"ValorH Consultoria e Treinamentos tiene la capacidad operativa para atender a clientes en todo el pa\u00eds con un servicio de calidad.","breadcrumb":{"@id":"https:\/\/pt.valorhconsultoria.com\/projetos\/#breadcrumb"},"inLanguage":"es","potentialAction":[{"@type":"ReadAction","target":["https:\/\/pt.valorhconsultoria.com\/projetos\/"]}]},{"@type":"BreadcrumbList","@id":"https:\/\/pt.valorhconsultoria.com\/projetos\/#breadcrumb","itemListElement":[{"@type":"ListItem","position":1,"name":"In\u00edcio","item":"https:\/\/pt.valorhconsultoria.com\/"},{"@type":"ListItem","position":2,"name":"Projetos"}]},{"@type":"WebSite","@id":"https:\/\/pt.valorhconsultoria.com\/#website","url":"https:\/\/pt.valorhconsultoria.com\/","name":"ValorH","description":"Consultor\u00eda y Capacitaci\u00f3n","publisher":{"@id":"https:\/\/pt.valorhconsultoria.com\/#organization"},"potentialAction":[{"@type":"SearchAction","target":{"@type":"EntryPoint","urlTemplate":"https:\/\/pt.valorhconsultoria.com\/?s={search_term_string}"},"query-input":{"@type":"PropertyValueSpecification","valueRequired":true,"valueName":"search_term_string"}}],"inLanguage":"es"},{"@type":"Organization","@id":"https:\/\/pt.valorhconsultoria.com\/#organization","name":"ValorH Consultor\u00eda y Formaci\u00f3n","url":"https:\/\/pt.valorhconsultoria.com\/","logo":{"@type":"ImageObject","inLanguage":"es","@id":"https:\/\/pt.valorhconsultoria.com\/#\/schema\/logo\/image\/","url":"https:\/\/pt.valorhconsultoria.com\/wp-content\/uploads\/2018\/10\/favicon.png","contentUrl":"https:\/\/pt.valorhconsultoria.com\/wp-content\/uploads\/2018\/10\/favicon.png","width":200,"height":199,"caption":"ValorH Consultoria e Treinamento"},"image":{"@id":"https:\/\/pt.valorhconsultoria.com\/#\/schema\/logo\/image\/"},"sameAs":["https:\/\/www.facebook.com\/valorhconsultoria\/","https:\/\/www.instagram.com\/valorhconsultoria\/","https:\/\/br.linkedin.com\/in\/valorhconsultoria"]}]}},"_links":{"self":[{"href":"https:\/\/pt.valorhconsultoria.com\/es\/wp-json\/wp\/v2\/pages\/24329","targetHints":{"allow":["GET"]}}],"collection":[{"href":"https:\/\/pt.valorhconsultoria.com\/es\/wp-json\/wp\/v2\/pages"}],"about":[{"href":"https:\/\/pt.valorhconsultoria.com\/es\/wp-json\/wp\/v2\/types\/page"}],"author":[{"embeddable":true,"href":"https:\/\/pt.valorhconsultoria.com\/es\/wp-json\/wp\/v2\/users\/3"}],"replies":[{"embeddable":true,"href":"https:\/\/pt.valorhconsultoria.com\/es\/wp-json\/wp\/v2\/comments?post=24329"}],"version-history":[{"count":3,"href":"https:\/\/pt.valorhconsultoria.com\/es\/wp-json\/wp\/v2\/pages\/24329\/revisions"}],"predecessor-version":[{"id":24332,"href":"https:\/\/pt.valorhconsultoria.com\/es\/wp-json\/wp\/v2\/pages\/24329\/revisions\/24332"}],"wp:attachment":[{"href":"https:\/\/pt.valorhconsultoria.com\/es\/wp-json\/wp\/v2\/media?parent=24329"}],"curies":[{"name":"gracias","href":"https:\/\/api.w.org\/{rel}","templated":true}]}}