{"id":2143,"date":"2018-11-01T08:59:30","date_gmt":"2018-11-01T11:59:30","guid":{"rendered":"http:\/\/valorhconsultoria.com.br\/\/sample-page-2-copy\/"},"modified":"2020-05-09T11:46:26","modified_gmt":"2020-05-09T14:46:26","slug":"home-novo","status":"publish","type":"page","link":"https:\/\/pt.valorhconsultoria.com\/es\/","title":{"rendered":"Hogar"},"content":{"rendered":"<p>[vc_row][vc_column][rev_slider alias=&#8221;fullscreen-main-slider&#8221;][\/vc_column][\/vc_row][vc_row full_width=&#8221;stretch_row&#8221; el_class=&#8221;third_bg_color&#8221; css=&#8221;.vc_custom_1450692516354{margin-bottom: 60px !important;}&#8221;][vc_column][vc_cta h2=&#8221;A sua empresa precisa de algum dos nossos servi\u00e7os? Entre em contato conosco!&#8221; h2_font_container=&#8221;font_size:20px|color:%23ffffff|line_height:24px&#8221; h2_use_theme_fonts=&#8221;yes&#8221; shape=&#8221;square&#8221; style=&#8221;outline&#8221; add_button=&#8221;right&#8221; btn_title=&#8221;Clique Aqui&#8221; btn_style=&#8221;flat&#8221; btn_color=&#8221;white&#8221; btn_align=&#8221;right&#8221; btn_i_align=&#8221;right&#8221; btn_i_icon_fontawesome=&#8221;fa fa-chevron-right&#8221; btn_css_animation=&#8221;bounceInRight&#8221; use_custom_fonts_h2=&#8221;true&#8221; btn_button_block=&#8221;true&#8221; btn_add_icon=&#8221;true&#8221; el_class=&#8221;third_bg_color&#8221; css=&#8221;.vc_custom_1569328524675{margin-bottom: 0px !important;}&#8221; h2_el_class=&#8221;uppercase&#8221; btn_link=&#8221;url:http%3A%2F%2Fvalorhconsultoria.com.br%2Fnovo%2Fcontato%2F|||&#8221;][\/vc_cta][\/vc_column][\/vc_row][vc_row css=&#8221;.vc_custom_1450856873482{margin-bottom: 37px !important;}&#8221;][vc_column width=&#8221;1\/3&#8243;][stm_animation_block animation=&#8221;fadeInUp&#8221; animation_duration=&#8221;2.0&#8243; animation_delay=&#8221;0.13&#8243; viewport_position=&#8221;80&#8243;][stm_info_box style=&#8221;style_3&#8243; title_icon=&#8221;stm-badge&#8221; icon=&#8221;fa fa-chevron-right&#8221; title=&#8221;Treinamentos&#8221; image=&#8221;1383&#8243; link=&#8221;url:%2Fnovo%2Ftreinamentos|title:saiba%20mais||&#8221;]A ValorH oferece treinamentos abertos e\u00a0<em>in company\u00a0<\/em>em todas as \u00e1reas em que atua e voltados &#8230;<\/p>\n<p><a class=\"read_more displayblock\" href=\"https:\/\/pt.valorhconsultoria.com\/es\/nossos-treinamentos\/\" target=\"_self\">Saiba Mais<i class=\"fa fa-chevron-right stm_icon\"><\/i><\/a>[\/stm_info_box][\/stm_animation_block][\/vc_column][vc_column width=&#8221;1\/3&#8243;][stm_animation_block animation=&#8221;fadeInUp&#8221; animation_duration=&#8221;2.0&#8243; animation_delay=&#8221;0.15&#8243; viewport_position=&#8221;80&#8243;][stm_info_box style=&#8221;style_3&#8243; title_icon=&#8221;stm-graph&#8221; icon=&#8221;fa fa-chevron-right&#8221; title=&#8221;Consultoria Empresarial&#8221; image=&#8221;1386&#8243; link=&#8221;url:%23|title:read%20more|&#8221;]Consonantes com os princ\u00edpios que norteiam nossa atua\u00e7\u00e3o, os servi\u00e7os de consultoria oferecidos pela ValorH&#8230;<\/p>\n<p><a class=\"read_more displayblock\" href=\"https:\/\/pt.valorhconsultoria.com\/es\/servicos\/consultoria-empresarial\/\" target=\"_self\">Saiba Mais<i class=\"fa fa-chevron-right stm_icon\"><\/i><\/a>[\/stm_info_box][\/stm_animation_block][\/vc_column][vc_column width=&#8221;1\/3&#8243;][stm_animation_block animation=&#8221;fadeInUp&#8221; animation_duration=&#8221;2.0&#8243; animation_delay=&#8221;0.18&#8243; viewport_position=&#8221;80&#8243;][stm_info_box style=&#8221;style_3&#8243; title_icon=&#8221;stm-stats&#8221; icon=&#8221;fa fa-chevron-right&#8221; title=&#8221;Consultoria em Gest\u00e3o de Pessoas&#8221; image=&#8221;1388&#8243; link=&#8221;url:%23|title:read%20more|&#8221;]A ValorH oferece o servi\u00e7o de Recrutamento e Sele\u00e7\u00e3o com dois objetivos: auxiliar as empresas na identifica\u00e7\u00e3o &#8230;<\/p>\n<p><a class=\"read_more displayblock\" href=\"https:\/\/pt.valorhconsultoria.com\/es\/gestao-de-pessoas\/\" target=\"_self\">Saiba Mais<i class=\"fa fa-chevron-right stm_icon\"><\/i><\/a>[\/stm_info_box][\/stm_animation_block][\/vc_column][\/vc_row][vc_row full_width=&#8221;stretch_row&#8221; el_class=&#8221;overlay fixed_bg&#8221; css=&#8221;.vc_custom_1544096954318{margin-bottom: 53px !important;padding-top: 110px !important;padding-bottom: 81px !important;background-image: url(https:\/\/pt.valorhconsultoria.com\/wp-content\/uploads\/2018\/09\/achievement-adult-agent-684387-e1536890274704.jpg?id=1555) !important;background-position: center !important;background-repeat: no-repeat !important;background-size: cover !important;}&#8221;][vc_column][vc_row_inner el_id=&#8221;vagas-home&#8221;][vc_column_inner][vc_custom_heading icon=&#8221;stm-check&#8221; icon_size=&#8221;67&#8243; text=&#8221;<mark>\u00c1rea de Vagas<\/mark>&#8221; font_container=&#8221;tag:h4|font_size:45px|text_align:left|color:%23ffffff|line_height:45px&#8221; use_theme_fonts=&#8221;yes&#8221; css_animation=&#8221;bounceInUp&#8221; custom_icon=&#8221;stm-check&#8221; css=&#8221;.vc_custom_1569328080536{margin-bottom: 61px !important;}&#8221; el_class=&#8221;no_stripe&#8221;][vc_column_text css=&#8221;.vc_custom_1545181506351{padding-top: 20px !important;padding-right: 10px !important;padding-bottom: 20px !important;padding-left: 10px !important;background-color: #f7f7f7 !important;}&#8221; el_class=&#8221;ajust-float-vagas&#8221;][ecp code=&#8221;codigo-grid-vagas&#8221;][\/vc_column_text][\/vc_column_inner][\/vc_row_inner][vc_btn title=&#8221;Saiba mais&#8221; color=&#8221;danger&#8221; align=&#8221;center&#8221; css_animation=&#8221;fadeInUp&#8221; link=&#8221;url:%2Fnovo%2Fvagas%2F|||&#8221; css=&#8221;.vc_custom_1569328658187{margin-top: 15px !important;}&#8221;][\/vc_column][\/vc_row][vc_row css=&#8221;.vc_custom_1451479401686{margin-bottom: 31px !important;}&#8221;][vc_column][vc_custom_heading text=&#8221;Nosso Blog&#8221; font_container=&#8221;tag:h2|font_size:45px|text_align:center&#8221; use_theme_fonts=&#8221;yes&#8221; css_animation=&#8221;bounceInDown&#8221;][\/vc_column][\/vc_row][vc_row css=&#8221;.vc_custom_1451043728133{margin-bottom: 32px !important;}&#8221;][vc_column][stm_news loop=&#8221;size:4|order_by:date|post_type:post|categories:96&#8243; posts_per_row=&#8221;4&#8243; img_size=&#8221;thumbnail&#8221;][vc_btn title=&#8221;Saiba mais&#8221; color=&#8221;danger&#8221; align=&#8221;center&#8221; link=&#8221;url:%2Fnovo%2Fblog%2F|||&#8221; css=&#8221;.vc_custom_1542209616893{margin-top: 15px !important;}&#8221;][\/vc_column][\/vc_row][vc_row full_width=&#8221;stretch_row&#8221; disable_element=&#8221;yes&#8221; css=&#8221;.vc_custom_1536978440645{margin-bottom: 0px !important;padding-top: 96px !important;padding-bottom: 80px !important;background-color: #3a0000 !important;}&#8221;][vc_column css_animation=&#8221;fadeInDownBig&#8221; width=&#8221;1\/3&#8243;][vc_custom_heading text=&#8221;request a call back.&#8221; font_container=&#8221;tag:div|font_size:36px|text_align:left|color:%23ffffff|line_height:38px&#8221; google_fonts=&#8221;font_family:Poppins%3A300%2Cregular%2C500%2C600%2C700|font_style:700%20bold%3A700%3Anormal&#8221; css=&#8221;.vc_custom_1451044003374{margin-bottom: 19px !important;}&#8221;][vc_column_text]<span style=\"color: #ffffff; font-size: 13px; line-height: 22px;\">Would you like to speak to one of our financial advisers over the phone? Just submit your details and we\u2019ll be in touch shortly. You can also email us if you would prefer.<\/span>[\/vc_column_text][\/vc_column][vc_column width=&#8221;2\/3&#8243;]<p class=\"wpcf7-contact-form-not-found\"><strong>Error:<\/strong> Formulario de contacto no encontrado.<\/p>[\/vc_column][\/vc_row][vc_row full_width=&#8221;stretch_row_content_no_spaces&#8221; disable_element=&#8221;yes&#8221; css=&#8221;.vc_custom_1541073625318{margin-bottom: -60px !important;padding-top: 0px !important;padding-bottom: 0px !important;}&#8221;][vc_column][vc_gmaps link=&#8221;#E-8_JTNDaWZyYW1lJTIwc3JjJTNEJTIyaHR0cHMlM0ElMkYlMkZ3d3cuZ29vZ2xlLmNvbSUyRm1hcHMlMkZlbWJlZCUzRnBiJTNEJTIxMW0xOCUyMTFtMTIlMjExbTMlMjExZDczMzAuOTMzNzMxMjE3ODQzJTIxMmQtMzguNDU5MTI0NTk1MzQ3OSUyMTNkLTEyLjk5MTM1MzQ1NjAzOTE3NiUyMTJtMyUyMTFmMCUyMTJmMCUyMTNmMCUyMTNtMiUyMTFpMTAyNCUyMTJpNzY4JTIxNGYxMy4xJTIxM20zJTIxMW0yJTIxMXMweDcxNjFiMTMxNmE3MTA2MSUyNTNBMHg5YjFkMzJmNTVhMWNkMGIwJTIxMnNWYWxvckglMkJDb25zdWx0b3JpYSUyQmUlMkJUcmVpbmFtZW50byUyMTVlMCUyMTNtMiUyMTFzcHQtQlIlMjEyc2JyJTIxNHYxNTM2OTc2NzIwNTU3JTIyJTIwd2lkdGglM0QlMjI2MDAlMjIlMjBoZWlnaHQlM0QlMjI0NTAlMjIlMjBmcmFtZWJvcmRlciUzRCUyMjAlMjIlMjBzdHlsZSUzRCUyMmJvcmRlciUzQTAlMjIlMjBhbGxvd2Z1bGxzY3JlZW4lM0UlM0MlMkZpZnJhbWUlM0U=&#8221;][\/vc_column][\/vc_row]<\/p>","protected":false},"excerpt":{"rendered":"<p>[vc_row][vc_column][rev_slider alias=&#8221;fullscreen-main-slider&#8221;][\/vc_column][\/vc_row][vc_row full_width=&#8221;stretch_row&#8221; el_class=&#8221;third_bg_color&#8221; css=&#8221;.vc_custom_1450692516354{margin-bottom: 60px !important;}&#8221;][vc_column][vc_cta h2=&#8221;A sua empresa precisa de algum dos nossos servi\u00e7os? Entre em contato conosco!&#8221; h2_font_container=&#8221;font_size:20px|color:%23ffffff|line_height:24px&#8221; h2_use_theme_fonts=&#8221;yes&#8221; shape=&#8221;square&#8221; style=&#8221;outline&#8221; add_button=&#8221;right&#8221; btn_title=&#8221;Clique Aqui&#8221; btn_style=&#8221;flat&#8221; btn_color=&#8221;white&#8221; btn_align=&#8221;right&#8221; btn_i_align=&#8221;right&#8221; btn_i_icon_fontawesome=&#8221;fa fa-chevron-right&#8221; btn_css_animation=&#8221;bounceInRight&#8221; use_custom_fonts_h2=&#8221;true&#8221; btn_button_block=&#8221;true&#8221; btn_add_icon=&#8221;true&#8221; el_class=&#8221;third_bg_color&#8221; css=&#8221;.vc_custom_1569328524675{margin-bottom: 0px !important;}&#8221; h2_el_class=&#8221;uppercase&#8221; btn_link=&#8221;url:http%3A%2F%2Fvalorhconsultoria.com.br%2Fnovo%2Fcontato%2F|||&#8221;][\/vc_cta][\/vc_column][\/vc_row][vc_row css=&#8221;.vc_custom_1450856873482{margin-bottom: 37px !important;}&#8221;][vc_column width=&#8221;1\/3&#8243;][stm_animation_block animation=&#8221;fadeInUp&#8221; animation_duration=&#8221;2.0&#8243; animation_delay=&#8221;0.13&#8243; viewport_position=&#8221;80&#8243;][stm_info_box style=&#8221;style_3&#8243; title_icon=&#8221;stm-badge&#8221; icon=&#8221;fa fa-chevron-right&#8221; [&hellip;]<\/p>","protected":false},"author":3,"featured_media":0,"parent":0,"menu_order":0,"comment_status":"closed","ping_status":"closed","template":"page-inicio.php","meta":{"footnotes":""},"class_list":["post-2143","page","type-page","status-publish","hentry"],"acf":[],"yoast_head":"<!-- This site is optimized with the Yoast SEO plugin v25.9 - https:\/\/yoast.com\/wordpress\/plugins\/seo\/ -->\n<title>ValorH Consultoria e Treinamento | Solu\u00e7\u00f5es em gest\u00e3o de pessoas<\/title>\n<meta name=\"description\" content=\"A ValorH Consultoria e Treinamentos \u00e9 especialista em solu\u00e7\u00f5es de Gest\u00e3o de pessoas e processos e consultoria empresarial, atendemos em todo Brasil\" \/>\n<meta name=\"robots\" content=\"index, follow, max-snippet:-1, max-image-preview:large, max-video-preview:-1\" \/>\n<link rel=\"canonical\" href=\"https:\/\/pt.valorhconsultoria.com\/es\/\" \/>\n<meta property=\"og:locale\" content=\"es_ES\" \/>\n<meta property=\"og:type\" content=\"article\" \/>\n<meta property=\"og:title\" content=\"ValorH Consultoria e Treinamento | Solu\u00e7\u00f5es em gest\u00e3o de pessoas\" \/>\n<meta property=\"og:description\" content=\"A ValorH Consultoria e Treinamentos \u00e9 especialista em solu\u00e7\u00f5es de Gest\u00e3o de pessoas e processos e consultoria empresarial, atendemos em todo Brasil\" \/>\n<meta property=\"og:url\" content=\"https:\/\/pt.valorhconsultoria.com\/es\/\" \/>\n<meta property=\"og:site_name\" content=\"ValorH\" \/>\n<meta property=\"article:publisher\" content=\"https:\/\/www.facebook.com\/valorhconsultoria\/\" \/>\n<meta property=\"article:modified_time\" content=\"2020-05-09T14:46:26+00:00\" \/>\n<meta property=\"og:image\" content=\"https:\/\/pt.valorhconsultoria.com\/wp-content\/uploads\/2018\/09\/blank-img.jpg\" \/>\n\t<meta property=\"og:image:width\" content=\"1280\" \/>\n\t<meta property=\"og:image:height\" content=\"853\" \/>\n\t<meta property=\"og:image:type\" content=\"image\/jpeg\" \/>\n<meta name=\"twitter:card\" content=\"summary_large_image\" \/>\n<meta name=\"twitter:label1\" content=\"Tiempo de lectura\" \/>\n\t<meta name=\"twitter:data1\" content=\"4 minutos\" \/>\n<script type=\"application\/ld+json\" class=\"yoast-schema-graph\">{\"@context\":\"https:\/\/schema.org\",\"@graph\":[{\"@type\":\"WebPage\",\"@id\":\"https:\/\/pt.valorhconsultoria.com\/\",\"url\":\"https:\/\/pt.valorhconsultoria.com\/\",\"name\":\"ValorH Consultoria e Treinamento | Solu\u00e7\u00f5es em gest\u00e3o de pessoas\",\"isPartOf\":{\"@id\":\"https:\/\/pt.valorhconsultoria.com\/#website\"},\"datePublished\":\"2018-11-01T11:59:30+00:00\",\"dateModified\":\"2020-05-09T14:46:26+00:00\",\"description\":\"A ValorH Consultoria e Treinamentos \u00e9 especialista em solu\u00e7\u00f5es de Gest\u00e3o de pessoas e processos e consultoria empresarial, atendemos em todo Brasil\",\"breadcrumb\":{\"@id\":\"https:\/\/pt.valorhconsultoria.com\/#breadcrumb\"},\"inLanguage\":\"es\",\"potentialAction\":[{\"@type\":\"ReadAction\",\"target\":[\"https:\/\/pt.valorhconsultoria.com\/\"]}]},{\"@type\":\"BreadcrumbList\",\"@id\":\"https:\/\/pt.valorhconsultoria.com\/#breadcrumb\",\"itemListElement\":[{\"@type\":\"ListItem\",\"position\":1,\"name\":\"In\u00edcio\",\"item\":\"https:\/\/pt.valorhconsultoria.com\/\"},{\"@type\":\"ListItem\",\"position\":2,\"name\":\"Home\"}]},{\"@type\":\"WebSite\",\"@id\":\"https:\/\/pt.valorhconsultoria.com\/#website\",\"url\":\"https:\/\/pt.valorhconsultoria.com\/\",\"name\":\"ValorH\",\"description\":\"Consultoria e Treinamento\",\"publisher\":{\"@id\":\"https:\/\/pt.valorhconsultoria.com\/#organization\"},\"potentialAction\":[{\"@type\":\"SearchAction\",\"target\":{\"@type\":\"EntryPoint\",\"urlTemplate\":\"https:\/\/pt.valorhconsultoria.com\/?s={search_term_string}\"},\"query-input\":{\"@type\":\"PropertyValueSpecification\",\"valueRequired\":true,\"valueName\":\"search_term_string\"}}],\"inLanguage\":\"es\"},{\"@type\":\"Organization\",\"@id\":\"https:\/\/pt.valorhconsultoria.com\/#organization\",\"name\":\"ValorH Consultoria e Treinamento\",\"url\":\"https:\/\/pt.valorhconsultoria.com\/\",\"logo\":{\"@type\":\"ImageObject\",\"inLanguage\":\"es\",\"@id\":\"https:\/\/pt.valorhconsultoria.com\/#\/schema\/logo\/image\/\",\"url\":\"https:\/\/pt.valorhconsultoria.com\/wp-content\/uploads\/2018\/10\/favicon.png\",\"contentUrl\":\"https:\/\/pt.valorhconsultoria.com\/wp-content\/uploads\/2018\/10\/favicon.png\",\"width\":200,\"height\":199,\"caption\":\"ValorH Consultoria e Treinamento\"},\"image\":{\"@id\":\"https:\/\/pt.valorhconsultoria.com\/#\/schema\/logo\/image\/\"},\"sameAs\":[\"https:\/\/www.facebook.com\/valorhconsultoria\/\",\"https:\/\/www.instagram.com\/valorhconsultoria\/\",\"https:\/\/br.linkedin.com\/in\/valorhconsultoria\"]}]}<\/script>\n<!-- \/ Yoast SEO plugin. -->","yoast_head_json":{"title":"ValorH Consultoria e Treinamento | Solu\u00e7\u00f5es em gest\u00e3o de pessoas","description":"A ValorH Consultoria e Treinamentos \u00e9 especialista em solu\u00e7\u00f5es de Gest\u00e3o de pessoas e processos e consultoria empresarial, atendemos em todo Brasil","robots":{"index":"index","follow":"follow","max-snippet":"max-snippet:-1","max-image-preview":"max-image-preview:large","max-video-preview":"max-video-preview:-1"},"canonical":"https:\/\/pt.valorhconsultoria.com\/es\/","og_locale":"es_ES","og_type":"article","og_title":"ValorH Consultoria e Treinamento | Solu\u00e7\u00f5es em gest\u00e3o de pessoas","og_description":"A ValorH Consultoria e Treinamentos \u00e9 especialista em solu\u00e7\u00f5es de Gest\u00e3o de pessoas e processos e consultoria empresarial, atendemos em todo Brasil","og_url":"https:\/\/pt.valorhconsultoria.com\/es\/","og_site_name":"ValorH","article_publisher":"https:\/\/www.facebook.com\/valorhconsultoria\/","article_modified_time":"2020-05-09T14:46:26+00:00","og_image":[{"width":1280,"height":853,"url":"https:\/\/pt.valorhconsultoria.com\/wp-content\/uploads\/2018\/09\/blank-img.jpg","type":"image\/jpeg"}],"twitter_card":"summary_large_image","twitter_misc":{"Tiempo de lectura":"4 minutos"},"schema":{"@context":"https:\/\/schema.org","@graph":[{"@type":"WebPage","@id":"https:\/\/pt.valorhconsultoria.com\/","url":"https:\/\/pt.valorhconsultoria.com\/","name":"ValorH Consultoria e Treinamento | Solu\u00e7\u00f5es em gest\u00e3o de pessoas","isPartOf":{"@id":"https:\/\/pt.valorhconsultoria.com\/#website"},"datePublished":"2018-11-01T11:59:30+00:00","dateModified":"2020-05-09T14:46:26+00:00","description":"A ValorH Consultoria e Treinamentos \u00e9 especialista em solu\u00e7\u00f5es de Gest\u00e3o de pessoas e processos e consultoria empresarial, atendemos em todo Brasil","breadcrumb":{"@id":"https:\/\/pt.valorhconsultoria.com\/#breadcrumb"},"inLanguage":"es","potentialAction":[{"@type":"ReadAction","target":["https:\/\/pt.valorhconsultoria.com\/"]}]},{"@type":"BreadcrumbList","@id":"https:\/\/pt.valorhconsultoria.com\/#breadcrumb","itemListElement":[{"@type":"ListItem","position":1,"name":"In\u00edcio","item":"https:\/\/pt.valorhconsultoria.com\/"},{"@type":"ListItem","position":2,"name":"Home"}]},{"@type":"WebSite","@id":"https:\/\/pt.valorhconsultoria.com\/#website","url":"https:\/\/pt.valorhconsultoria.com\/","name":"ValorH","description":"Consultor\u00eda y Capacitaci\u00f3n","publisher":{"@id":"https:\/\/pt.valorhconsultoria.com\/#organization"},"potentialAction":[{"@type":"SearchAction","target":{"@type":"EntryPoint","urlTemplate":"https:\/\/pt.valorhconsultoria.com\/?s={search_term_string}"},"query-input":{"@type":"PropertyValueSpecification","valueRequired":true,"valueName":"search_term_string"}}],"inLanguage":"es"},{"@type":"Organization","@id":"https:\/\/pt.valorhconsultoria.com\/#organization","name":"ValorH Consultor\u00eda y Formaci\u00f3n","url":"https:\/\/pt.valorhconsultoria.com\/","logo":{"@type":"ImageObject","inLanguage":"es","@id":"https:\/\/pt.valorhconsultoria.com\/#\/schema\/logo\/image\/","url":"https:\/\/pt.valorhconsultoria.com\/wp-content\/uploads\/2018\/10\/favicon.png","contentUrl":"https:\/\/pt.valorhconsultoria.com\/wp-content\/uploads\/2018\/10\/favicon.png","width":200,"height":199,"caption":"ValorH Consultoria e Treinamento"},"image":{"@id":"https:\/\/pt.valorhconsultoria.com\/#\/schema\/logo\/image\/"},"sameAs":["https:\/\/www.facebook.com\/valorhconsultoria\/","https:\/\/www.instagram.com\/valorhconsultoria\/","https:\/\/br.linkedin.com\/in\/valorhconsultoria"]}]}},"_links":{"self":[{"href":"https:\/\/pt.valorhconsultoria.com\/es\/wp-json\/wp\/v2\/pages\/2143","targetHints":{"allow":["GET"]}}],"collection":[{"href":"https:\/\/pt.valorhconsultoria.com\/es\/wp-json\/wp\/v2\/pages"}],"about":[{"href":"https:\/\/pt.valorhconsultoria.com\/es\/wp-json\/wp\/v2\/types\/page"}],"author":[{"embeddable":true,"href":"https:\/\/pt.valorhconsultoria.com\/es\/wp-json\/wp\/v2\/users\/3"}],"replies":[{"embeddable":true,"href":"https:\/\/pt.valorhconsultoria.com\/es\/wp-json\/wp\/v2\/comments?post=2143"}],"version-history":[{"count":5,"href":"https:\/\/pt.valorhconsultoria.com\/es\/wp-json\/wp\/v2\/pages\/2143\/revisions"}],"predecessor-version":[{"id":23123,"href":"https:\/\/pt.valorhconsultoria.com\/es\/wp-json\/wp\/v2\/pages\/2143\/revisions\/23123"}],"wp:attachment":[{"href":"https:\/\/pt.valorhconsultoria.com\/es\/wp-json\/wp\/v2\/media?parent=2143"}],"curies":[{"name":"gracias","href":"https:\/\/api.w.org\/{rel}","templated":true}]}}