{"id":1716,"date":"2018-09-15T01:04:08","date_gmt":"2018-09-15T04:04:08","guid":{"rendered":"http:\/\/valorhconsultoria.com.br\/\/?page_id=1716"},"modified":"2019-04-29T00:00:30","modified_gmt":"2019-04-29T03:00:30","slug":"analise-e-reorganizacao-de-curriculo","status":"publish","type":"page","link":"https:\/\/pt.valorhconsultoria.com\/es\/analise-e-reorganizacao-de-curriculo\/","title":{"rendered":"An\u00e1lisis y reorganizaci\u00f3n curricular"},"content":{"rendered":"<p>[vc_row][vc_column width=&#8221;2\/3&#8243;][vc_column_text]Com\u00a0\u00a0<em>An\u00e1lisis del curr\u00edculum<\/em>\u00a0Con ValorH puedes aumentar tus posibilidades de ser contratado a trav\u00e9s de un curr\u00edculum m\u00e1s competitivo.<\/p>\n<p style=\"font-weight: 400;\">En este servicio, el candidato tendr\u00e1 su curr\u00edculum analizado por nuestro equipo de Consultores Especializados y reorganizado, buscando resaltar su potencial y experiencias m\u00e1s significativas, para que resulte atractivo al mercado.<\/p>\n<p style=\"font-weight: 400;\">Pautas:<\/p>\n<p style=\"font-weight: 400;\">Luego de realizar el pago, a trav\u00e9s de PagSeguro, el candidato deber\u00e1 enviar su curr\u00edculum en formato Word al correo electr\u00f3nico\u00a0<a href=\"mailto:atendimento@valorhconsultoria.com.br\">atendimento@valorhconsultoria.com.br<\/a>\u00a0para que pueda ser evaluado por nuestro equipo de consultores.<\/p>\n<p style=\"font-weight: 400;\">Tras la revisi\u00f3n inicial, un consultor se pondr\u00e1 en contacto con el candidato por correo electr\u00f3nico para aclarar u obtener informaci\u00f3n sobre su trayectoria profesional. De ser necesario, podr\u00e1 enviarle un cuestionario con preguntas est\u00e1ndar para complementar la informaci\u00f3n necesaria para la elaboraci\u00f3n del documento.<\/p>\n<h2 style=\"font-weight: 400;\">Luego de recopilar toda la informaci\u00f3n, el Consultor elaborar\u00e1 el nuevo CV y lo enviar\u00e1 al candidato en formato Word en un plazo de 5 d\u00edas h\u00e1biles.<\/h2>\n<p style=\"font-weight: 400;\">Para obtener m\u00e1s informaci\u00f3n, cont\u00e1ctenos en:<\/p>\n<p style=\"font-weight: 400;\">Tel\u00e9fono (71) 3359-0778 \/ 3565-1794<\/p>\n<p style=\"font-weight: 400;\">correo electr\u00f3nico:\u00a0<a href=\"mailto:atendimento@valorhconsultoria.com.br\">atendimento@valorhconsultoria.com.br<\/a><\/p>\n<p style=\"font-weight: 400;\">Para contratar este servicio (inversi\u00f3n R$ 79,90) haga clic en el bot\u00f3n de pago seguro a continuaci\u00f3n o cont\u00e1ctenos por tel\u00e9fono \/ correo electr\u00f3nico:<\/p>\n<form action=\"https:\/\/pagseguro.uol.com.br\/checkout\/v2\/payment.html\" method=\"post\"><!-- N\u00c3O EDITE OS COMANDOS DAS LINHAS ABAIXO --> <input name=\"code\" type=\"hidden\" value=\"61421802BCBC761774436F84111F2D8A\" \/> <input alt=\"Pague com PagSeguro - \u00e9 r\u00e1pido, gr\u00e1tis e seguro!\" name=\"submit\" src=\"https:\/\/p.simg.uol.com.br\/out\/pagseguro\/i\/botoes\/pagamentos\/209x48-comprar-assina.gif\" type=\"image\" \/><\/form>\n<p>[\/vc_column_text][\/vc_column][vc_column width=&#8221;1\/3&#8243;][stm_sidebar sidebar=&#8221;573&#8243;][\/vc_column][\/vc_row]<\/p>","protected":false},"excerpt":{"rendered":"<p>[vc_row][vc_column width=&#8221;2\/3&#8243;][vc_column_text]Com\u00a0\u00a0An\u00e1lise de Curr\u00edculo\u00a0da ValorH voc\u00ea pode aumentar suas chances de contrata\u00e7\u00e3o, atrav\u00e9s de\u00a0 um curr\u00edculo mais competitivo Neste servi\u00e7o o candidato ter\u00e1 seu curr\u00edculo analisado por nossa equipe de Consultores Especializados e reorganizado, visando evidenciar suas potencialidades e experi\u00eancias mais significativas, de forma que o mesmo se torne atrativo para o mercado. Orienta\u00e7\u00f5es: Ap\u00f3s [&hellip;]<\/p>","protected":false},"author":3,"featured_media":0,"parent":0,"menu_order":0,"comment_status":"closed","ping_status":"closed","template":"","meta":{"footnotes":""},"class_list":["post-1716","page","type-page","status-publish","hentry"],"acf":[],"yoast_head":"<!-- This site is optimized with the Yoast SEO plugin v27.4 - https:\/\/yoast.com\/product\/yoast-seo-wordpress\/ -->\n<title>ValorH Consultoria e Treinamento | An\u00e1lise e Reorganiza\u00e7\u00e3o de Curr\u00edculo<\/title>\n<meta name=\"description\" content=\"Com\u00a0\u00a0An\u00e1lise e reoganiza\u00e7ao de Curr\u00edculo\u00a0da ValorH voc\u00ea pode aumentar suas chances de contrata\u00e7\u00e3o, atrav\u00e9s de\u00a0 um curr\u00edculo mais competitivo\" \/>\n<meta name=\"robots\" content=\"index, follow, max-snippet:-1, max-image-preview:large, max-video-preview:-1\" \/>\n<link rel=\"canonical\" href=\"https:\/\/pt.valorhconsultoria.com\/es\/analise-e-reorganizacao-de-curriculo\/\" \/>\n<meta property=\"og:locale\" content=\"es_ES\" \/>\n<meta property=\"og:type\" content=\"article\" \/>\n<meta property=\"og:title\" content=\"ValorH Consultoria e Treinamento | An\u00e1lise e Reorganiza\u00e7\u00e3o de Curr\u00edculo\" \/>\n<meta property=\"og:description\" content=\"Com\u00a0\u00a0An\u00e1lise e reoganiza\u00e7ao de Curr\u00edculo\u00a0da ValorH voc\u00ea pode aumentar suas chances de contrata\u00e7\u00e3o, atrav\u00e9s de\u00a0 um curr\u00edculo mais competitivo\" \/>\n<meta property=\"og:url\" content=\"https:\/\/pt.valorhconsultoria.com\/es\/analise-e-reorganizacao-de-curriculo\/\" \/>\n<meta property=\"og:site_name\" content=\"ValorH\" \/>\n<meta property=\"article:publisher\" content=\"https:\/\/www.facebook.com\/valorhconsultoria\/\" \/>\n<meta property=\"article:modified_time\" content=\"2019-04-29T03:00:30+00:00\" \/>\n<meta property=\"og:image\" content=\"https:\/\/pt.valorhconsultoria.com\/wp-content\/uploads\/2018\/09\/blank-img.jpg\" \/>\n\t<meta property=\"og:image:width\" content=\"1280\" \/>\n\t<meta property=\"og:image:height\" content=\"853\" \/>\n\t<meta property=\"og:image:type\" content=\"image\/jpeg\" \/>\n<meta name=\"twitter:card\" content=\"summary_large_image\" \/>\n<meta name=\"twitter:label1\" content=\"Tiempo de lectura\" \/>\n\t<meta name=\"twitter:data1\" content=\"1 minuto\" \/>\n<script type=\"application\/ld+json\" class=\"yoast-schema-graph\">{\"@context\":\"https:\\\/\\\/schema.org\",\"@graph\":[{\"@type\":\"WebPage\",\"@id\":\"https:\\\/\\\/pt.valorhconsultoria.com\\\/analise-e-reorganizacao-de-curriculo\\\/\",\"url\":\"https:\\\/\\\/pt.valorhconsultoria.com\\\/analise-e-reorganizacao-de-curriculo\\\/\",\"name\":\"ValorH Consultoria e Treinamento | An\u00e1lise e Reorganiza\u00e7\u00e3o de Curr\u00edculo\",\"isPartOf\":{\"@id\":\"https:\\\/\\\/pt.valorhconsultoria.com\\\/#website\"},\"datePublished\":\"2018-09-15T04:04:08+00:00\",\"dateModified\":\"2019-04-29T03:00:30+00:00\",\"description\":\"Com\u00a0\u00a0An\u00e1lise e reoganiza\u00e7ao de Curr\u00edculo\u00a0da ValorH voc\u00ea pode aumentar suas chances de contrata\u00e7\u00e3o, atrav\u00e9s de\u00a0 um curr\u00edculo mais competitivo\",\"breadcrumb\":{\"@id\":\"https:\\\/\\\/pt.valorhconsultoria.com\\\/analise-e-reorganizacao-de-curriculo\\\/#breadcrumb\"},\"inLanguage\":\"es\",\"potentialAction\":[{\"@type\":\"ReadAction\",\"target\":[\"https:\\\/\\\/pt.valorhconsultoria.com\\\/analise-e-reorganizacao-de-curriculo\\\/\"]}]},{\"@type\":\"BreadcrumbList\",\"@id\":\"https:\\\/\\\/pt.valorhconsultoria.com\\\/analise-e-reorganizacao-de-curriculo\\\/#breadcrumb\",\"itemListElement\":[{\"@type\":\"ListItem\",\"position\":1,\"name\":\"In\u00edcio\",\"item\":\"https:\\\/\\\/pt.valorhconsultoria.com\\\/\"},{\"@type\":\"ListItem\",\"position\":2,\"name\":\"An\u00e1lise e Reorganiza\u00e7\u00e3o de Curr\u00edculo\"}]},{\"@type\":\"WebSite\",\"@id\":\"https:\\\/\\\/pt.valorhconsultoria.com\\\/#website\",\"url\":\"https:\\\/\\\/pt.valorhconsultoria.com\\\/\",\"name\":\"ValorH\",\"description\":\"Consultoria e Treinamento\",\"publisher\":{\"@id\":\"https:\\\/\\\/pt.valorhconsultoria.com\\\/#organization\"},\"potentialAction\":[{\"@type\":\"SearchAction\",\"target\":{\"@type\":\"EntryPoint\",\"urlTemplate\":\"https:\\\/\\\/pt.valorhconsultoria.com\\\/?s={search_term_string}\"},\"query-input\":{\"@type\":\"PropertyValueSpecification\",\"valueRequired\":true,\"valueName\":\"search_term_string\"}}],\"inLanguage\":\"es\"},{\"@type\":\"Organization\",\"@id\":\"https:\\\/\\\/pt.valorhconsultoria.com\\\/#organization\",\"name\":\"ValorH Consultoria e Treinamento\",\"url\":\"https:\\\/\\\/pt.valorhconsultoria.com\\\/\",\"logo\":{\"@type\":\"ImageObject\",\"inLanguage\":\"es\",\"@id\":\"https:\\\/\\\/pt.valorhconsultoria.com\\\/#\\\/schema\\\/logo\\\/image\\\/\",\"url\":\"https:\\\/\\\/pt.valorhconsultoria.com\\\/wp-content\\\/uploads\\\/2018\\\/10\\\/favicon.png\",\"contentUrl\":\"https:\\\/\\\/pt.valorhconsultoria.com\\\/wp-content\\\/uploads\\\/2018\\\/10\\\/favicon.png\",\"width\":200,\"height\":199,\"caption\":\"ValorH Consultoria e Treinamento\"},\"image\":{\"@id\":\"https:\\\/\\\/pt.valorhconsultoria.com\\\/#\\\/schema\\\/logo\\\/image\\\/\"},\"sameAs\":[\"https:\\\/\\\/www.facebook.com\\\/valorhconsultoria\\\/\",\"https:\\\/\\\/www.instagram.com\\\/valorhconsultoria\\\/\",\"https:\\\/\\\/br.linkedin.com\\\/in\\\/valorhconsultoria\"]}]}<\/script>\n<!-- \/ Yoast SEO plugin. -->","yoast_head_json":{"title":"ValorH Consultoria e Treinamento | An\u00e1lise e Reorganiza\u00e7\u00e3o de Curr\u00edculo","description":"Com\u00a0\u00a0An\u00e1lise e reoganiza\u00e7ao de Curr\u00edculo\u00a0da ValorH voc\u00ea pode aumentar suas chances de contrata\u00e7\u00e3o, atrav\u00e9s de\u00a0 um curr\u00edculo mais competitivo","robots":{"index":"index","follow":"follow","max-snippet":"max-snippet:-1","max-image-preview":"max-image-preview:large","max-video-preview":"max-video-preview:-1"},"canonical":"https:\/\/pt.valorhconsultoria.com\/es\/analise-e-reorganizacao-de-curriculo\/","og_locale":"es_ES","og_type":"article","og_title":"ValorH Consultoria e Treinamento | An\u00e1lise e Reorganiza\u00e7\u00e3o de Curr\u00edculo","og_description":"Com\u00a0\u00a0An\u00e1lise e reoganiza\u00e7ao de Curr\u00edculo\u00a0da ValorH voc\u00ea pode aumentar suas chances de contrata\u00e7\u00e3o, atrav\u00e9s de\u00a0 um curr\u00edculo mais competitivo","og_url":"https:\/\/pt.valorhconsultoria.com\/es\/analise-e-reorganizacao-de-curriculo\/","og_site_name":"ValorH","article_publisher":"https:\/\/www.facebook.com\/valorhconsultoria\/","article_modified_time":"2019-04-29T03:00:30+00:00","og_image":[{"width":1280,"height":853,"url":"https:\/\/pt.valorhconsultoria.com\/wp-content\/uploads\/2018\/09\/blank-img.jpg","type":"image\/jpeg"}],"twitter_card":"summary_large_image","twitter_misc":{"Tiempo de lectura":"1 minuto"},"schema":{"@context":"https:\/\/schema.org","@graph":[{"@type":"WebPage","@id":"https:\/\/pt.valorhconsultoria.com\/analise-e-reorganizacao-de-curriculo\/","url":"https:\/\/pt.valorhconsultoria.com\/analise-e-reorganizacao-de-curriculo\/","name":"ValorH Consultoria e Treinamento | An\u00e1lise e Reorganiza\u00e7\u00e3o de Curr\u00edculo","isPartOf":{"@id":"https:\/\/pt.valorhconsultoria.com\/#website"},"datePublished":"2018-09-15T04:04:08+00:00","dateModified":"2019-04-29T03:00:30+00:00","description":"Com\u00a0\u00a0An\u00e1lise e reoganiza\u00e7ao de Curr\u00edculo\u00a0da ValorH voc\u00ea pode aumentar suas chances de contrata\u00e7\u00e3o, atrav\u00e9s de\u00a0 um curr\u00edculo mais competitivo","breadcrumb":{"@id":"https:\/\/pt.valorhconsultoria.com\/analise-e-reorganizacao-de-curriculo\/#breadcrumb"},"inLanguage":"es","potentialAction":[{"@type":"ReadAction","target":["https:\/\/pt.valorhconsultoria.com\/analise-e-reorganizacao-de-curriculo\/"]}]},{"@type":"BreadcrumbList","@id":"https:\/\/pt.valorhconsultoria.com\/analise-e-reorganizacao-de-curriculo\/#breadcrumb","itemListElement":[{"@type":"ListItem","position":1,"name":"In\u00edcio","item":"https:\/\/pt.valorhconsultoria.com\/"},{"@type":"ListItem","position":2,"name":"An\u00e1lise e Reorganiza\u00e7\u00e3o de Curr\u00edculo"}]},{"@type":"WebSite","@id":"https:\/\/pt.valorhconsultoria.com\/#website","url":"https:\/\/pt.valorhconsultoria.com\/","name":"ValorH","description":"Consultor\u00eda y Capacitaci\u00f3n","publisher":{"@id":"https:\/\/pt.valorhconsultoria.com\/#organization"},"potentialAction":[{"@type":"SearchAction","target":{"@type":"EntryPoint","urlTemplate":"https:\/\/pt.valorhconsultoria.com\/?s={search_term_string}"},"query-input":{"@type":"PropertyValueSpecification","valueRequired":true,"valueName":"search_term_string"}}],"inLanguage":"es"},{"@type":"Organization","@id":"https:\/\/pt.valorhconsultoria.com\/#organization","name":"ValorH Consultor\u00eda y Formaci\u00f3n","url":"https:\/\/pt.valorhconsultoria.com\/","logo":{"@type":"ImageObject","inLanguage":"es","@id":"https:\/\/pt.valorhconsultoria.com\/#\/schema\/logo\/image\/","url":"https:\/\/pt.valorhconsultoria.com\/wp-content\/uploads\/2018\/10\/favicon.png","contentUrl":"https:\/\/pt.valorhconsultoria.com\/wp-content\/uploads\/2018\/10\/favicon.png","width":200,"height":199,"caption":"ValorH Consultoria e Treinamento"},"image":{"@id":"https:\/\/pt.valorhconsultoria.com\/#\/schema\/logo\/image\/"},"sameAs":["https:\/\/www.facebook.com\/valorhconsultoria\/","https:\/\/www.instagram.com\/valorhconsultoria\/","https:\/\/br.linkedin.com\/in\/valorhconsultoria"]}]}},"_links":{"self":[{"href":"https:\/\/pt.valorhconsultoria.com\/es\/wp-json\/wp\/v2\/pages\/1716","targetHints":{"allow":["GET"]}}],"collection":[{"href":"https:\/\/pt.valorhconsultoria.com\/es\/wp-json\/wp\/v2\/pages"}],"about":[{"href":"https:\/\/pt.valorhconsultoria.com\/es\/wp-json\/wp\/v2\/types\/page"}],"author":[{"embeddable":true,"href":"https:\/\/pt.valorhconsultoria.com\/es\/wp-json\/wp\/v2\/users\/3"}],"replies":[{"embeddable":true,"href":"https:\/\/pt.valorhconsultoria.com\/es\/wp-json\/wp\/v2\/comments?post=1716"}],"version-history":[{"count":1,"href":"https:\/\/pt.valorhconsultoria.com\/es\/wp-json\/wp\/v2\/pages\/1716\/revisions"}],"predecessor-version":[{"id":3095,"href":"https:\/\/pt.valorhconsultoria.com\/es\/wp-json\/wp\/v2\/pages\/1716\/revisions\/3095"}],"wp:attachment":[{"href":"https:\/\/pt.valorhconsultoria.com\/es\/wp-json\/wp\/v2\/media?parent=1716"}],"curies":[{"name":"gracias","href":"https:\/\/api.w.org\/{rel}","templated":true}]}}