{"id":11,"date":"2015-12-15T07:37:48","date_gmt":"2015-12-15T07:37:48","guid":{"rendered":"http:\/\/consulting.stylemixthemes.com\/demo\/?page_id=11"},"modified":"2019-10-28T07:42:14","modified_gmt":"2019-10-28T10:42:14","slug":"contato","status":"publish","type":"page","link":"https:\/\/pt.valorhconsultoria.com\/es\/contato\/","title":{"rendered":"Cont\u00e1ctenos"},"content":{"rendered":"<p>[vc_row css=&#8221;.vc_custom_1536977233859{margin-bottom: 41px !important;}&#8221;][vc_column][vc_row_inner][vc_column_inner width=&#8221;2\/3&#8243;][vc_custom_heading text=&#8221;Formul\u00e1rio de Contato Comercial&#8221; font_container=&#8221;tag:h4|text_align:left&#8221; use_theme_fonts=&#8221;yes&#8221; css=&#8221;.vc_custom_1564744072541{margin-bottom: 30px !important;}&#8221;][vc_column_text]<span style=\"color: #ff0000;\">Para candidatura a vagas e d\u00favidas sobre envio de curr\u00edculo acesse a \u00c1REA DO CANDIDATO.<\/span>[\/vc_column_text]\n<div class=\"wpcf7 no-js\" id=\"wpcf7-f508-o1\" lang=\"en-US\" dir=\"ltr\" data-wpcf7-id=\"508\">\n<div class=\"screen-reader-response\"><p role=\"status\" aria-live=\"polite\" aria-atomic=\"true\"><\/p> <ul><\/ul><\/div>\n<form action=\"\/es\/wp-json\/wp\/v2\/pages\/11#wpcf7-f508-o1\" method=\"post\" class=\"wpcf7-form init\" aria-label=\"Contact form\" novalidate=\"novalidate\" data-status=\"init\" data-trp-original-action=\"\/es\/wp-json\/wp\/v2\/pages\/11#wpcf7-f508-o1\">\n<fieldset class=\"hidden-fields-container\"><input type=\"hidden\" name=\"_wpcf7\" value=\"508\" \/><input type=\"hidden\" name=\"_wpcf7_version\" value=\"6.1.4\" \/><input type=\"hidden\" name=\"_wpcf7_locale\" value=\"en_US\" \/><input type=\"hidden\" name=\"_wpcf7_unit_tag\" value=\"wpcf7-f508-o1\" \/><input type=\"hidden\" name=\"_wpcf7_container_post\" value=\"0\" \/><input type=\"hidden\" name=\"_wpcf7_posted_data_hash\" value=\"\" \/><input type=\"hidden\" name=\"_wpcf7_recaptcha_response\" value=\"\" \/>\n<\/fieldset>\n<div class=\"grid-x grid-padding-x\">\n\t<div class=\"small-6 medium-6 large-6 cell\">\n\t\t<p><label>Nombre:<span class=\"wpcf7-form-control-wrap\" data-name=\"text-name\"><input size=\"40\" maxlength=\"400\" class=\"wpcf7-form-control wpcf7-text wpcf7-validates-as-required\" aria-required=\"true\" aria-invalid=\"false\" value=\"\" type=\"text\" name=\"text-name\" \/><\/span><\/label>\n\t\t<\/p>\n\t<\/div>\n\t<div class=\"small-6 medium-6 large-6 cell\">\n\t\t<p><label>Correo electr\u00f3nico:<span class=\"wpcf7-form-control-wrap\" data-name=\"email\"><input size=\"40\" maxlength=\"400\" class=\"wpcf7-form-control wpcf7-email wpcf7-validates-as-required wpcf7-text wpcf7-validates-as-email\" aria-required=\"true\" aria-invalid=\"false\" value=\"\" type=\"email\" name=\"email\" \/><\/span><\/label>\n\t\t<\/p>\n\t<\/div>\n<\/div>\n<div class=\"grid-x grid-padding-x\">\n\t<div class=\"small-6 medium-6 large-6 cell\">\n\t\t<p><label>Tel\u00e9fono:<span class=\"wpcf7-form-control-wrap\" data-name=\"phone\"><input size=\"40\" maxlength=\"400\" class=\"wpcf7-form-control wpcf7-tel wpcf7-validates-as-required wpcf7-text wpcf7-validates-as-tel telefone\" aria-required=\"true\" aria-invalid=\"false\" value=\"\" type=\"tel\" name=\"phone\" \/><\/span><\/label>\n\t\t<\/p>\n\t<\/div>\n\t<div class=\"small-6 medium-6 large-6 cell\">\n\t\t<p><label>Servicio deseado:<span class=\"wpcf7-form-control-wrap\" data-name=\"servico\"><select class=\"wpcf7-form-control wpcf7-select wpcf7-validates-as-required\" aria-required=\"true\" aria-invalid=\"false\" name=\"servico\"><option value=\"\">&#8212;Please choose an option&#8212;<\/option><option value=\"Avalia\u00e7\u00e3o de Desempenho\">Evaluaci\u00f3n de desempe\u00f1o<\/option><option value=\"Avalia\u00e7\u00e3o Psicol\u00f3gica\">Evaluaci\u00f3n Psicol\u00f3gica<\/option><option value=\"Avalia\u00e7\u00e3o Psicossocial\">Evaluaci\u00f3n Psicosocial<\/option><option value=\"BPO de RH\">BPO de recursos humanos<\/option><option value=\"Coaching\">Entrenamiento<\/option><option value=\"Consultoria  Empresarial\">Consultor\u00eda Empresarial<\/option><option value=\"Consultoria Financeira\">Consultor\u00eda financiera<\/option><option value=\"Diagnostico Organizacional\">Diagn\u00f3stico Organizacional<\/option><option value=\"Levantamento de Potencial\">Encuesta potencial<\/option><option value=\"Pesquisa de Clima\">Investigaci\u00f3n clim\u00e1tica<\/option><option value=\"Planos de Cargos e Carreiras\">Planes de posici\u00f3n y carrera<\/option><option value=\"Programa de Desenvolvimento de Lideres e Equipes\">Programa de Liderazgo y Desarrollo de Equipos<\/option><option value=\"Recoloca\u00e7\u00e3o Profissional\">Reubicaci\u00f3n Profesional<\/option><option value=\"Outplacement\">Reubicaci\u00f3n<\/option><option value=\"Recrutamento e Sele\u00e7\u00e3o\">Reclutamiento y Selecci\u00f3n<\/option><option value=\"Mentoria Profissional\">Mentor\u00eda profesional<\/option><option value=\"Treinamentos Comportamentais e T\u00e9cnicos\">Capacitaciones t\u00e9cnicas y de comportamiento<\/option><option value=\"Outros\">Otros<\/option><\/select><\/span><\/label>\n\t\t<\/p>\n\t<\/div>\n<\/div>\n<div class=\"grid-x grid-padding-x\">\n\t<div class=\"small-12 medium-12 large-12 cell\">\n\t\t<p><label>Mensaje:<span class=\"wpcf7-form-control-wrap\" data-name=\"message\"><textarea cols=\"40\" rows=\"10\" maxlength=\"2000\" class=\"wpcf7-form-control wpcf7-textarea wpcf7-validates-as-required\" aria-required=\"true\" aria-invalid=\"false\" name=\"message\"><\/textarea><\/span><\/label>\n\t\t<\/p>\n\t<\/div>\n<\/div>\n<div class=\"grid-x grid-padding-x\">\n\t<div class=\"large-12 cell\">\n\t\t<p><input class=\"wpcf7-form-control wpcf7-submit has-spinner button scale large\" type=\"submit\" value=\"Enviar mensaje\" \/>\n\t\t<\/p>\n\t<\/div>\n<\/div><input type='hidden' class='wpcf7-pum' value='{\"closepopup\":false,\"closedelay\":0,\"openpopup\":false,\"openpopup_id\":0}' \/><div class=\"wpcf7-response-output\" aria-hidden=\"true\"><\/div>\n<input type=\"hidden\" name=\"trp-form-language\" value=\"es\"\/><\/form>\n<\/div>\n[\/vc_column_inner][vc_column_inner width=&#8221;1\/3&#8243; css=&#8221;.vc_custom_1536977787512{background-position: center !important;background-repeat: no-repeat !important;background-size: cover !important;}&#8221;][stm_contacts_widget class=&#8221;overlay_3&#8243; title=&#8221;Fale Conosco&#8221; phone=&#8221;71-3359-0778&#8243; email=&#8221;atendimento@valorhconsultoria.com.br&#8221; css=&#8221;.vc_custom_1541991332442{padding-top: 46px !important;padding-right: 50px !important;padding-bottom: 46px !important;padding-left: 50px !important;background-image: url(https:\/\/pt.valorhconsultoria.com\/\/wp-content\/uploads\/2018\/09\/contact_us_block.jpg?id=1672) !important;}&#8221; facebook=&#8221;https:\/\/www.facebook.com\/valorhconsultoria\/&#8221; linkedin=&#8221;https:\/\/www.linkedin.com\/company\/valorh-consultoria-e-treinamento\/&#8221;][\/vc_column_inner][\/vc_row_inner][\/vc_column][\/vc_row][vc_row full_width=&#8221;stretch_row_content&#8221; css=&#8221;.vc_custom_1536977270481{margin-top: 0px !important;margin-bottom: 41px !important;padding-top: 0px !important;}&#8221;][vc_column][vc_gmaps link=&#8221;#E-8_JTNDaWZyYW1lJTIwc3JjJTNEJTIyaHR0cHMlM0ElMkYlMkZ3d3cuZ29vZ2xlLmNvbSUyRm1hcHMlMkZlbWJlZCUzRnBiJTNEJTIxMW0xOCUyMTFtMTIlMjExbTMlMjExZDczMzAuOTMzNzMxMjE3ODQzJTIxMmQtMzguNDU5MTI0NTk1MzQ3OSUyMTNkLTEyLjk5MTM1MzQ1NjAzOTE3NiUyMTJtMyUyMTFmMCUyMTJmMCUyMTNmMCUyMTNtMiUyMTFpMTAyNCUyMTJpNzY4JTIxNGYxMy4xJTIxM20zJTIxMW0yJTIxMXMweDcxNjFiMTMxNmE3MTA2MSUyNTNBMHg5YjFkMzJmNTVhMWNkMGIwJTIxMnNWYWxvckglMkJDb25zdWx0b3JpYSUyQmUlMkJUcmVpbmFtZW50byUyMTVlMCUyMTNtMiUyMTFzcHQtQlIlMjEyc2JyJTIxNHYxNTM2OTc2NzIwNTU3JTIyJTIwd2lkdGglM0QlMjI2MDAlMjIlMjBoZWlnaHQlM0QlMjI0NTAlMjIlMjBmcmFtZWJvcmRlciUzRCUyMjAlMjIlMjBzdHlsZSUzRCUyMmJvcmRlciUzQTAlMjIlMjBhbGxvd2Z1bGxzY3JlZW4lM0UlM0MlMkZpZnJhbWUlM0U=&#8221; size=&#8221;400px&#8221;][\/vc_column][\/vc_row][vc_row full_width=&#8221;stretch_row&#8221; el_class=&#8221;third_bg_color&#8221; css=&#8221;.vc_custom_1451889219674{margin-bottom: -60px !important;}&#8221;][vc_column][vc_cta h2=&#8221;Interessado em nossos servi\u00e7os? Realize um or\u00e7amento conosco!&#8221; h2_font_container=&#8221;font_size:20px|color:%23ffffff|line_height:24px&#8221; h2_use_theme_fonts=&#8221;yes&#8221; shape=&#8221;square&#8221; style=&#8221;flat&#8221; add_button=&#8221;right&#8221; btn_title=&#8221;Clique Aqui&#8221; btn_style=&#8221;flat&#8221; btn_color=&#8221;theme_style_2&#8243; btn_align=&#8221;right&#8221; btn_i_align=&#8221;right&#8221; btn_i_icon_fontawesome=&#8221;fa fa-chevron-right&#8221; use_custom_fonts_h2=&#8221;true&#8221; btn_button_block=&#8221;true&#8221; btn_add_icon=&#8221;true&#8221; el_class=&#8221;third_bg_color&#8221; css=&#8221;.vc_custom_1539811896138{margin-bottom: 0px !important;}&#8221; btn_link=&#8221;url:http%3A%2F%2Fvalorhconsultoria.com.br%2Fnovo%2Forcamento%2F|||&#8221;][\/vc_cta][\/vc_column][\/vc_row]<\/p>","protected":false},"excerpt":{"rendered":"<p>[vc_row css=&#8221;.vc_custom_1536977233859{margin-bottom: 41px !important;}&#8221;][vc_column][vc_row_inner][vc_column_inner width=&#8221;2\/3&#8243;][vc_custom_heading text=&#8221;Formul\u00e1rio de Contato Comercial&#8221; font_container=&#8221;tag:h4|text_align:left&#8221; use_theme_fonts=&#8221;yes&#8221; css=&#8221;.vc_custom_1564744072541{margin-bottom: 30px !important;}&#8221;][vc_column_text]Para candidatura a vagas e d\u00favidas sobre envio de curr\u00edculo acesse a \u00c1REA DO CANDIDATO.[\/vc_column_text][\/vc_column_inner][vc_column_inner width=&#8221;1\/3&#8243; css=&#8221;.vc_custom_1536977787512{background-position: center !important;background-repeat: no-repeat !important;background-size: cover !important;}&#8221;][stm_contacts_widget class=&#8221;overlay_3&#8243; title=&#8221;Fale Conosco&#8221; phone=&#8221;71-3359-0778&#8243; email=&#8221;atendimento@valorhconsultoria.com.br&#8221; css=&#8221;.vc_custom_1541991332442{padding-top: 46px !important;padding-right: 50px !important;padding-bottom: 46px !important;padding-left: 50px !important;background-image: url(https:\/\/pt.valorhconsultoria.com\/\/wp-content\/uploads\/2018\/09\/contact_us_block.jpg?id=1672) !important;}&#8221; facebook=&#8221;https:\/\/www.facebook.com\/valorhconsultoria\/&#8221; linkedin=&#8221;https:\/\/www.linkedin.com\/company\/valorh-consultoria-e-treinamento\/&#8221;][\/vc_column_inner][\/vc_row_inner][\/vc_column][\/vc_row][vc_row full_width=&#8221;stretch_row_content&#8221; [&hellip;]<\/p>","protected":false},"author":3,"featured_media":0,"parent":0,"menu_order":0,"comment_status":"closed","ping_status":"closed","template":"","meta":{"footnotes":""},"class_list":["post-11","page","type-page","status-publish","hentry"],"acf":[],"yoast_head":"<!-- This site is optimized with the Yoast SEO plugin v25.9 - https:\/\/yoast.com\/wordpress\/plugins\/seo\/ -->\n<title>ValorH Consultoria e Treinamento | Solu\u00e7\u00f5es em Pessoas e Processos<\/title>\n<meta name=\"description\" content=\"A ValorH Consultoria e Treinamentos \u00e9 uma empresa especializada em gest\u00e3o de de pessoas e processos, oferecendo solu\u00e7\u00f5es inovadoras\" \/>\n<meta name=\"robots\" content=\"index, follow, max-snippet:-1, max-image-preview:large, max-video-preview:-1\" \/>\n<link rel=\"canonical\" href=\"https:\/\/pt.valorhconsultoria.com\/es\/contato\/\" \/>\n<meta property=\"og:locale\" content=\"es_ES\" \/>\n<meta property=\"og:type\" content=\"article\" \/>\n<meta property=\"og:title\" content=\"ValorH Consultoria e Treinamento | Solu\u00e7\u00f5es em Pessoas e Processos\" \/>\n<meta property=\"og:description\" content=\"A ValorH Consultoria e Treinamentos \u00e9 uma empresa especializada em gest\u00e3o de de pessoas e processos, oferecendo solu\u00e7\u00f5es inovadoras\" \/>\n<meta property=\"og:url\" content=\"https:\/\/pt.valorhconsultoria.com\/es\/contato\/\" \/>\n<meta property=\"og:site_name\" content=\"ValorH\" \/>\n<meta property=\"article:publisher\" content=\"https:\/\/www.facebook.com\/valorhconsultoria\/\" \/>\n<meta property=\"article:modified_time\" content=\"2019-10-28T10:42:14+00:00\" \/>\n<meta property=\"og:image\" content=\"https:\/\/pt.valorhconsultoria.com\/wp-content\/uploads\/2018\/09\/blank-img.jpg\" \/>\n\t<meta property=\"og:image:width\" content=\"1280\" \/>\n\t<meta property=\"og:image:height\" content=\"853\" \/>\n\t<meta property=\"og:image:type\" content=\"image\/jpeg\" \/>\n<meta name=\"twitter:card\" content=\"summary_large_image\" \/>\n<meta name=\"twitter:label1\" content=\"Tiempo de lectura\" \/>\n\t<meta name=\"twitter:data1\" content=\"2 minutos\" \/>\n<script type=\"application\/ld+json\" class=\"yoast-schema-graph\">{\"@context\":\"https:\/\/schema.org\",\"@graph\":[{\"@type\":\"WebPage\",\"@id\":\"https:\/\/pt.valorhconsultoria.com\/contato\/\",\"url\":\"https:\/\/pt.valorhconsultoria.com\/contato\/\",\"name\":\"ValorH Consultoria e Treinamento | Solu\u00e7\u00f5es em Pessoas e Processos\",\"isPartOf\":{\"@id\":\"https:\/\/pt.valorhconsultoria.com\/#website\"},\"datePublished\":\"2015-12-15T07:37:48+00:00\",\"dateModified\":\"2019-10-28T10:42:14+00:00\",\"description\":\"A ValorH Consultoria e Treinamentos \u00e9 uma empresa especializada em gest\u00e3o de de pessoas e processos, oferecendo solu\u00e7\u00f5es inovadoras\",\"breadcrumb\":{\"@id\":\"https:\/\/pt.valorhconsultoria.com\/contato\/#breadcrumb\"},\"inLanguage\":\"es\",\"potentialAction\":[{\"@type\":\"ReadAction\",\"target\":[\"https:\/\/pt.valorhconsultoria.com\/contato\/\"]}]},{\"@type\":\"BreadcrumbList\",\"@id\":\"https:\/\/pt.valorhconsultoria.com\/contato\/#breadcrumb\",\"itemListElement\":[{\"@type\":\"ListItem\",\"position\":1,\"name\":\"In\u00edcio\",\"item\":\"https:\/\/pt.valorhconsultoria.com\/\"},{\"@type\":\"ListItem\",\"position\":2,\"name\":\"Fale conosco\"}]},{\"@type\":\"WebSite\",\"@id\":\"https:\/\/pt.valorhconsultoria.com\/#website\",\"url\":\"https:\/\/pt.valorhconsultoria.com\/\",\"name\":\"ValorH\",\"description\":\"Consultoria e Treinamento\",\"publisher\":{\"@id\":\"https:\/\/pt.valorhconsultoria.com\/#organization\"},\"potentialAction\":[{\"@type\":\"SearchAction\",\"target\":{\"@type\":\"EntryPoint\",\"urlTemplate\":\"https:\/\/pt.valorhconsultoria.com\/?s={search_term_string}\"},\"query-input\":{\"@type\":\"PropertyValueSpecification\",\"valueRequired\":true,\"valueName\":\"search_term_string\"}}],\"inLanguage\":\"es\"},{\"@type\":\"Organization\",\"@id\":\"https:\/\/pt.valorhconsultoria.com\/#organization\",\"name\":\"ValorH Consultoria e Treinamento\",\"url\":\"https:\/\/pt.valorhconsultoria.com\/\",\"logo\":{\"@type\":\"ImageObject\",\"inLanguage\":\"es\",\"@id\":\"https:\/\/pt.valorhconsultoria.com\/#\/schema\/logo\/image\/\",\"url\":\"https:\/\/pt.valorhconsultoria.com\/wp-content\/uploads\/2018\/10\/favicon.png\",\"contentUrl\":\"https:\/\/pt.valorhconsultoria.com\/wp-content\/uploads\/2018\/10\/favicon.png\",\"width\":200,\"height\":199,\"caption\":\"ValorH Consultoria e Treinamento\"},\"image\":{\"@id\":\"https:\/\/pt.valorhconsultoria.com\/#\/schema\/logo\/image\/\"},\"sameAs\":[\"https:\/\/www.facebook.com\/valorhconsultoria\/\",\"https:\/\/www.instagram.com\/valorhconsultoria\/\",\"https:\/\/br.linkedin.com\/in\/valorhconsultoria\"]}]}<\/script>\n<!-- \/ Yoast SEO plugin. -->","yoast_head_json":{"title":"ValorH Consultoria e Treinamento | Solu\u00e7\u00f5es em Pessoas e Processos","description":"A ValorH Consultoria e Treinamentos \u00e9 uma empresa especializada em gest\u00e3o de de pessoas e processos, oferecendo solu\u00e7\u00f5es inovadoras","robots":{"index":"index","follow":"follow","max-snippet":"max-snippet:-1","max-image-preview":"max-image-preview:large","max-video-preview":"max-video-preview:-1"},"canonical":"https:\/\/pt.valorhconsultoria.com\/es\/contato\/","og_locale":"es_ES","og_type":"article","og_title":"ValorH Consultoria e Treinamento | Solu\u00e7\u00f5es em Pessoas e Processos","og_description":"A ValorH Consultoria e Treinamentos \u00e9 uma empresa especializada em gest\u00e3o de de pessoas e processos, oferecendo solu\u00e7\u00f5es inovadoras","og_url":"https:\/\/pt.valorhconsultoria.com\/es\/contato\/","og_site_name":"ValorH","article_publisher":"https:\/\/www.facebook.com\/valorhconsultoria\/","article_modified_time":"2019-10-28T10:42:14+00:00","og_image":[{"width":1280,"height":853,"url":"https:\/\/pt.valorhconsultoria.com\/wp-content\/uploads\/2018\/09\/blank-img.jpg","type":"image\/jpeg"}],"twitter_card":"summary_large_image","twitter_misc":{"Tiempo de lectura":"2 minutos"},"schema":{"@context":"https:\/\/schema.org","@graph":[{"@type":"WebPage","@id":"https:\/\/pt.valorhconsultoria.com\/contato\/","url":"https:\/\/pt.valorhconsultoria.com\/contato\/","name":"ValorH Consultoria e Treinamento | Solu\u00e7\u00f5es em Pessoas e Processos","isPartOf":{"@id":"https:\/\/pt.valorhconsultoria.com\/#website"},"datePublished":"2015-12-15T07:37:48+00:00","dateModified":"2019-10-28T10:42:14+00:00","description":"A ValorH Consultoria e Treinamentos \u00e9 uma empresa especializada em gest\u00e3o de de pessoas e processos, oferecendo solu\u00e7\u00f5es inovadoras","breadcrumb":{"@id":"https:\/\/pt.valorhconsultoria.com\/contato\/#breadcrumb"},"inLanguage":"es","potentialAction":[{"@type":"ReadAction","target":["https:\/\/pt.valorhconsultoria.com\/contato\/"]}]},{"@type":"BreadcrumbList","@id":"https:\/\/pt.valorhconsultoria.com\/contato\/#breadcrumb","itemListElement":[{"@type":"ListItem","position":1,"name":"In\u00edcio","item":"https:\/\/pt.valorhconsultoria.com\/"},{"@type":"ListItem","position":2,"name":"Fale conosco"}]},{"@type":"WebSite","@id":"https:\/\/pt.valorhconsultoria.com\/#website","url":"https:\/\/pt.valorhconsultoria.com\/","name":"ValorH","description":"Consultor\u00eda y Capacitaci\u00f3n","publisher":{"@id":"https:\/\/pt.valorhconsultoria.com\/#organization"},"potentialAction":[{"@type":"SearchAction","target":{"@type":"EntryPoint","urlTemplate":"https:\/\/pt.valorhconsultoria.com\/?s={search_term_string}"},"query-input":{"@type":"PropertyValueSpecification","valueRequired":true,"valueName":"search_term_string"}}],"inLanguage":"es"},{"@type":"Organization","@id":"https:\/\/pt.valorhconsultoria.com\/#organization","name":"ValorH Consultor\u00eda y Formaci\u00f3n","url":"https:\/\/pt.valorhconsultoria.com\/","logo":{"@type":"ImageObject","inLanguage":"es","@id":"https:\/\/pt.valorhconsultoria.com\/#\/schema\/logo\/image\/","url":"https:\/\/pt.valorhconsultoria.com\/wp-content\/uploads\/2018\/10\/favicon.png","contentUrl":"https:\/\/pt.valorhconsultoria.com\/wp-content\/uploads\/2018\/10\/favicon.png","width":200,"height":199,"caption":"ValorH Consultoria e Treinamento"},"image":{"@id":"https:\/\/pt.valorhconsultoria.com\/#\/schema\/logo\/image\/"},"sameAs":["https:\/\/www.facebook.com\/valorhconsultoria\/","https:\/\/www.instagram.com\/valorhconsultoria\/","https:\/\/br.linkedin.com\/in\/valorhconsultoria"]}]}},"_links":{"self":[{"href":"https:\/\/pt.valorhconsultoria.com\/es\/wp-json\/wp\/v2\/pages\/11","targetHints":{"allow":["GET"]}}],"collection":[{"href":"https:\/\/pt.valorhconsultoria.com\/es\/wp-json\/wp\/v2\/pages"}],"about":[{"href":"https:\/\/pt.valorhconsultoria.com\/es\/wp-json\/wp\/v2\/types\/page"}],"author":[{"embeddable":true,"href":"https:\/\/pt.valorhconsultoria.com\/es\/wp-json\/wp\/v2\/users\/3"}],"replies":[{"embeddable":true,"href":"https:\/\/pt.valorhconsultoria.com\/es\/wp-json\/wp\/v2\/comments?post=11"}],"version-history":[{"count":2,"href":"https:\/\/pt.valorhconsultoria.com\/es\/wp-json\/wp\/v2\/pages\/11\/revisions"}],"predecessor-version":[{"id":4402,"href":"https:\/\/pt.valorhconsultoria.com\/es\/wp-json\/wp\/v2\/pages\/11\/revisions\/4402"}],"wp:attachment":[{"href":"https:\/\/pt.valorhconsultoria.com\/es\/wp-json\/wp\/v2\/media?parent=11"}],"curies":[{"name":"gracias","href":"https:\/\/api.w.org\/{rel}","templated":true}]}}